










{"id":35,"date":"2017-09-14T04:26:20","date_gmt":"2017-09-14T04:26:20","guid":{"rendered":"https:\/\/bizhostvn.com\/w\/duocpham\/?page_id=35"},"modified":"2025-11-11T11:25:20","modified_gmt":"2025-11-11T04:25:20","slug":"lien-he","status":"publish","type":"page","link":"https:\/\/quangminhphat.com.vn\/vi\/lien-he\/","title":{"rendered":"Li\u00ean h\u1ec7"},"content":{"rendered":"<div style=\"color: #0073aa;\"><style>.thong-tin-lien-he * {color: #0073aa !important;}<\/style>\n<div class=\"thong-tin-lien-he\">\n<p><strong>Tr\u1ee5 s\u1edf ch\u00ednh: C\u00d4NG TY TNHH T\u01af V\u1ea4N QUANG MINH PH\u00c1T<\/strong><\/p>\n<p>&#8211; \u0110i\u1ec7n tho\u1ea1i: 0348.031.222 &#8211; 0934.83.2002<\/p>\n<p>&#8211; Email: quangminhphattv@gmail.com<\/p>\n<\/div>\n<\/div>\n<div class=\"row align-center\"  id=\"row-2098455206\">\n\n\n\t<div id=\"col-1104490824\" class=\"col medium-6 small-12 large-6\"  >\n\t\t<div class=\"col-inner text-center\"  >\n\t\t\t\n\t\t\t\n\n\t<div class=\"img has-hover x md-x lg-x y md-y lg-y\" id=\"image_23875772\">\n\t\t\t\t\t\t\t\t<div class=\"img-inner dark\" >\n\t\t\t<img loading=\"lazy\" decoding=\"async\" width=\"278\" height=\"278\" src=\"https:\/\/quangminhphat.com.vn\/wp-content\/uploads\/2025\/11\/zalo1-1.png\" class=\"attachment-large size-large\" alt=\"\" srcset=\"https:\/\/quangminhphat.com.vn\/wp-content\/uploads\/2025\/11\/zalo1-1.png 278w, https:\/\/quangminhphat.com.vn\/wp-content\/uploads\/2025\/11\/zalo1-1-150x150.png 150w, https:\/\/quangminhphat.com.vn\/wp-content\/uploads\/2025\/11\/zalo1-1-100x100.png 100w\" sizes=\"auto, (max-width: 278px) 100vw, 278px\" \/>\t\t\t\t\t\t\n\t\t\t\t\t<\/div>\n\t\t\t\t\t\t\t\t\n<style>\n#image_23875772 {\n  width: 28%;\n}\n<\/style>\n\t<\/div>\n\t\n\n<p><b>\u00a0 T\u00e0i kho\u1ea3n Zalo<\/b><\/p>\n\n\t\t<\/div>\n\t\t\t<\/div>\n\n\t\n\n\t<div id=\"col-813009115\" class=\"col medium-6 small-12 large-6\"  >\n\t\t<div class=\"col-inner\"  >\n\t\t\t\n\t\t\t\n\n\t<div class=\"img has-hover x md-x lg-x y md-y lg-y\" id=\"image_453721196\">\n\t\t\t\t\t\t\t\t<div class=\"img-inner dark\" >\n\t\t\t<img loading=\"lazy\" decoding=\"async\" width=\"278\" height=\"278\" src=\"https:\/\/quangminhphat.com.vn\/wp-content\/uploads\/2025\/11\/ngan-hang.png\" class=\"attachment-large size-large\" alt=\"\" srcset=\"https:\/\/quangminhphat.com.vn\/wp-content\/uploads\/2025\/11\/ngan-hang.png 278w, https:\/\/quangminhphat.com.vn\/wp-content\/uploads\/2025\/11\/ngan-hang-150x150.png 150w, https:\/\/quangminhphat.com.vn\/wp-content\/uploads\/2025\/11\/ngan-hang-100x100.png 100w\" sizes=\"auto, (max-width: 278px) 100vw, 278px\" \/>\t\t\t\t\t\t\n\t\t\t\t\t<\/div>\n\t\t\t\t\t\t\t\t\n<style>\n#image_453721196 {\n  width: 28%;\n}\n<\/style>\n\t<\/div>\n\t\n\n<p><b>T\u00e0i kho\u1ea3n ng\u00e2n h\u00e0ng<\/b><\/p>\n\n\t\t<\/div>\n\t\t\t<\/div>\n\n\t\n\n<\/div>\n<h3 class=\"tieu-de\" style=\"text-align: center;\"><b><\/b>S\u1ea2N PH\u1ea8M T\u1ed0T NH\u1ea4T<b><\/b><\/h3>\n<div id=\"gtx-trans\" style=\"position: absolute; left: 382px; top: -4.21212px;\">\n<div class=\"gtx-trans-icon\">\u00a0<\/div>\n<\/div>\n<div class=\"woocommerce columns-4\"><div class=\"products row row-small large-columns-4 medium-columns-3 small-columns-1\">\n\n<div class=\"product-small col has-hover product type-product post-1475 status-publish first instock product_cat-chua-phan-loai has-post-thumbnail shipping-taxable purchasable product-type-simple\">\n\t<div class=\"col-inner\">\n\t\n<div class=\"badge-container absolute left top z-1\">\n<\/div>\n\t<div class=\"product-small box\">\n\t\t<div class=\"box-image\">\n\t\t\t<div class=\"image-none\">\n\t\t\t\t<a href=\"https:\/\/quangminhphat.com.vn\/vi\/cua-hang\/set-sum-vay\/\">\n\t\t\t\t\t<img loading=\"lazy\" decoding=\"async\" width=\"300\" height=\"300\" src=\"https:\/\/quangminhphat.com.vn\/wp-content\/uploads\/2026\/03\/Set-Tet-Sum-Vay-300x300.jpg\" class=\"attachment-woocommerce_thumbnail size-woocommerce_thumbnail\" alt=\"Set Sum V\u1ea7y\" srcset=\"https:\/\/quangminhphat.com.vn\/wp-content\/uploads\/2026\/03\/Set-Tet-Sum-Vay-300x300.jpg 300w, https:\/\/quangminhphat.com.vn\/wp-content\/uploads\/2026\/03\/Set-Tet-Sum-Vay-150x150.jpg 150w, https:\/\/quangminhphat.com.vn\/wp-content\/uploads\/2026\/03\/Set-Tet-Sum-Vay-100x100.jpg 100w\" sizes=\"auto, (max-width: 300px) 100vw, 300px\" \/>\t\t\t\t<\/a>\n\t\t\t<\/div>\n\t\t\t<div class=\"image-tools is-small top right show-on-hover\">\n\t\t\t\t\t\t\t<\/div>\n\t\t\t<div class=\"image-tools is-small hide-for-small bottom left show-on-hover\">\n\t\t\t\t\t\t\t<\/div>\n\t\t\t<div class=\"image-tools grid-tools text-center hide-for-small bottom hover-slide-in show-on-hover\">\n\t\t\t\t\t\t\t<\/div>\n\t\t\t\t\t<\/div>\n\n\t\t<div class=\"box-text box-text-products text-center grid-style-2\">\n\t\t\t<div class=\"title-wrapper\"><p class=\"name product-title woocommerce-loop-product__title\"><a href=\"https:\/\/quangminhphat.com.vn\/vi\/cua-hang\/set-sum-vay\/\">Set Sum V\u1ea7y<\/a><\/p><\/div><div class=\"price-wrapper\">1 set g\u1ed3m : - 1 chai r\u01b0\u1ee3u l\u00e1 s\u00e2m ng\u1ecdc linh m\u1eabu c\u0169 500ml, - 1 h\u1ed9p tr\u00e0 t\u00fai&hellip;\n\t<span class=\"price\"><span class=\"woocommerce-Price-amount amount\"><bdi>990.000<span class=\"woocommerce-Price-currencySymbol\">&#8363;<\/span><\/bdi><\/span><\/span>\n<\/div>\t\t<\/div>\n\t<\/div>\n\t\t<\/div>\n<\/div>\n\n<div class=\"product-small col has-hover product type-product post-1114 status-publish instock product_cat-chua-phan-loai has-post-thumbnail shipping-taxable product-type-simple\">\n\t<div class=\"col-inner\">\n\t\n<div class=\"badge-container absolute left top z-1\">\n<\/div>\n\t<div class=\"product-small box\">\n\t\t<div class=\"box-image\">\n\t\t\t<div class=\"image-none\">\n\t\t\t\t<a href=\"https:\/\/quangminhphat.com.vn\/vi\/cua-hang\/sam-tuoi\/\">\n\t\t\t\t\t<img loading=\"lazy\" decoding=\"async\" width=\"300\" height=\"300\" src=\"https:\/\/quangminhphat.com.vn\/wp-content\/uploads\/2025\/11\/Cu-sam-tuoi-300x300.png\" class=\"attachment-woocommerce_thumbnail size-woocommerce_thumbnail\" alt=\"S\u00e2m t\u01b0\u01a1i\" srcset=\"https:\/\/quangminhphat.com.vn\/wp-content\/uploads\/2025\/11\/Cu-sam-tuoi-300x300.png 300w, https:\/\/quangminhphat.com.vn\/wp-content\/uploads\/2025\/11\/Cu-sam-tuoi-1024x1024.png 1024w, https:\/\/quangminhphat.com.vn\/wp-content\/uploads\/2025\/11\/Cu-sam-tuoi-150x150.png 150w, https:\/\/quangminhphat.com.vn\/wp-content\/uploads\/2025\/11\/Cu-sam-tuoi-768x768.png 768w, https:\/\/quangminhphat.com.vn\/wp-content\/uploads\/2025\/11\/Cu-sam-tuoi-600x600.png 600w, https:\/\/quangminhphat.com.vn\/wp-content\/uploads\/2025\/11\/Cu-sam-tuoi-100x100.png 100w, https:\/\/quangminhphat.com.vn\/wp-content\/uploads\/2025\/11\/Cu-sam-tuoi.png 1080w\" sizes=\"auto, (max-width: 300px) 100vw, 300px\" \/>\t\t\t\t<\/a>\n\t\t\t<\/div>\n\t\t\t<div class=\"image-tools is-small top right show-on-hover\">\n\t\t\t\t\t\t\t<\/div>\n\t\t\t<div class=\"image-tools is-small hide-for-small bottom left show-on-hover\">\n\t\t\t\t\t\t\t<\/div>\n\t\t\t<div class=\"image-tools grid-tools text-center hide-for-small bottom hover-slide-in show-on-hover\">\n\t\t\t\t\t\t\t<\/div>\n\t\t\t\t\t<\/div>\n\n\t\t<div class=\"box-text box-text-products text-center grid-style-2\">\n\t\t\t<div class=\"title-wrapper\"><p class=\"name product-title woocommerce-loop-product__title\"><a href=\"https:\/\/quangminhphat.com.vn\/vi\/cua-hang\/sam-tuoi\/\">S\u00e2m t\u01b0\u01a1i<\/a><\/p><\/div><div class=\"price-wrapper\">S\u00e2m Ng\u1ecdc Linh c\u1ee7a Vinsam Qu\u1ea3ng Nam \u0111\u01b0\u1ee3c tr\u1ed3ng d\u01b0\u1edbi t\u00e1n r\u1eebng gi\u00e0 nguy\u00ean sinh tr\u00ean \u0111\u1ec9nh n\u00fai Ng\u1ecdc Linh,&hellip;\n<\/div>\t\t<\/div>\n\t<\/div>\n\t\t<\/div>\n<\/div>\n\n<div class=\"product-small col has-hover product type-product post-1142 status-publish instock product_cat-chua-phan-loai has-post-thumbnail shipping-taxable purchasable product-type-simple\">\n\t<div class=\"col-inner\">\n\t\n<div class=\"badge-container absolute left top z-1\">\n<\/div>\n\t<div class=\"product-small box\">\n\t\t<div class=\"box-image\">\n\t\t\t<div class=\"image-none\">\n\t\t\t\t<a href=\"https:\/\/quangminhphat.com.vn\/vi\/cua-hang\/ruou-cu-sam-ngoc-linh-chai-500ml\/\">\n\t\t\t\t\t<img loading=\"lazy\" decoding=\"async\" width=\"300\" height=\"300\" src=\"https:\/\/quangminhphat.com.vn\/wp-content\/uploads\/2025\/11\/541462588_122308589198011456_3267461602491620772_n-1-300x300.jpg\" class=\"attachment-woocommerce_thumbnail size-woocommerce_thumbnail\" alt=\"R\u01b0\u1ee3u C\u1ee7 S\u00e2m Ng\u1ecdc Linh (chai 500ml)\" srcset=\"https:\/\/quangminhphat.com.vn\/wp-content\/uploads\/2025\/11\/541462588_122308589198011456_3267461602491620772_n-1-300x300.jpg 300w, https:\/\/quangminhphat.com.vn\/wp-content\/uploads\/2025\/11\/541462588_122308589198011456_3267461602491620772_n-1-1024x1024.jpg 1024w, https:\/\/quangminhphat.com.vn\/wp-content\/uploads\/2025\/11\/541462588_122308589198011456_3267461602491620772_n-1-150x150.jpg 150w, https:\/\/quangminhphat.com.vn\/wp-content\/uploads\/2025\/11\/541462588_122308589198011456_3267461602491620772_n-1-768x768.jpg 768w, https:\/\/quangminhphat.com.vn\/wp-content\/uploads\/2025\/11\/541462588_122308589198011456_3267461602491620772_n-1-12x12.jpg 12w, https:\/\/quangminhphat.com.vn\/wp-content\/uploads\/2025\/11\/541462588_122308589198011456_3267461602491620772_n-1-600x600.jpg 600w, https:\/\/quangminhphat.com.vn\/wp-content\/uploads\/2025\/11\/541462588_122308589198011456_3267461602491620772_n-1-100x100.jpg 100w, https:\/\/quangminhphat.com.vn\/wp-content\/uploads\/2025\/11\/541462588_122308589198011456_3267461602491620772_n-1.jpg 1080w\" sizes=\"auto, (max-width: 300px) 100vw, 300px\" \/>\t\t\t\t<\/a>\n\t\t\t<\/div>\n\t\t\t<div class=\"image-tools is-small top right show-on-hover\">\n\t\t\t\t\t\t\t<\/div>\n\t\t\t<div class=\"image-tools is-small hide-for-small bottom left show-on-hover\">\n\t\t\t\t\t\t\t<\/div>\n\t\t\t<div class=\"image-tools grid-tools text-center hide-for-small bottom hover-slide-in show-on-hover\">\n\t\t\t\t\t\t\t<\/div>\n\t\t\t\t\t<\/div>\n\n\t\t<div class=\"box-text box-text-products text-center grid-style-2\">\n\t\t\t<div class=\"title-wrapper\"><p class=\"name product-title woocommerce-loop-product__title\"><a href=\"https:\/\/quangminhphat.com.vn\/vi\/cua-hang\/ruou-cu-sam-ngoc-linh-chai-500ml\/\">R\u01b0\u1ee3u C\u1ee7 S\u00e2m Ng\u1ecdc Linh (chai 500ml)<\/a><\/p><\/div><div class=\"price-wrapper\">R\u01b0\u1ee3u c\u1ee7 Ti\u1ec3u Di\u1ec7p T\u1eedu l\u00e0 s\u1ef1 k\u1ebft h\u1ee3p ho\u00e0n h\u1ea3o gi\u1eefa r\u01b0\u1ee3u l\u00faa r\u1eaby v\u00e0 c\u1ee7 c\u00e2y s\u00e2m Ng\u1ecdc&hellip;\n\t<span class=\"price\"><span class=\"woocommerce-Price-amount amount\"><bdi>2.150.000<span class=\"woocommerce-Price-currencySymbol\">&#8363;<\/span><\/bdi><\/span><\/span>\n<\/div>\t\t<\/div>\n\t<\/div>\n\t\t<\/div>\n<\/div>\n\n<div class=\"product-small col has-hover product type-product post-1478 status-publish last instock product_cat-chua-phan-loai has-post-thumbnail sale shipping-taxable purchasable product-type-simple\">\n\t<div class=\"col-inner\">\n\t\n<div class=\"badge-container absolute left top z-1\">\n\t\t<div class=\"callout badge badge-square\"><div class=\"badge-inner secondary on-sale\"><span class=\"onsale\">-5%<\/span><\/div><\/div>\n<\/div>\n\t<div class=\"product-small box\">\n\t\t<div class=\"box-image\">\n\t\t\t<div class=\"image-none\">\n\t\t\t\t<a href=\"https:\/\/quangminhphat.com.vn\/vi\/cua-hang\/set-qua-thinh-vuong\/\">\n\t\t\t\t\t<img loading=\"lazy\" decoding=\"async\" width=\"300\" height=\"300\" src=\"https:\/\/quangminhphat.com.vn\/wp-content\/uploads\/2026\/03\/Screenshot-2026-03-09-132703-300x300.png\" class=\"attachment-woocommerce_thumbnail size-woocommerce_thumbnail\" alt=\"Set qu\u00e0 Th\u1ecbnh V\u01b0\u1ee3ng 2\" srcset=\"https:\/\/quangminhphat.com.vn\/wp-content\/uploads\/2026\/03\/Screenshot-2026-03-09-132703-300x300.png 300w, https:\/\/quangminhphat.com.vn\/wp-content\/uploads\/2026\/03\/Screenshot-2026-03-09-132703-150x150.png 150w, https:\/\/quangminhphat.com.vn\/wp-content\/uploads\/2026\/03\/Screenshot-2026-03-09-132703-100x100.png 100w\" sizes=\"auto, (max-width: 300px) 100vw, 300px\" \/>\t\t\t\t<\/a>\n\t\t\t<\/div>\n\t\t\t<div class=\"image-tools is-small top right show-on-hover\">\n\t\t\t\t\t\t\t<\/div>\n\t\t\t<div class=\"image-tools is-small hide-for-small bottom left show-on-hover\">\n\t\t\t\t\t\t\t<\/div>\n\t\t\t<div class=\"image-tools grid-tools text-center hide-for-small bottom hover-slide-in show-on-hover\">\n\t\t\t\t\t\t\t<\/div>\n\t\t\t\t\t<\/div>\n\n\t\t<div class=\"box-text box-text-products text-center grid-style-2\">\n\t\t\t<div class=\"title-wrapper\"><p class=\"name product-title woocommerce-loop-product__title\"><a href=\"https:\/\/quangminhphat.com.vn\/vi\/cua-hang\/set-qua-thinh-vuong\/\">Set qu\u00e0 Th\u1ecbnh V\u01b0\u1ee3ng 2<\/a><\/p><\/div><div class=\"price-wrapper\">1 set g\u1ed3m : - 1 chai r\u01b0\u1ee3u l\u00e1 s\u00e2m ng\u1ecdc linh m\u1eabu c\u0169 500ml, - 1 h\u1ed9p c\u00e0 ph\u00ea&hellip;\n\t<span class=\"price\"><del aria-hidden=\"true\"><span class=\"woocommerce-Price-amount amount\"><bdi>1.000.000<span class=\"woocommerce-Price-currencySymbol\">&#8363;<\/span><\/bdi><\/span><\/del> <span class=\"screen-reader-text\" data-no-translation=\"\" data-trp-gettext=\"\">Gi\u00e1 g\u1ed1c l\u00e0: 1.000.000&#8363;.<\/span><ins aria-hidden=\"true\"><span class=\"woocommerce-Price-amount amount\"><bdi>950.000<span class=\"woocommerce-Price-currencySymbol\">&#8363;<\/span><\/bdi><\/span><\/ins><span class=\"screen-reader-text\" data-no-translation=\"\" data-trp-gettext=\"\">Gi\u00e1 hi\u1ec7n t\u1ea1i l\u00e0: 950.000&#8363;.<\/span><\/span>\n<\/div>\t\t<\/div>\n\t<\/div>\n\t\t<\/div>\n<\/div>\n<\/div><!-- row --><\/div>","protected":false},"excerpt":{"rendered":"<p>Tr\u1ee5 s\u1edf ch\u00ednh: C\u00d4NG TY TNHH T\u01af V\u1ea4N QUANG MINH PH\u00c1T &#8211; \u0110i\u1ec7n tho\u1ea1i: 0348.031.222 &#8211; 0934.83.2002 &#8211; Email: quangminhphattv@gmail.com S\u1ea2N PH\u1ea8M T\u1ed0T NH\u1ea4T \u00a0<\/p>","protected":false},"author":1,"featured_media":0,"parent":0,"menu_order":0,"comment_status":"closed","ping_status":"closed","template":"page-left-sidebar.php","meta":{"footnotes":""},"class_list":["post-35","page","type-page","status-publish","hentry"],"yoast_head":"<!-- This site is optimized with the Yoast SEO Premium plugin v20.5 (Yoast SEO v27.1.1) - https:\/\/yoast.com\/product\/yoast-seo-premium-wordpress\/ -->\n<title>Li\u00ean h\u1ec7 -<\/title>\n<meta name=\"robots\" content=\"noindex, follow, max-snippet:-1, max-image-preview:large, max-video-preview:-1\" \/>\n<meta property=\"og:locale\" content=\"vi_VN\" \/>\n<meta property=\"og:type\" content=\"article\" \/>\n<meta property=\"og:title\" content=\"Li\u00ean h\u1ec7\" \/>\n<meta property=\"og:description\" content=\"Tr\u1ee5 s\u1edf ch\u00ednh: C\u00d4NG TY TNHH T\u01af V\u1ea4N QUANG MINH PH\u00c1T &#8211; \u0110i\u1ec7n tho\u1ea1i: 0348.031.222 &#8211; 0934.83.2002 &#8211; Email: quangminhphattv@gmail.com S\u1ea2N PH\u1ea8M T\u1ed0T NH\u1ea4T \u00a0\" \/>\n<meta property=\"og:url\" content=\"https:\/\/quangminhphat.com.vn\/vi\/lien-he\/\" \/>\n<meta property=\"article:modified_time\" content=\"2025-11-11T04:25:20+00:00\" \/>\n<meta name=\"twitter:card\" content=\"summary_large_image\" \/>\n<script type=\"application\/ld+json\" class=\"yoast-schema-graph\">{\"@context\":\"https:\/\/schema.org\",\"@graph\":[{\"@type\":\"WebPage\",\"@id\":\"https:\/\/quangminhphat.com.vn\/lien-he\/\",\"url\":\"https:\/\/quangminhphat.com.vn\/lien-he\/\",\"name\":\"Li\u00ean h\u1ec7 -\",\"isPartOf\":{\"@id\":\"https:\/\/quangminhphat.com.vn\/#website\"},\"datePublished\":\"2017-09-14T04:26:20+00:00\",\"dateModified\":\"2025-11-11T04:25:20+00:00\",\"breadcrumb\":{\"@id\":\"https:\/\/quangminhphat.com.vn\/lien-he\/#breadcrumb\"},\"inLanguage\":\"vi\",\"potentialAction\":[{\"@type\":\"ReadAction\",\"target\":[\"https:\/\/quangminhphat.com.vn\/lien-he\/\"]}]},{\"@type\":\"BreadcrumbList\",\"@id\":\"https:\/\/quangminhphat.com.vn\/lien-he\/#breadcrumb\",\"itemListElement\":[{\"@type\":\"ListItem\",\"position\":1,\"name\":\"Home\",\"item\":\"https:\/\/quangminhphat.com.vn\/\"},{\"@type\":\"ListItem\",\"position\":2,\"name\":\"Li\u00ean h\u1ec7\"}]},{\"@type\":\"WebSite\",\"@id\":\"https:\/\/quangminhphat.com.vn\/#website\",\"url\":\"https:\/\/quangminhphat.com.vn\/\",\"name\":\"\",\"description\":\"C\u00f4ng ty TNHH t\u01b0 v\u1ea5n Quang Minh Ph\u00e1t\",\"potentialAction\":[{\"@type\":\"SearchAction\",\"target\":{\"@type\":\"EntryPoint\",\"urlTemplate\":\"https:\/\/quangminhphat.com.vn\/?s={search_term_string}\"},\"query-input\":{\"@type\":\"PropertyValueSpecification\",\"valueRequired\":true,\"valueName\":\"search_term_string\"}}],\"inLanguage\":\"vi\"}]}<\/script>\n<!-- \/ Yoast SEO Premium plugin. -->","yoast_head_json":{"title":"Li\u00ean h\u1ec7 -","robots":{"index":"noindex","follow":"follow","max-snippet":"max-snippet:-1","max-image-preview":"max-image-preview:large","max-video-preview":"max-video-preview:-1"},"og_locale":"vi_VN","og_type":"article","og_title":"Li\u00ean h\u1ec7","og_description":"Tr\u1ee5 s\u1edf ch\u00ednh: C\u00d4NG TY TNHH T\u01af V\u1ea4N QUANG MINH PH\u00c1T &#8211; \u0110i\u1ec7n tho\u1ea1i: 0348.031.222 &#8211; 0934.83.2002 &#8211; Email: quangminhphattv@gmail.com S\u1ea2N PH\u1ea8M T\u1ed0T NH\u1ea4T \u00a0","og_url":"https:\/\/quangminhphat.com.vn\/vi\/lien-he\/","article_modified_time":"2025-11-11T04:25:20+00:00","twitter_card":"summary_large_image","schema":{"@context":"https:\/\/schema.org","@graph":[{"@type":"WebPage","@id":"https:\/\/quangminhphat.com.vn\/lien-he\/","url":"https:\/\/quangminhphat.com.vn\/lien-he\/","name":"Li\u00ean h\u1ec7 -","isPartOf":{"@id":"https:\/\/quangminhphat.com.vn\/#website"},"datePublished":"2017-09-14T04:26:20+00:00","dateModified":"2025-11-11T04:25:20+00:00","breadcrumb":{"@id":"https:\/\/quangminhphat.com.vn\/lien-he\/#breadcrumb"},"inLanguage":"vi","potentialAction":[{"@type":"ReadAction","target":["https:\/\/quangminhphat.com.vn\/lien-he\/"]}]},{"@type":"BreadcrumbList","@id":"https:\/\/quangminhphat.com.vn\/lien-he\/#breadcrumb","itemListElement":[{"@type":"ListItem","position":1,"name":"Home","item":"https:\/\/quangminhphat.com.vn\/"},{"@type":"ListItem","position":2,"name":"Li\u00ean h\u1ec7"}]},{"@type":"WebSite","@id":"https:\/\/quangminhphat.com.vn\/#website","url":"https:\/\/quangminhphat.com.vn\/","name":"","description":"C\u00f4ng ty TNHH t\u01b0 v\u1ea5n Quang Minh Ph\u00e1t","potentialAction":[{"@type":"SearchAction","target":{"@type":"EntryPoint","urlTemplate":"https:\/\/quangminhphat.com.vn\/?s={search_term_string}"},"query-input":{"@type":"PropertyValueSpecification","valueRequired":true,"valueName":"search_term_string"}}],"inLanguage":"vi"}]}},"_links":{"self":[{"href":"https:\/\/quangminhphat.com.vn\/vi\/wp-json\/wp\/v2\/pages\/35","targetHints":{"allow":["GET"]}}],"collection":[{"href":"https:\/\/quangminhphat.com.vn\/vi\/wp-json\/wp\/v2\/pages"}],"about":[{"href":"https:\/\/quangminhphat.com.vn\/vi\/wp-json\/wp\/v2\/types\/page"}],"author":[{"embeddable":true,"href":"https:\/\/quangminhphat.com.vn\/vi\/wp-json\/wp\/v2\/users\/1"}],"replies":[{"embeddable":true,"href":"https:\/\/quangminhphat.com.vn\/vi\/wp-json\/wp\/v2\/comments?post=35"}],"version-history":[{"count":10,"href":"https:\/\/quangminhphat.com.vn\/vi\/wp-json\/wp\/v2\/pages\/35\/revisions"}],"predecessor-version":[{"id":1381,"href":"https:\/\/quangminhphat.com.vn\/vi\/wp-json\/wp\/v2\/pages\/35\/revisions\/1381"}],"wp:attachment":[{"href":"https:\/\/quangminhphat.com.vn\/vi\/wp-json\/wp\/v2\/media?parent=35"}],"curies":[{"name":"wp","href":"https:\/\/api.w.org\/{rel}","templated":true}]}}