










{"id":662,"date":"2017-09-15T01:09:46","date_gmt":"2017-09-14T18:09:46","guid":{"rendered":"https:\/\/bizhostvn.com\/w\/duocpham\/?page_id=662"},"modified":"2025-11-10T15:30:20","modified_gmt":"2025-11-10T08:30:20","slug":"gioi-thieu","status":"publish","type":"page","link":"https:\/\/quangminhphat.com.vn\/vi\/gioi-thieu\/","title":{"rendered":"Gi\u1edbi thi\u1ec7u"},"content":{"rendered":"<div style=\"color: #0073aa;\">\n  <style>\n    .gioi-thieu * {\n      color: #0073aa !important;\n    }\n  <\/style>\n\n  <div class=\"gioi-thieu\">\n    <h2 style=\"text-align: center;\"><strong>GI\u1edaI THI\u1ec6U V\u1ec0 CH\u00daNG T\u00d4I<\/strong><\/h2>\n    <p><strong>C\u00f4ng ty TNHH T\u01b0 v\u1ea5n Quang Minh Ph\u00e1t (QUANG MINH PHAT CONSULTING COMPANY LIMITED)<\/strong> xin g\u1eedi l\u1eddi ch\u00e0o tr\u00e2n tr\u1ecdng v\u00e0 l\u1eddi c\u1ea3m \u01a1n s\u00e2u s\u1eafc \u0111\u1ebfn Qu\u00fd kh\u00e1ch h\u00e0ng c\u00f9ng Qu\u00fd \u0111\u1ed1i t\u00e1c \u0111\u00e3 quan t\u00e2m.<\/p>\n    <p>\u0110\u01b0\u1ee3c th\u00e0nh l\u1eadp v\u00e0 ho\u1ea1t \u0111\u1ed9ng t\u1ea1i Qu\u1ea3ng Tr\u1ecb, Quang Minh Phat Consulting (QMPC) ra \u0111\u1eddi v\u1edbi m\u1ed9t s\u1ee9 m\u1ec7nh r\u00f5 r\u00e0ng: Cung c\u1ea5p c\u00e1c gi\u1ea3i ph\u00e1p t\u01b0 v\u1ea5n chuy\u00ean nghi\u1ec7p, to\u00e0n di\u1ec7n d\u1ef1a tr\u00ean n\u1ec1n t\u1ea3ng c\u1ee7a s\u1ef1 minh b\u1ea1ch v\u00e0 uy t\u00edn. Ch\u00fang t\u00f4i tin t\u01b0\u1edfng v\u00e0 lu\u00f4n theo \u0111u\u1ed5i tri\u1ebft l\u00fd kinh doanh c\u1ed1t l\u00f5i: <strong>&#8220;Ch\u1ea5t l\u01b0\u1ee3ng t\u1ea1o n\u00ean th\u01b0\u01a1ng hi\u1ec7u&#8221;<\/strong>. \u0110\u00e2y ch\u00ednh l\u00e0 kim ch\u1ec9 nam cho m\u1ecdi ho\u1ea1t \u0111\u1ed9ng, \u0111\u1ecbnh h\u01b0\u1edbng ph\u00e1t tri\u1ec3n c\u1ee7a c\u00f4ng ty.<\/p>\n    <p>Hi\u1ec7n nay, Quang Minh Phat Consulting \u0111ang t\u1eadp trung ph\u00e1t tri\u1ec3n ba l\u0129nh v\u1ef1c kinh doanh ch\u00ednh, t\u1ea1o n\u00ean m\u1ed9t h\u1ec7 sinh th\u00e1i d\u1ecbch v\u1ee5 \u0111a d\u1ea1ng, h\u1ed7 tr\u1ee3 l\u1eabn nhau:<\/p>\n    <blockquote>\n      <p><span style=\"font-size: 90%;\"><strong>1. T\u01b0 v\u1ea5n S\u1ee9c kh\u1ecfe &#8211; \u0110\u1ea1i l\u00fd S\u00e2m Ng\u1ecdc Linh:<\/strong> Nh\u1eadn th\u1ee9c s\u00e2u s\u1eafc gi\u00e1 tr\u1ecb c\u1ee7a s\u1ee9c kh\u1ecfe, ch\u00fang t\u00f4i t\u1ef1 h\u00e0o l\u00e0 \u0111\u1ea1i l\u00fd ph\u00e2n ph\u1ed1i ch\u00ednh th\u1ee9c S\u00e2m Ng\u1ecdc Linh Vinsam\u2013 &#8220;Qu\u1ed1c b\u1ea3o&#8221; c\u1ee7a Vi\u1ec7t Nam. Ch\u00fang t\u00f4i cam k\u1ebft mang \u0111\u1ebfn nh\u1eefng s\u1ea3n ph\u1ea9m nguy\u00ean b\u1ea3n, ch\u1ea5t l\u01b0\u1ee3ng th\u01b0\u1ee3ng h\u1ea1ng c\u00f9ng c\u00e1c gi\u1ea3i ph\u00e1p t\u01b0 v\u1ea5n ch\u0103m s\u00f3c s\u1ee9c kh\u1ecfe ch\u1ee7 \u0111\u1ed9ng, tin c\u1eady cho c\u1ed9ng \u0111\u1ed3ng.<\/span><\/p>\n      <p><span style=\"font-size: 90%;\"><strong>2. T\u01b0 v\u1ea5n Gi\u00e1o d\u1ee5c:<\/strong> V\u1edbi mong mu\u1ed1n g\u00f3p ph\u1ea7n x\u00e2y d\u1ef1ng n\u1ec1n t\u1ea3ng tri th\u1ee9c cho t\u01b0\u01a1ng lai, ch\u00fang t\u00f4i cung c\u1ea5p c\u00e1c d\u1ecbch v\u1ee5 t\u01b0 v\u1ea5n, \u0111\u1ecbnh h\u01b0\u1edbng l\u1ed9 tr\u00ecnh h\u1ecdc t\u1eadp v\u00e0 ph\u00e1t tri\u1ec3n k\u1ef9 n\u0103ng, k\u1ebft n\u1ed1i c\u00e1c c\u01a1 h\u1ed9i gi\u00e1o d\u1ee5c ti\u00ean ti\u1ebfn cho h\u1ecdc sinh, sinh vi\u00ean.<\/span><\/p>\n      <p><span style=\"font-size: 90%;\"><strong>3. T\u01b0 v\u1ea5n X\u00e2y d\u1ef1ng:<\/strong> B\u1eb1ng \u0111\u1ed9i ng\u0169 chuy\u00ean gia, k\u1ef9 s\u01b0 gi\u00e0u kinh nghi\u1ec7m, ch\u00fang t\u00f4i cung c\u1ea5p d\u1ecbch v\u1ee5 T\u01b0 v\u1ea5n thi\u1ebft k\u1ebf, T\u01b0 v\u1ea5n gi\u00e1m s\u00e1t, T\u01b0 v\u1ea5n qu\u1ea3n l\u00fd d\u1ef1 \u00e1n, T\u01b0 v\u1ea5n l\u1eadp d\u1ef1 to\u00e1n d\u1ef1 th\u1ea7u, Thi c\u00f4ng x\u00e2y l\u1eafp v\u00e0 s\u1eeda ch\u1eefa c\u00f4ng tr\u00ecnh, Mua b\u00e1n v\u1eadt li\u1ec7u x\u00e2y d\u1ef1ng. M\u1ed7i c\u00f4ng tr\u00ecnh \u0111\u1ec1u \u0111\u01b0\u1ee3c ch\u00fang t\u00f4i cam k\u1ebft v\u1ec1 ti\u00eau chu\u1ea9n k\u1ef9 thu\u1eadt, t\u1ed1i \u01b0u c\u00f4ng n\u0103ng, \u0111\u1ea3m b\u1ea3o th\u1ea9m m\u1ef9 v\u00e0 s\u1ef1 b\u1ec1n v\u1eefng.<\/span><\/p>\n    <\/blockquote>\n    <p>T\u1ea1i Quang Minh Phat Consulting, ch\u00fang t\u00f4i kh\u00f4ng ch\u1ec9 cung c\u1ea5p d\u1ecbch v\u1ee5, ch\u00fang t\u00f4i ki\u1ebfn t\u1ea1o ni\u1ec1m tin v\u00e0 x\u00e2y d\u1ef1ng gi\u00e1 tr\u1ecb b\u1ec1n v\u1eefng. Ch\u00fang t\u00f4i lu\u00f4n s\u1eb5n s\u00e0ng l\u1eafng nghe, th\u1ea5u hi\u1ec3u v\u00e0 \u0111\u1ed3ng h\u00e0nh c\u00f9ng Qu\u00fd v\u1ecb tr\u00ean con \u0111\u01b0\u1eddng \u0111i \u0111\u1ebfn th\u00e0nh c\u00f4ng.<\/p>\n    <hr \/>\n    <h4><em><strong>TH\u00d4NG TIN LI\u00caN H\u1ec6<\/strong><\/em><\/h4>\n    <ul>\n      <li><strong>T\u00ean c\u00f4ng ty:<\/strong> C\u00d4NG TY TNHH T\u01af V\u1ea4N QUANG MINH PH\u00c1T<\/li>\n      <li><strong>Ng\u01b0\u1eddi \u0111\u1ea1i di\u1ec7n:<\/strong> \u00d4ng Tr\u1ea7n Thi\u1ec7n Th\u00e0nh &#8211; Gi\u00e1m \u0111\u1ed1c<\/li>\n      <li><strong>M\u00e3 s\u1ed1 thu\u1ebf:<\/strong> 3200755268<\/li>\n      <li><strong>\u0110\u1ecba ch\u1ec9:<\/strong> S\u1ed1 90, \u0110\u01b0\u1eddng Li\u00ean x\u00e3, Th\u00f4n Qu\u1ea3ng L\u01b0\u1ee3ng, X\u00e3 Tri\u1ec7u B\u00ecnh, Qu\u1ea3ng Tr\u1ecb.<\/li>\n      <li><strong>\u0110i\u1ec7n tho\u1ea1i \u2013 Zalo:<\/strong> 0348.031.222 &#8211; 0934.83.2002<\/li>\n      <li><strong>Email:<\/strong> <a href=\"mailto:quangminhphattv@gmail.com\">quangminhphattv@gmail.com<\/a><\/li>\n      <li><strong>Facebook:<\/strong> quangminhphat-consulting<\/li>\n      <li><strong>Website:<\/strong> quangminhphat.com.vn<\/li>\n      <li><strong>T\u00e0i kho\u1ea3n ng\u00e2n h\u00e0ng:<\/strong> 3200755268 t\u1ea1i Ng\u00e2n h\u00e0ng TMCP Qu\u00e2n \u0110\u1ed9i (MBBank) &#8211; Chi nh\u00e1nh Qu\u1ea3ng Tr\u1ecb.<\/li>\n    <\/ul>\n  <\/div>\n<\/div>\n<h3 class=\"tieu-de\" style=\"text-align: center;\"><b><\/b>S\u1ea2N PH\u1ea8M N\u1ed4I B\u1eacT<b><\/b><\/h3>\n<div id=\"gtx-trans\" style=\"position: absolute; left: 382px; top: -4.21212px;\">\n<div class=\"gtx-trans-icon\">\u00a0<\/div>\n<\/div>\n<div class=\"woocommerce columns-4\"><div class=\"products row row-small large-columns-4 medium-columns-3 small-columns-1\">\n\n<div class=\"product-small col has-hover product type-product post-1473 status-publish first instock product_cat-chua-phan-loai has-post-thumbnail sale shipping-taxable purchasable product-type-simple\">\n\t<div class=\"col-inner\">\n\t\n<div class=\"badge-container absolute left top z-1\">\n\t\t<div class=\"callout badge badge-square\"><div class=\"badge-inner secondary on-sale\"><span class=\"onsale\">-13%<\/span><\/div><\/div>\n<\/div>\n\t<div class=\"product-small box\">\n\t\t<div class=\"box-image\">\n\t\t\t<div class=\"image-none\">\n\t\t\t\t<a href=\"https:\/\/quangminhphat.com.vn\/vi\/cua-hang\/set-qua-cat-tuong\/\">\n\t\t\t\t\t<img loading=\"lazy\" decoding=\"async\" width=\"300\" height=\"300\" src=\"https:\/\/quangminhphat.com.vn\/wp-content\/uploads\/2026\/03\/Set-Xuan-cat-tuong-300x300.jpg\" class=\"attachment-woocommerce_thumbnail size-woocommerce_thumbnail\" alt=\"Set qu\u00e0 C\u00e1t T\u01b0\u1eddng\" srcset=\"https:\/\/quangminhphat.com.vn\/wp-content\/uploads\/2026\/03\/Set-Xuan-cat-tuong-300x300.jpg 300w, https:\/\/quangminhphat.com.vn\/wp-content\/uploads\/2026\/03\/Set-Xuan-cat-tuong-1024x1024.jpg 1024w, https:\/\/quangminhphat.com.vn\/wp-content\/uploads\/2026\/03\/Set-Xuan-cat-tuong-150x150.jpg 150w, https:\/\/quangminhphat.com.vn\/wp-content\/uploads\/2026\/03\/Set-Xuan-cat-tuong-768x769.jpg 768w, https:\/\/quangminhphat.com.vn\/wp-content\/uploads\/2026\/03\/Set-Xuan-cat-tuong-12x12.jpg 12w, https:\/\/quangminhphat.com.vn\/wp-content\/uploads\/2026\/03\/Set-Xuan-cat-tuong-600x601.jpg 600w, https:\/\/quangminhphat.com.vn\/wp-content\/uploads\/2026\/03\/Set-Xuan-cat-tuong-100x100.jpg 100w, https:\/\/quangminhphat.com.vn\/wp-content\/uploads\/2026\/03\/Set-Xuan-cat-tuong.jpg 1474w\" sizes=\"auto, (max-width: 300px) 100vw, 300px\" \/>\t\t\t\t<\/a>\n\t\t\t<\/div>\n\t\t\t<div class=\"image-tools is-small top right show-on-hover\">\n\t\t\t\t\t\t\t<\/div>\n\t\t\t<div class=\"image-tools is-small hide-for-small bottom left show-on-hover\">\n\t\t\t\t\t\t\t<\/div>\n\t\t\t<div class=\"image-tools grid-tools text-center hide-for-small bottom hover-slide-in show-on-hover\">\n\t\t\t\t\t\t\t<\/div>\n\t\t\t\t\t<\/div>\n\n\t\t<div class=\"box-text box-text-products text-center grid-style-2\">\n\t\t\t<div class=\"title-wrapper\"><p class=\"name product-title woocommerce-loop-product__title\"><a href=\"https:\/\/quangminhphat.com.vn\/vi\/cua-hang\/set-qua-cat-tuong\/\">Set qu\u00e0 C\u00e1t T\u01b0\u1eddng<\/a><\/p><\/div><div class=\"price-wrapper\">1 set g\u1ed3m : - 1 chai r\u01b0\u1ee3u l\u00e1 s\u00e2m ng\u1ecdc linh m\u1eabu c\u0169 500ml, - 1 h\u1ed9p tr\u00e0 t\u00fai&hellip;\n\t<span class=\"price\"><del aria-hidden=\"true\"><span class=\"woocommerce-Price-amount amount\"><bdi>1.500.000<span class=\"woocommerce-Price-currencySymbol\">&#8363;<\/span><\/bdi><\/span><\/del> <span class=\"screen-reader-text\" data-no-translation=\"\" data-trp-gettext=\"\">Gi\u00e1 g\u1ed1c l\u00e0: 1.500.000&#8363;.<\/span><ins aria-hidden=\"true\"><span class=\"woocommerce-Price-amount amount\"><bdi>1.300.000<span class=\"woocommerce-Price-currencySymbol\">&#8363;<\/span><\/bdi><\/span><\/ins><span class=\"screen-reader-text\" data-no-translation=\"\" data-trp-gettext=\"\">Gi\u00e1 hi\u1ec7n t\u1ea1i l\u00e0: 1.300.000&#8363;.<\/span><\/span>\n<\/div>\t\t<\/div>\n\t<\/div>\n\t\t<\/div>\n<\/div>\n\n<div class=\"product-small col has-hover product type-product post-1504 status-publish instock product_cat-chua-phan-loai has-post-thumbnail shipping-taxable purchasable product-type-simple\">\n\t<div class=\"col-inner\">\n\t\n<div class=\"badge-container absolute left top z-1\">\n<\/div>\n\t<div class=\"product-small box\">\n\t\t<div class=\"box-image\">\n\t\t\t<div class=\"image-none\">\n\t\t\t\t<a href=\"https:\/\/quangminhphat.com.vn\/vi\/cua-hang\/sam-ngam-mat-ong-35gr-hu-han-360ml\/\">\n\t\t\t\t\t<img loading=\"lazy\" decoding=\"async\" width=\"300\" height=\"300\" src=\"https:\/\/quangminhphat.com.vn\/wp-content\/uploads\/2026\/03\/Picture31-300x300.png\" class=\"attachment-woocommerce_thumbnail size-woocommerce_thumbnail\" alt=\"S\u00e2m Ng\u00e2m M\u1eadt Ong 35gr (H\u0169 H\u00e0n 360ml)\" srcset=\"https:\/\/quangminhphat.com.vn\/wp-content\/uploads\/2026\/03\/Picture31-300x300.png 300w, https:\/\/quangminhphat.com.vn\/wp-content\/uploads\/2026\/03\/Picture31-150x150.png 150w, https:\/\/quangminhphat.com.vn\/wp-content\/uploads\/2026\/03\/Picture31-12x12.png 12w, https:\/\/quangminhphat.com.vn\/wp-content\/uploads\/2026\/03\/Picture31-100x100.png 100w\" sizes=\"auto, (max-width: 300px) 100vw, 300px\" \/>\t\t\t\t<\/a>\n\t\t\t<\/div>\n\t\t\t<div class=\"image-tools is-small top right show-on-hover\">\n\t\t\t\t\t\t\t<\/div>\n\t\t\t<div class=\"image-tools is-small hide-for-small bottom left show-on-hover\">\n\t\t\t\t\t\t\t<\/div>\n\t\t\t<div class=\"image-tools grid-tools text-center hide-for-small bottom hover-slide-in show-on-hover\">\n\t\t\t\t\t\t\t<\/div>\n\t\t\t\t\t<\/div>\n\n\t\t<div class=\"box-text box-text-products text-center grid-style-2\">\n\t\t\t<div class=\"title-wrapper\"><p class=\"name product-title woocommerce-loop-product__title\"><a href=\"https:\/\/quangminhphat.com.vn\/vi\/cua-hang\/sam-ngam-mat-ong-35gr-hu-han-360ml\/\">S\u00e2m Ng\u00e2m M\u1eadt Ong 35gr (H\u0169 H\u00e0n 360ml)<\/a><\/p><\/div><div class=\"price-wrapper\">H\u0169 360ml\n\t<span class=\"price\"><span class=\"woocommerce-Price-amount amount\"><bdi>4.200.000<span class=\"woocommerce-Price-currencySymbol\">&#8363;<\/span><\/bdi><\/span><\/span>\n<\/div>\t\t<\/div>\n\t<\/div>\n\t\t<\/div>\n<\/div>\n\n<div class=\"product-small col has-hover product type-product post-1138 status-publish instock product_cat-chua-phan-loai has-post-thumbnail shipping-taxable purchasable product-type-simple\">\n\t<div class=\"col-inner\">\n\t\n<div class=\"badge-container absolute left top z-1\">\n<\/div>\n\t<div class=\"product-small box\">\n\t\t<div class=\"box-image\">\n\t\t\t<div class=\"image-none\">\n\t\t\t\t<a href=\"https:\/\/quangminhphat.com.vn\/vi\/cua-hang\/ca-phe-sam-ngoc-linh-ca-phe-sua-3in1-hop-10-goi\/\">\n\t\t\t\t\t<img loading=\"lazy\" decoding=\"async\" width=\"241\" height=\"169\" src=\"https:\/\/quangminhphat.com.vn\/wp-content\/uploads\/2025\/11\/33333333333333.jpg\" class=\"attachment-woocommerce_thumbnail size-woocommerce_thumbnail\" alt=\"C\u00e0 Ph\u00ea S\u00e2m Ng\u1ecdc Linh (C\u00e0 ph\u00ea s\u1eefa 3in1 - h\u1ed9p 10 g\u00f3i)\" srcset=\"https:\/\/quangminhphat.com.vn\/wp-content\/uploads\/2025\/11\/33333333333333.jpg 241w, https:\/\/quangminhphat.com.vn\/wp-content\/uploads\/2025\/11\/33333333333333-18x12.jpg 18w\" sizes=\"auto, (max-width: 241px) 100vw, 241px\" \/>\t\t\t\t<\/a>\n\t\t\t<\/div>\n\t\t\t<div class=\"image-tools is-small top right show-on-hover\">\n\t\t\t\t\t\t\t<\/div>\n\t\t\t<div class=\"image-tools is-small hide-for-small bottom left show-on-hover\">\n\t\t\t\t\t\t\t<\/div>\n\t\t\t<div class=\"image-tools grid-tools text-center hide-for-small bottom hover-slide-in show-on-hover\">\n\t\t\t\t\t\t\t<\/div>\n\t\t\t\t\t<\/div>\n\n\t\t<div class=\"box-text box-text-products text-center grid-style-2\">\n\t\t\t<div class=\"title-wrapper\"><p class=\"name product-title woocommerce-loop-product__title\"><a href=\"https:\/\/quangminhphat.com.vn\/vi\/cua-hang\/ca-phe-sam-ngoc-linh-ca-phe-sua-3in1-hop-10-goi\/\">C\u00e0 Ph\u00ea S\u00e2m Ng\u1ecdc Linh (C\u00e0 ph\u00ea s\u1eefa 3in1 &#8211; h\u1ed9p 10 g\u00f3i)<\/a><\/p><\/div><div class=\"price-wrapper\">Ph\u00f9 h\u1ee3p s\u1eed d\u1ee5ng h\u00e0ng ng\u00e0y cho m\u1ecdi ng\u01b0\u1eddi\n\t<span class=\"price\"><span class=\"woocommerce-Price-amount amount\"><bdi>240.000<span class=\"woocommerce-Price-currencySymbol\">&#8363;<\/span><\/bdi><\/span><\/span>\n<\/div>\t\t<\/div>\n\t<\/div>\n\t\t<\/div>\n<\/div>\n\n<div class=\"product-small col has-hover product type-product post-1486 status-publish last instock product_cat-chua-phan-loai has-post-thumbnail shipping-taxable purchasable product-type-simple\">\n\t<div class=\"col-inner\">\n\t\n<div class=\"badge-container absolute left top z-1\">\n<\/div>\n\t<div class=\"product-small box\">\n\t\t<div class=\"box-image\">\n\t\t\t<div class=\"image-none\">\n\t\t\t\t<a href=\"https:\/\/quangminhphat.com.vn\/vi\/cua-hang\/nuoc-uong-bo-sung-sam-ngoc-linh-set-6-chai\/\">\n\t\t\t\t\t<img loading=\"lazy\" decoding=\"async\" width=\"300\" height=\"300\" src=\"https:\/\/quangminhphat.com.vn\/wp-content\/uploads\/2026\/03\/4-300x300.png\" class=\"attachment-woocommerce_thumbnail size-woocommerce_thumbnail\" alt=\"N\u01b0\u1edbc U\u1ed1ng B\u1ed5 Sung S\u00e2m Ng\u1ecdc Linh ( set 6 chai )\" srcset=\"https:\/\/quangminhphat.com.vn\/wp-content\/uploads\/2026\/03\/4-300x300.png 300w, https:\/\/quangminhphat.com.vn\/wp-content\/uploads\/2026\/03\/4-150x150.png 150w, https:\/\/quangminhphat.com.vn\/wp-content\/uploads\/2026\/03\/4-768x768.png 768w, https:\/\/quangminhphat.com.vn\/wp-content\/uploads\/2026\/03\/4-12x12.png 12w, https:\/\/quangminhphat.com.vn\/wp-content\/uploads\/2026\/03\/4-600x600.png 600w, https:\/\/quangminhphat.com.vn\/wp-content\/uploads\/2026\/03\/4-100x100.png 100w, https:\/\/quangminhphat.com.vn\/wp-content\/uploads\/2026\/03\/4.png 1024w\" sizes=\"auto, (max-width: 300px) 100vw, 300px\" \/>\t\t\t\t<\/a>\n\t\t\t<\/div>\n\t\t\t<div class=\"image-tools is-small top right show-on-hover\">\n\t\t\t\t\t\t\t<\/div>\n\t\t\t<div class=\"image-tools is-small hide-for-small bottom left show-on-hover\">\n\t\t\t\t\t\t\t<\/div>\n\t\t\t<div class=\"image-tools grid-tools text-center hide-for-small bottom hover-slide-in show-on-hover\">\n\t\t\t\t\t\t\t<\/div>\n\t\t\t\t\t<\/div>\n\n\t\t<div class=\"box-text box-text-products text-center grid-style-2\">\n\t\t\t<div class=\"title-wrapper\"><p class=\"name product-title woocommerce-loop-product__title\"><a href=\"https:\/\/quangminhphat.com.vn\/vi\/cua-hang\/nuoc-uong-bo-sung-sam-ngoc-linh-set-6-chai\/\">N\u01b0\u1edbc U\u1ed1ng B\u1ed5 Sung S\u00e2m Ng\u1ecdc Linh ( set 6 chai )<\/a><\/p><\/div><div class=\"price-wrapper\">set 6 chai - 1 chai 50ml\n\t<span class=\"price\"><span class=\"woocommerce-Price-amount amount\"><bdi>865.000<span class=\"woocommerce-Price-currencySymbol\">&#8363;<\/span><\/bdi><\/span><\/span>\n<\/div>\t\t<\/div>\n\t<\/div>\n\t\t<\/div>\n<\/div>\n<\/div><!-- row --><\/div>","protected":false},"excerpt":{"rendered":"<p>GI\u1edaI THI\u1ec6U V\u1ec0 CH\u00daNG T\u00d4I C\u00f4ng ty TNHH T\u01b0 v\u1ea5n Quang Minh Ph\u00e1t (QUANG MINH PHAT CONSULTING COMPANY LIMITED) xin g\u1eedi l\u1eddi ch\u00e0o tr\u00e2n tr\u1ecdng v\u00e0 l\u1eddi c\u1ea3m \u01a1n s\u00e2u s\u1eafc \u0111\u1ebfn Qu\u00fd kh\u00e1ch h\u00e0ng c\u00f9ng Qu\u00fd \u0111\u1ed1i t\u00e1c \u0111\u00e3 quan t\u00e2m. \u0110\u01b0\u1ee3c th\u00e0nh l\u1eadp v\u00e0 ho\u1ea1t \u0111\u1ed9ng t\u1ea1i Qu\u1ea3ng Tr\u1ecb, Quang Minh Phat Consulting&#8230;<\/p>","protected":false},"author":1,"featured_media":0,"parent":0,"menu_order":0,"comment_status":"closed","ping_status":"closed","template":"page-left-sidebar.php","meta":{"footnotes":""},"class_list":["post-662","page","type-page","status-publish","hentry"],"yoast_head":"<!-- This site is optimized with the Yoast SEO Premium plugin v20.5 (Yoast SEO v27.1.1) - https:\/\/yoast.com\/product\/yoast-seo-premium-wordpress\/ -->\n<title>Gi\u1edbi thi\u1ec7u -<\/title>\n<meta name=\"robots\" content=\"noindex, follow, max-snippet:-1, max-image-preview:large, max-video-preview:-1\" \/>\n<meta property=\"og:locale\" content=\"vi_VN\" \/>\n<meta property=\"og:type\" content=\"article\" \/>\n<meta property=\"og:title\" content=\"Gi\u1edbi thi\u1ec7u\" \/>\n<meta property=\"og:description\" content=\"GI\u1edaI THI\u1ec6U V\u1ec0 CH\u00daNG T\u00d4I C\u00f4ng ty TNHH T\u01b0 v\u1ea5n Quang Minh Ph\u00e1t (QUANG MINH PHAT CONSULTING COMPANY LIMITED) xin g\u1eedi l\u1eddi ch\u00e0o tr\u00e2n tr\u1ecdng v\u00e0 l\u1eddi c\u1ea3m \u01a1n s\u00e2u s\u1eafc \u0111\u1ebfn Qu\u00fd kh\u00e1ch h\u00e0ng c\u00f9ng Qu\u00fd \u0111\u1ed1i t\u00e1c \u0111\u00e3 quan t\u00e2m. \u0110\u01b0\u1ee3c th\u00e0nh l\u1eadp v\u00e0 ho\u1ea1t \u0111\u1ed9ng t\u1ea1i Qu\u1ea3ng Tr\u1ecb, Quang Minh Phat Consulting...\" \/>\n<meta property=\"og:url\" content=\"https:\/\/quangminhphat.com.vn\/vi\/gioi-thieu\/\" \/>\n<meta property=\"article:modified_time\" content=\"2025-11-10T08:30:20+00:00\" \/>\n<meta name=\"twitter:card\" content=\"summary_large_image\" \/>\n<meta name=\"twitter:label1\" content=\"\u01af\u1edbc t\u00ednh th\u1eddi gian \u0111\u1ecdc\" \/>\n\t<meta name=\"twitter:data1\" content=\"4 ph\u00fat\" \/>\n<script type=\"application\/ld+json\" class=\"yoast-schema-graph\">{\"@context\":\"https:\/\/schema.org\",\"@graph\":[{\"@type\":\"WebPage\",\"@id\":\"https:\/\/quangminhphat.com.vn\/gioi-thieu\/\",\"url\":\"https:\/\/quangminhphat.com.vn\/gioi-thieu\/\",\"name\":\"Gi\u1edbi thi\u1ec7u -\",\"isPartOf\":{\"@id\":\"https:\/\/quangminhphat.com.vn\/#website\"},\"datePublished\":\"2017-09-14T18:09:46+00:00\",\"dateModified\":\"2025-11-10T08:30:20+00:00\",\"breadcrumb\":{\"@id\":\"https:\/\/quangminhphat.com.vn\/gioi-thieu\/#breadcrumb\"},\"inLanguage\":\"vi\",\"potentialAction\":[{\"@type\":\"ReadAction\",\"target\":[\"https:\/\/quangminhphat.com.vn\/gioi-thieu\/\"]}]},{\"@type\":\"BreadcrumbList\",\"@id\":\"https:\/\/quangminhphat.com.vn\/gioi-thieu\/#breadcrumb\",\"itemListElement\":[{\"@type\":\"ListItem\",\"position\":1,\"name\":\"Home\",\"item\":\"https:\/\/quangminhphat.com.vn\/\"},{\"@type\":\"ListItem\",\"position\":2,\"name\":\"Gi\u1edbi thi\u1ec7u\"}]},{\"@type\":\"WebSite\",\"@id\":\"https:\/\/quangminhphat.com.vn\/#website\",\"url\":\"https:\/\/quangminhphat.com.vn\/\",\"name\":\"\",\"description\":\"C\u00f4ng ty TNHH t\u01b0 v\u1ea5n Quang Minh Ph\u00e1t\",\"potentialAction\":[{\"@type\":\"SearchAction\",\"target\":{\"@type\":\"EntryPoint\",\"urlTemplate\":\"https:\/\/quangminhphat.com.vn\/?s={search_term_string}\"},\"query-input\":{\"@type\":\"PropertyValueSpecification\",\"valueRequired\":true,\"valueName\":\"search_term_string\"}}],\"inLanguage\":\"vi\"}]}<\/script>\n<!-- \/ Yoast SEO Premium plugin. -->","yoast_head_json":{"title":"Gi\u1edbi thi\u1ec7u -","robots":{"index":"noindex","follow":"follow","max-snippet":"max-snippet:-1","max-image-preview":"max-image-preview:large","max-video-preview":"max-video-preview:-1"},"og_locale":"vi_VN","og_type":"article","og_title":"Gi\u1edbi thi\u1ec7u","og_description":"GI\u1edaI THI\u1ec6U V\u1ec0 CH\u00daNG T\u00d4I C\u00f4ng ty TNHH T\u01b0 v\u1ea5n Quang Minh Ph\u00e1t (QUANG MINH PHAT CONSULTING COMPANY LIMITED) xin g\u1eedi l\u1eddi ch\u00e0o tr\u00e2n tr\u1ecdng v\u00e0 l\u1eddi c\u1ea3m \u01a1n s\u00e2u s\u1eafc \u0111\u1ebfn Qu\u00fd kh\u00e1ch h\u00e0ng c\u00f9ng Qu\u00fd \u0111\u1ed1i t\u00e1c \u0111\u00e3 quan t\u00e2m. \u0110\u01b0\u1ee3c th\u00e0nh l\u1eadp v\u00e0 ho\u1ea1t \u0111\u1ed9ng t\u1ea1i Qu\u1ea3ng Tr\u1ecb, Quang Minh Phat Consulting...","og_url":"https:\/\/quangminhphat.com.vn\/vi\/gioi-thieu\/","article_modified_time":"2025-11-10T08:30:20+00:00","twitter_card":"summary_large_image","twitter_misc":{"\u01af\u1edbc t\u00ednh th\u1eddi gian \u0111\u1ecdc":"4 ph\u00fat"},"schema":{"@context":"https:\/\/schema.org","@graph":[{"@type":"WebPage","@id":"https:\/\/quangminhphat.com.vn\/gioi-thieu\/","url":"https:\/\/quangminhphat.com.vn\/gioi-thieu\/","name":"Gi\u1edbi thi\u1ec7u -","isPartOf":{"@id":"https:\/\/quangminhphat.com.vn\/#website"},"datePublished":"2017-09-14T18:09:46+00:00","dateModified":"2025-11-10T08:30:20+00:00","breadcrumb":{"@id":"https:\/\/quangminhphat.com.vn\/gioi-thieu\/#breadcrumb"},"inLanguage":"vi","potentialAction":[{"@type":"ReadAction","target":["https:\/\/quangminhphat.com.vn\/gioi-thieu\/"]}]},{"@type":"BreadcrumbList","@id":"https:\/\/quangminhphat.com.vn\/gioi-thieu\/#breadcrumb","itemListElement":[{"@type":"ListItem","position":1,"name":"Home","item":"https:\/\/quangminhphat.com.vn\/"},{"@type":"ListItem","position":2,"name":"Gi\u1edbi thi\u1ec7u"}]},{"@type":"WebSite","@id":"https:\/\/quangminhphat.com.vn\/#website","url":"https:\/\/quangminhphat.com.vn\/","name":"","description":"C\u00f4ng ty TNHH t\u01b0 v\u1ea5n Quang Minh Ph\u00e1t","potentialAction":[{"@type":"SearchAction","target":{"@type":"EntryPoint","urlTemplate":"https:\/\/quangminhphat.com.vn\/?s={search_term_string}"},"query-input":{"@type":"PropertyValueSpecification","valueRequired":true,"valueName":"search_term_string"}}],"inLanguage":"vi"}]}},"_links":{"self":[{"href":"https:\/\/quangminhphat.com.vn\/vi\/wp-json\/wp\/v2\/pages\/662","targetHints":{"allow":["GET"]}}],"collection":[{"href":"https:\/\/quangminhphat.com.vn\/vi\/wp-json\/wp\/v2\/pages"}],"about":[{"href":"https:\/\/quangminhphat.com.vn\/vi\/wp-json\/wp\/v2\/types\/page"}],"author":[{"embeddable":true,"href":"https:\/\/quangminhphat.com.vn\/vi\/wp-json\/wp\/v2\/users\/1"}],"replies":[{"embeddable":true,"href":"https:\/\/quangminhphat.com.vn\/vi\/wp-json\/wp\/v2\/comments?post=662"}],"version-history":[{"count":12,"href":"https:\/\/quangminhphat.com.vn\/vi\/wp-json\/wp\/v2\/pages\/662\/revisions"}],"predecessor-version":[{"id":1297,"href":"https:\/\/quangminhphat.com.vn\/vi\/wp-json\/wp\/v2\/pages\/662\/revisions\/1297"}],"wp:attachment":[{"href":"https:\/\/quangminhphat.com.vn\/vi\/wp-json\/wp\/v2\/media?parent=662"}],"curies":[{"name":"wp","href":"https:\/\/api.w.org\/{rel}","templated":true}]}}