










{"id":986,"date":"2025-11-06T09:44:19","date_gmt":"2025-11-06T02:44:19","guid":{"rendered":"http:\/\/localhost\/quangminhphat.com.vn\/?page_id=986"},"modified":"2025-11-10T15:33:15","modified_gmt":"2025-11-10T08:33:15","slug":"chinh-sach-dai-ly","status":"publish","type":"page","link":"https:\/\/quangminhphat.com.vn\/vi\/chinh-sach-dai-ly\/","title":{"rendered":"Ch\u00ednh s\u00e1ch \u0110\u1ea1i l\u00fd"},"content":{"rendered":"<div style=\"color: #0073aa;\"><style>\n    .chinh-sach-dai-ly * {\n      color: #0073aa !important;\n    }\n  <\/style>\n<div class=\"chinh-sach-dai-ly\">\n<h1 style=\"text-align: center;\"><strong>CH\u00cdNH S\u00c1CH \u0110\u1ea0I L\u00dd<\/strong><\/h1>\n<h1 style=\"text-align: center;\"><strong>C\u00d4NG TY TNHH T\u01af V\u1ea4N QUANG MINH PH\u00c1T<\/strong><\/h1>\n<p style=\"text-align: justify;\">C\u00f4ng ty TNHH T\u01b0 v\u1ea5n Quang Minh Ph\u00e1t (Quang Minh Phat Consulting) h\u00e2n h\u1ea1nh tr\u1edf th\u00e0nh <strong>\u0111\u1ea1i l\u00fd ph\u00e2n ph\u1ed1i ch\u00ednh th\u1ee9c c\u1ee7a S\u00e2m Ng\u1ecdc Linh Vinsam<\/strong> c\u00f9ng nhi\u1ec1u d\u00f2ng s\u1ea3n ph\u1ea9m ch\u1ea5t l\u01b0\u1ee3ng cao nh\u01b0 Tr\u00e0 s\u00e2m, S\u00e2m ng\u00e2m m\u1eadt ong, R\u01b0\u1ee3u s\u00e2m v\u00e0 c\u00e1c s\u1ea3n ph\u1ea9m ch\u0103m s\u00f3c s\u1ee9c kho\u1ebb kh\u00e1c.<\/p>\n<p style=\"text-align: justify;\">Nh\u1eb1m m\u1edf r\u1ed9ng h\u1ec7 th\u1ed1ng kinh doanh v\u00e0 mang gi\u00e1 tr\u1ecb s\u1ee9c kh\u1ecfe \u0111\u1ebfn c\u1ed9ng \u0111\u1ed3ng, QuangMinh Phat Consulting tri\u1ec3n khai <strong>Ch\u00ednh s\u00e1ch \u0110\u1ea1i l\u00fd Th\u1ee9 c\u1ea5p<\/strong> d\u00e0nh cho c\u00e1 nh\u00e2n, h\u1ed9 kinh doanh v\u00e0 \u0111\u01a1n v\u1ecb mong mu\u1ed1n h\u1ee3p t\u00e1c l\u00e2u d\u00e0i, b\u1ec1n v\u1eefng.<\/p>\n<h2 style=\"text-align: justify;\"><span style=\"font-size: 80%;\">&#x2705; <strong>1. Quy\u1ec1n l\u1ee3i c\u1ee7a \u0110\u1ea1i l\u00fd Th\u1ee9 c\u1ea5p<\/strong><\/span><\/h2>\n<ul style=\"text-align: justify;\">\n<li><strong>Chi\u1ebft kh\u1ea5u h\u1ea5p d\u1eabn theo doanh thu<\/strong> t\u1eebng th\u00e1ng (m\u1ee9c chi\u1ebft kh\u1ea5u vui l\u00f2ng li\u00ean h\u1ec7 Hotline).<\/li>\n<li><strong>\u0110\u01b0\u1ee3c ph\u00e2n ph\u1ed1i s\u1ea3n ph\u1ea9m ch\u00ednh h\u00e3ng 100%<\/strong>, ngu\u1ed3n g\u1ed1c r\u00f5 r\u00e0ng, ch\u1ee9ng nh\u1eadn \u0111\u1ea7y \u0111\u1ee7.<\/li>\n<li><strong>H\u1ed7 tr\u1ee3 \u0111\u00e0o t\u1ea1o b\u00e1n h\u00e0ng<\/strong>, ki\u1ebfn th\u1ee9c s\u1ea3n ph\u1ea9m v\u00e0 quy tr\u00ecnh t\u01b0 v\u1ea5n chuy\u00ean nghi\u1ec7p.<\/li>\n<li><strong>Cung c\u1ea5p h\u00ecnh \u1ea3nh \u2013 n\u1ed9i dung marketing \u2013 video \u2013 t\u00e0i li\u1ec7u b\u00e1n h\u00e0ng<\/strong> chu\u1ea9n th\u01b0\u01a1ng hi\u1ec7u Quang Minh Phat Consulting.<\/li>\n<li><strong>B\u1ea3o v\u1ec7 v\u00f9ng b\u00e1n h\u00e0ng<\/strong>, \u0111\u1ea3m b\u1ea3o kh\u00f4ng b\u1ecb c\u1ea1nh tranh ch\u1ed3ng ch\u00e9o.<\/li>\n<li>\u0110\u01b0\u1ee3c tham gia c\u00e1c ch\u01b0\u01a1ng tr\u00ecnh th\u01b0\u1edfng doanh s\u1ed1, t\u1eb7ng qu\u00e0 tri \u00e2n v\u00e0 \u01b0u \u0111\u00e3i theo t\u1eebng th\u1eddi k\u1ef3.<\/li>\n<\/ul>\n<h2 style=\"text-align: justify;\"><span style=\"font-size: 80%;\">&#x2705; <strong>2. Tr\u00e1ch nhi\u1ec7m c\u1ee7a \u0110\u1ea1i l\u00fd Th\u1ee9 c\u1ea5p<\/strong><\/span><\/h2>\n<ul style=\"text-align: justify;\">\n<li>Cam k\u1ebft tu\u00e2n th\u1ee7 \u0111\u00fang gi\u00e1 b\u00e1n l\u1ebb \u0111\u1ec1 xu\u1ea5t, kh\u00f4ng ph\u00e1 gi\u00e1.<\/li>\n<li>Ph\u1ed1i h\u1ee3p truy\u1ec1n th\u00f4ng \u0111\u00fang h\u00ecnh \u1ea3nh \u2013 th\u00f4ng \u0111i\u1ec7p c\u1ee7a th\u01b0\u01a1ng hi\u1ec7u.<\/li>\n<li>\u0110\u1ea3m b\u1ea3o ch\u1ea5t l\u01b0\u1ee3ng d\u1ecbch v\u1ee5 khi t\u01b0 v\u1ea5n cho kh\u00e1ch h\u00e0ng cu\u1ed1i.<\/li>\n<\/ul>\n<h2 style=\"text-align: justify;\"><span style=\"font-size: 80%;\">&#x2705; <strong>3. Quy tr\u00ecnh \u0111\u0103ng k\u00fd \u0111\u1ea1i l\u00fd<\/strong><\/span><\/h2>\n<ol style=\"text-align: justify;\">\n<li>Li\u00ean h\u1ec7 tr\u1ef1c ti\u1ebfp C\u00f4ng ty qua <strong>Hotline 0348.031.222 \u2013 0934.83.2002<\/strong><\/li>\n<li>Nh\u1eadn t\u01b0 v\u1ea5n ch\u00ednh s\u00e1ch \u2013 quy\u1ec1n l\u1ee3i \u2013 m\u1ee9c chi\u1ebft kh\u1ea5u theo doanh thu.<\/li>\n<li>X\u00e1c nh\u1eadn th\u00f4ng tin \u2013 k\u00fd k\u1ebft h\u1ee3p t\u00e1c \u2013 nh\u1eadn t\u00e0i li\u1ec7u b\u00e1n h\u00e0ng.<\/li>\n<li>B\u1eaft \u0111\u1ea7u nh\u1eadp h\u00e0ng v\u00e0 tri\u1ec3n khai kinh doanh.<\/li>\n<\/ol>\n<h3 style=\"text-align: justify;\">&#x2705; <strong>TR\u1ede TH\u00c0NH \u0110\u1ea0I L\u00dd NGAY H\u00d4M NAY!<\/strong><\/h3>\n<p style=\"text-align: justify;\"><strong>\u201cQMPC \u2013 Ch\u1ea5t l\u01b0\u1ee3ng t\u1ea1o n\u00ean th\u01b0\u01a1ng hi\u1ec7u\u201d<\/strong><br \/>&#x1f4de; <em>Hotline \u0111\u0103ng k\u00fd \u0111\u1ea1i l\u00fd:<\/em> <strong>0348.031.222<\/strong><\/p>\n<p style=\"text-align: justify;\">\u00a0<\/p>\n<\/div>\n<\/div>\n<h3 class=\"tieu-de\" style=\"text-align: center;\"><b><\/b>S\u1ea2N PH\u1ea8M KHUY\u1ebeN M\u00c3I<b><\/b><\/h3>\n<div id=\"gtx-trans\" style=\"position: absolute; left: 382px; top: -4.21212px;\">\n<div class=\"gtx-trans-icon\">\u00a0<\/div>\n<\/div>\n<div class=\"woocommerce columns-4\"><div class=\"products row row-small large-columns-4 medium-columns-3 small-columns-1\">\n\n<div class=\"product-small col has-hover product type-product post-1169 status-publish first instock product_cat-chua-phan-loai has-post-thumbnail shipping-taxable purchasable product-type-simple\">\n\t<div class=\"col-inner\">\n\t\n<div class=\"badge-container absolute left top z-1\">\n<\/div>\n\t<div class=\"product-small box\">\n\t\t<div class=\"box-image\">\n\t\t\t<div class=\"image-none\">\n\t\t\t\t<a href=\"https:\/\/quangminhphat.com.vn\/vi\/cua-hang\/set-qua-tang-vinsam-go\/\">\n\t\t\t\t\t<img loading=\"lazy\" decoding=\"async\" width=\"300\" height=\"300\" src=\"https:\/\/quangminhphat.com.vn\/wp-content\/uploads\/2025\/11\/Set-Vinsam-300x300.jpg\" class=\"attachment-woocommerce_thumbnail size-woocommerce_thumbnail\" alt=\"Set qu\u00e0 t\u1eb7ng Vinsam g\u1ed7\" srcset=\"https:\/\/quangminhphat.com.vn\/wp-content\/uploads\/2025\/11\/Set-Vinsam-300x300.jpg 300w, https:\/\/quangminhphat.com.vn\/wp-content\/uploads\/2025\/11\/Set-Vinsam-150x150.jpg 150w, https:\/\/quangminhphat.com.vn\/wp-content\/uploads\/2025\/11\/Set-Vinsam-100x100.jpg 100w\" sizes=\"auto, (max-width: 300px) 100vw, 300px\" \/>\t\t\t\t<\/a>\n\t\t\t<\/div>\n\t\t\t<div class=\"image-tools is-small top right show-on-hover\">\n\t\t\t\t\t\t\t<\/div>\n\t\t\t<div class=\"image-tools is-small hide-for-small bottom left show-on-hover\">\n\t\t\t\t\t\t\t<\/div>\n\t\t\t<div class=\"image-tools grid-tools text-center hide-for-small bottom hover-slide-in show-on-hover\">\n\t\t\t\t\t\t\t<\/div>\n\t\t\t\t\t<\/div>\n\n\t\t<div class=\"box-text box-text-products text-center grid-style-2\">\n\t\t\t<div class=\"title-wrapper\"><p class=\"name product-title woocommerce-loop-product__title\"><a href=\"https:\/\/quangminhphat.com.vn\/vi\/cua-hang\/set-qua-tang-vinsam-go\/\">Set qu\u00e0 t\u1eb7ng Vinsam g\u1ed7<\/a><\/p><\/div><div class=\"price-wrapper\">1 set g\u1ed3m: 1 chai r\u01b0\u1ee3u l\u00e1 s\u00e2m ng\u1ecdc linh m\u1eabu c\u0169 (500ml), 1 h\u0169 s\u00e2m ng\u1ecdc linh ng\u00e2m m\u1eadt&hellip;\n\t<span class=\"price\"><span class=\"woocommerce-Price-amount amount\"><bdi>1.740.000<span class=\"woocommerce-Price-currencySymbol\">&#8363;<\/span><\/bdi><\/span><\/span>\n<\/div>\t\t<\/div>\n\t<\/div>\n\t\t<\/div>\n<\/div>\n\n<div class=\"product-small col has-hover product type-product post-1141 status-publish instock product_cat-chua-phan-loai has-post-thumbnail shipping-taxable purchasable product-type-simple\">\n\t<div class=\"col-inner\">\n\t\n<div class=\"badge-container absolute left top z-1\">\n<\/div>\n\t<div class=\"product-small box\">\n\t\t<div class=\"box-image\">\n\t\t\t<div class=\"image-none\">\n\t\t\t\t<a href=\"https:\/\/quangminhphat.com.vn\/vi\/cua-hang\/tra-sam-ngoc-linh-hop-7-tui\/\">\n\t\t\t\t\t<img loading=\"lazy\" decoding=\"async\" width=\"300\" height=\"300\" src=\"https:\/\/quangminhphat.com.vn\/wp-content\/uploads\/2025\/11\/SP000148-2-2-300x300.png\" class=\"attachment-woocommerce_thumbnail size-woocommerce_thumbnail\" alt=\"Tr\u00e0 S\u00e2m Ng\u1ecdc Linh (h\u1ed9p 7 g\u00f3i)\" srcset=\"https:\/\/quangminhphat.com.vn\/wp-content\/uploads\/2025\/11\/SP000148-2-2-300x300.png 300w, https:\/\/quangminhphat.com.vn\/wp-content\/uploads\/2025\/11\/SP000148-2-2-150x150.png 150w, https:\/\/quangminhphat.com.vn\/wp-content\/uploads\/2025\/11\/SP000148-2-2-768x768.png 768w, https:\/\/quangminhphat.com.vn\/wp-content\/uploads\/2025\/11\/SP000148-2-2-12x12.png 12w, https:\/\/quangminhphat.com.vn\/wp-content\/uploads\/2025\/11\/SP000148-2-2-600x600.png 600w, https:\/\/quangminhphat.com.vn\/wp-content\/uploads\/2025\/11\/SP000148-2-2-100x100.png 100w, https:\/\/quangminhphat.com.vn\/wp-content\/uploads\/2025\/11\/SP000148-2-2.png 1024w\" sizes=\"auto, (max-width: 300px) 100vw, 300px\" \/>\t\t\t\t<\/a>\n\t\t\t<\/div>\n\t\t\t<div class=\"image-tools is-small top right show-on-hover\">\n\t\t\t\t\t\t\t<\/div>\n\t\t\t<div class=\"image-tools is-small hide-for-small bottom left show-on-hover\">\n\t\t\t\t\t\t\t<\/div>\n\t\t\t<div class=\"image-tools grid-tools text-center hide-for-small bottom hover-slide-in show-on-hover\">\n\t\t\t\t\t\t\t<\/div>\n\t\t\t\t\t<\/div>\n\n\t\t<div class=\"box-text box-text-products text-center grid-style-2\">\n\t\t\t<div class=\"title-wrapper\"><p class=\"name product-title woocommerce-loop-product__title\"><a href=\"https:\/\/quangminhphat.com.vn\/vi\/cua-hang\/tra-sam-ngoc-linh-hop-7-tui\/\">Tr\u00e0 S\u00e2m Ng\u1ecdc Linh (h\u1ed9p 7 g\u00f3i)<\/a><\/p><\/div><div class=\"price-wrapper\">Tr\u00e0 t\u00fai l\u1ecdc S\u00e2m Ng\u1ecdc Linh t\u1eeb Vinsam Qu\u1ea3ng Nam \u0111\u01b0\u1ee3c chi\u1ebft xu\u1ea5t t\u1eeb l\u00e1 s\u00e2m Ng\u1ecdc Linh, gi\u1ea3o c\u1ed5&hellip;\n\t<span class=\"price\"><span class=\"woocommerce-Price-amount amount\"><bdi>250.000<span class=\"woocommerce-Price-currencySymbol\">&#8363;<\/span><\/bdi><\/span><\/span>\n<\/div>\t\t<\/div>\n\t<\/div>\n\t\t<\/div>\n<\/div>\n\n<div class=\"product-small col has-hover product type-product post-1114 status-publish instock product_cat-chua-phan-loai has-post-thumbnail shipping-taxable product-type-simple\">\n\t<div class=\"col-inner\">\n\t\n<div class=\"badge-container absolute left top z-1\">\n<\/div>\n\t<div class=\"product-small box\">\n\t\t<div class=\"box-image\">\n\t\t\t<div class=\"image-none\">\n\t\t\t\t<a href=\"https:\/\/quangminhphat.com.vn\/vi\/cua-hang\/sam-tuoi\/\">\n\t\t\t\t\t<img loading=\"lazy\" decoding=\"async\" width=\"300\" height=\"300\" src=\"https:\/\/quangminhphat.com.vn\/wp-content\/uploads\/2025\/11\/Cu-sam-tuoi-300x300.png\" class=\"attachment-woocommerce_thumbnail size-woocommerce_thumbnail\" alt=\"S\u00e2m t\u01b0\u01a1i\" srcset=\"https:\/\/quangminhphat.com.vn\/wp-content\/uploads\/2025\/11\/Cu-sam-tuoi-300x300.png 300w, https:\/\/quangminhphat.com.vn\/wp-content\/uploads\/2025\/11\/Cu-sam-tuoi-1024x1024.png 1024w, https:\/\/quangminhphat.com.vn\/wp-content\/uploads\/2025\/11\/Cu-sam-tuoi-150x150.png 150w, https:\/\/quangminhphat.com.vn\/wp-content\/uploads\/2025\/11\/Cu-sam-tuoi-768x768.png 768w, https:\/\/quangminhphat.com.vn\/wp-content\/uploads\/2025\/11\/Cu-sam-tuoi-600x600.png 600w, https:\/\/quangminhphat.com.vn\/wp-content\/uploads\/2025\/11\/Cu-sam-tuoi-100x100.png 100w, https:\/\/quangminhphat.com.vn\/wp-content\/uploads\/2025\/11\/Cu-sam-tuoi.png 1080w\" sizes=\"auto, (max-width: 300px) 100vw, 300px\" \/>\t\t\t\t<\/a>\n\t\t\t<\/div>\n\t\t\t<div class=\"image-tools is-small top right show-on-hover\">\n\t\t\t\t\t\t\t<\/div>\n\t\t\t<div class=\"image-tools is-small hide-for-small bottom left show-on-hover\">\n\t\t\t\t\t\t\t<\/div>\n\t\t\t<div class=\"image-tools grid-tools text-center hide-for-small bottom hover-slide-in show-on-hover\">\n\t\t\t\t\t\t\t<\/div>\n\t\t\t\t\t<\/div>\n\n\t\t<div class=\"box-text box-text-products text-center grid-style-2\">\n\t\t\t<div class=\"title-wrapper\"><p class=\"name product-title woocommerce-loop-product__title\"><a href=\"https:\/\/quangminhphat.com.vn\/vi\/cua-hang\/sam-tuoi\/\">S\u00e2m t\u01b0\u01a1i<\/a><\/p><\/div><div class=\"price-wrapper\">S\u00e2m Ng\u1ecdc Linh c\u1ee7a Vinsam Qu\u1ea3ng Nam \u0111\u01b0\u1ee3c tr\u1ed3ng d\u01b0\u1edbi t\u00e1n r\u1eebng gi\u00e0 nguy\u00ean sinh tr\u00ean \u0111\u1ec9nh n\u00fai Ng\u1ecdc Linh,&hellip;\n<\/div>\t\t<\/div>\n\t<\/div>\n\t\t<\/div>\n<\/div>\n\n<div class=\"product-small col has-hover product type-product post-1484 status-publish last instock product_cat-chua-phan-loai has-post-thumbnail shipping-taxable purchasable product-type-simple\">\n\t<div class=\"col-inner\">\n\t\n<div class=\"badge-container absolute left top z-1\">\n<\/div>\n\t<div class=\"product-small box\">\n\t\t<div class=\"box-image\">\n\t\t\t<div class=\"image-none\">\n\t\t\t\t<a href=\"https:\/\/quangminhphat.com.vn\/vi\/cua-hang\/nuoc-uong-bo-sung-sam-ngoc-linh-set-4-chai\/\">\n\t\t\t\t\t<img loading=\"lazy\" decoding=\"async\" width=\"300\" height=\"300\" src=\"https:\/\/quangminhphat.com.vn\/wp-content\/uploads\/2026\/03\/111-300x300.png\" class=\"attachment-woocommerce_thumbnail size-woocommerce_thumbnail\" alt=\"N\u01b0\u1edbc U\u1ed1ng B\u1ed5 Sung  S\u00e2m Ng\u1ecdc Linh ( set 4 chai )\" srcset=\"https:\/\/quangminhphat.com.vn\/wp-content\/uploads\/2026\/03\/111-300x300.png 300w, https:\/\/quangminhphat.com.vn\/wp-content\/uploads\/2026\/03\/111-150x150.png 150w, https:\/\/quangminhphat.com.vn\/wp-content\/uploads\/2026\/03\/111-768x768.png 768w, https:\/\/quangminhphat.com.vn\/wp-content\/uploads\/2026\/03\/111-12x12.png 12w, https:\/\/quangminhphat.com.vn\/wp-content\/uploads\/2026\/03\/111-600x600.png 600w, https:\/\/quangminhphat.com.vn\/wp-content\/uploads\/2026\/03\/111-100x100.png 100w, https:\/\/quangminhphat.com.vn\/wp-content\/uploads\/2026\/03\/111.png 1024w\" sizes=\"auto, (max-width: 300px) 100vw, 300px\" \/>\t\t\t\t<\/a>\n\t\t\t<\/div>\n\t\t\t<div class=\"image-tools is-small top right show-on-hover\">\n\t\t\t\t\t\t\t<\/div>\n\t\t\t<div class=\"image-tools is-small hide-for-small bottom left show-on-hover\">\n\t\t\t\t\t\t\t<\/div>\n\t\t\t<div class=\"image-tools grid-tools text-center hide-for-small bottom hover-slide-in show-on-hover\">\n\t\t\t\t\t\t\t<\/div>\n\t\t\t\t\t<\/div>\n\n\t\t<div class=\"box-text box-text-products text-center grid-style-2\">\n\t\t\t<div class=\"title-wrapper\"><p class=\"name product-title woocommerce-loop-product__title\"><a href=\"https:\/\/quangminhphat.com.vn\/vi\/cua-hang\/nuoc-uong-bo-sung-sam-ngoc-linh-set-4-chai\/\">N\u01b0\u1edbc U\u1ed1ng B\u1ed5 Sung  S\u00e2m Ng\u1ecdc Linh ( set 4 chai )<\/a><\/p><\/div><div class=\"price-wrapper\">set 4 chai - 1 chai 50ml\n\t<span class=\"price\"><span class=\"woocommerce-Price-amount amount\"><bdi>500.000<span class=\"woocommerce-Price-currencySymbol\">&#8363;<\/span><\/bdi><\/span><\/span>\n<\/div>\t\t<\/div>\n\t<\/div>\n\t\t<\/div>\n<\/div>\n<\/div><!-- row --><\/div>","protected":false},"excerpt":{"rendered":"<p>CH\u00cdNH S\u00c1CH \u0110\u1ea0I L\u00dd C\u00d4NG TY TNHH T\u01af V\u1ea4N QUANG MINH PH\u00c1T C\u00f4ng ty TNHH T\u01b0 v\u1ea5n Quang Minh Ph\u00e1t (Quang Minh Phat Consulting) h\u00e2n h\u1ea1nh tr\u1edf th\u00e0nh \u0111\u1ea1i l\u00fd ph\u00e2n ph\u1ed1i ch\u00ednh th\u1ee9c c\u1ee7a S\u00e2m Ng\u1ecdc Linh Vinsam c\u00f9ng nhi\u1ec1u d\u00f2ng s\u1ea3n ph\u1ea9m ch\u1ea5t l\u01b0\u1ee3ng cao nh\u01b0 Tr\u00e0 s\u00e2m, S\u00e2m ng\u00e2m m\u1eadt ong, R\u01b0\u1ee3u&#8230;<\/p>","protected":false},"author":1,"featured_media":0,"parent":0,"menu_order":0,"comment_status":"closed","ping_status":"closed","template":"page-left-sidebar.php","meta":{"footnotes":""},"class_list":["post-986","page","type-page","status-publish","hentry"],"yoast_head":"<!-- This site is optimized with the Yoast SEO Premium plugin v20.5 (Yoast SEO v27.1.1) - https:\/\/yoast.com\/product\/yoast-seo-premium-wordpress\/ -->\n<title>Ch\u00ednh s\u00e1ch \u0110\u1ea1i l\u00fd -<\/title>\n<meta name=\"robots\" content=\"noindex, follow, max-snippet:-1, max-image-preview:large, max-video-preview:-1\" \/>\n<meta property=\"og:locale\" content=\"vi_VN\" \/>\n<meta property=\"og:type\" content=\"article\" \/>\n<meta property=\"og:title\" content=\"Ch\u00ednh s\u00e1ch \u0110\u1ea1i l\u00fd\" \/>\n<meta property=\"og:description\" content=\"CH\u00cdNH S\u00c1CH \u0110\u1ea0I L\u00dd C\u00d4NG TY TNHH T\u01af V\u1ea4N QUANG MINH PH\u00c1T C\u00f4ng ty TNHH T\u01b0 v\u1ea5n Quang Minh Ph\u00e1t (Quang Minh Phat Consulting) h\u00e2n h\u1ea1nh tr\u1edf th\u00e0nh \u0111\u1ea1i l\u00fd ph\u00e2n ph\u1ed1i ch\u00ednh th\u1ee9c c\u1ee7a S\u00e2m Ng\u1ecdc Linh Vinsam c\u00f9ng nhi\u1ec1u d\u00f2ng s\u1ea3n ph\u1ea9m ch\u1ea5t l\u01b0\u1ee3ng cao nh\u01b0 Tr\u00e0 s\u00e2m, S\u00e2m ng\u00e2m m\u1eadt ong, R\u01b0\u1ee3u...\" \/>\n<meta property=\"og:url\" content=\"https:\/\/quangminhphat.com.vn\/vi\/chinh-sach-dai-ly\/\" \/>\n<meta property=\"article:modified_time\" content=\"2025-11-10T08:33:15+00:00\" \/>\n<meta name=\"twitter:card\" content=\"summary_large_image\" \/>\n<meta name=\"twitter:label1\" content=\"\u01af\u1edbc t\u00ednh th\u1eddi gian \u0111\u1ecdc\" \/>\n\t<meta name=\"twitter:data1\" content=\"3 ph\u00fat\" \/>\n<script type=\"application\/ld+json\" class=\"yoast-schema-graph\">{\"@context\":\"https:\/\/schema.org\",\"@graph\":[{\"@type\":\"WebPage\",\"@id\":\"https:\/\/quangminhphat.com.vn\/chinh-sach-dai-ly\/\",\"url\":\"https:\/\/quangminhphat.com.vn\/chinh-sach-dai-ly\/\",\"name\":\"Ch\u00ednh s\u00e1ch \u0110\u1ea1i l\u00fd -\",\"isPartOf\":{\"@id\":\"https:\/\/quangminhphat.com.vn\/#website\"},\"datePublished\":\"2025-11-06T02:44:19+00:00\",\"dateModified\":\"2025-11-10T08:33:15+00:00\",\"breadcrumb\":{\"@id\":\"https:\/\/quangminhphat.com.vn\/chinh-sach-dai-ly\/#breadcrumb\"},\"inLanguage\":\"vi\",\"potentialAction\":[{\"@type\":\"ReadAction\",\"target\":[\"https:\/\/quangminhphat.com.vn\/chinh-sach-dai-ly\/\"]}]},{\"@type\":\"BreadcrumbList\",\"@id\":\"https:\/\/quangminhphat.com.vn\/chinh-sach-dai-ly\/#breadcrumb\",\"itemListElement\":[{\"@type\":\"ListItem\",\"position\":1,\"name\":\"Home\",\"item\":\"https:\/\/quangminhphat.com.vn\/\"},{\"@type\":\"ListItem\",\"position\":2,\"name\":\"Ch\u00ednh s\u00e1ch \u0110\u1ea1i l\u00fd\"}]},{\"@type\":\"WebSite\",\"@id\":\"https:\/\/quangminhphat.com.vn\/#website\",\"url\":\"https:\/\/quangminhphat.com.vn\/\",\"name\":\"\",\"description\":\"C\u00f4ng ty TNHH t\u01b0 v\u1ea5n Quang Minh Ph\u00e1t\",\"potentialAction\":[{\"@type\":\"SearchAction\",\"target\":{\"@type\":\"EntryPoint\",\"urlTemplate\":\"https:\/\/quangminhphat.com.vn\/?s={search_term_string}\"},\"query-input\":{\"@type\":\"PropertyValueSpecification\",\"valueRequired\":true,\"valueName\":\"search_term_string\"}}],\"inLanguage\":\"vi\"}]}<\/script>\n<!-- \/ Yoast SEO Premium plugin. -->","yoast_head_json":{"title":"Ch\u00ednh s\u00e1ch \u0110\u1ea1i l\u00fd -","robots":{"index":"noindex","follow":"follow","max-snippet":"max-snippet:-1","max-image-preview":"max-image-preview:large","max-video-preview":"max-video-preview:-1"},"og_locale":"vi_VN","og_type":"article","og_title":"Ch\u00ednh s\u00e1ch \u0110\u1ea1i l\u00fd","og_description":"CH\u00cdNH S\u00c1CH \u0110\u1ea0I L\u00dd C\u00d4NG TY TNHH T\u01af V\u1ea4N QUANG MINH PH\u00c1T C\u00f4ng ty TNHH T\u01b0 v\u1ea5n Quang Minh Ph\u00e1t (Quang Minh Phat Consulting) h\u00e2n h\u1ea1nh tr\u1edf th\u00e0nh \u0111\u1ea1i l\u00fd ph\u00e2n ph\u1ed1i ch\u00ednh th\u1ee9c c\u1ee7a S\u00e2m Ng\u1ecdc Linh Vinsam c\u00f9ng nhi\u1ec1u d\u00f2ng s\u1ea3n ph\u1ea9m ch\u1ea5t l\u01b0\u1ee3ng cao nh\u01b0 Tr\u00e0 s\u00e2m, S\u00e2m ng\u00e2m m\u1eadt ong, R\u01b0\u1ee3u...","og_url":"https:\/\/quangminhphat.com.vn\/vi\/chinh-sach-dai-ly\/","article_modified_time":"2025-11-10T08:33:15+00:00","twitter_card":"summary_large_image","twitter_misc":{"\u01af\u1edbc t\u00ednh th\u1eddi gian \u0111\u1ecdc":"3 ph\u00fat"},"schema":{"@context":"https:\/\/schema.org","@graph":[{"@type":"WebPage","@id":"https:\/\/quangminhphat.com.vn\/chinh-sach-dai-ly\/","url":"https:\/\/quangminhphat.com.vn\/chinh-sach-dai-ly\/","name":"Ch\u00ednh s\u00e1ch \u0110\u1ea1i l\u00fd -","isPartOf":{"@id":"https:\/\/quangminhphat.com.vn\/#website"},"datePublished":"2025-11-06T02:44:19+00:00","dateModified":"2025-11-10T08:33:15+00:00","breadcrumb":{"@id":"https:\/\/quangminhphat.com.vn\/chinh-sach-dai-ly\/#breadcrumb"},"inLanguage":"vi","potentialAction":[{"@type":"ReadAction","target":["https:\/\/quangminhphat.com.vn\/chinh-sach-dai-ly\/"]}]},{"@type":"BreadcrumbList","@id":"https:\/\/quangminhphat.com.vn\/chinh-sach-dai-ly\/#breadcrumb","itemListElement":[{"@type":"ListItem","position":1,"name":"Home","item":"https:\/\/quangminhphat.com.vn\/"},{"@type":"ListItem","position":2,"name":"Ch\u00ednh s\u00e1ch \u0110\u1ea1i l\u00fd"}]},{"@type":"WebSite","@id":"https:\/\/quangminhphat.com.vn\/#website","url":"https:\/\/quangminhphat.com.vn\/","name":"","description":"C\u00f4ng ty TNHH t\u01b0 v\u1ea5n Quang Minh Ph\u00e1t","potentialAction":[{"@type":"SearchAction","target":{"@type":"EntryPoint","urlTemplate":"https:\/\/quangminhphat.com.vn\/?s={search_term_string}"},"query-input":{"@type":"PropertyValueSpecification","valueRequired":true,"valueName":"search_term_string"}}],"inLanguage":"vi"}]}},"_links":{"self":[{"href":"https:\/\/quangminhphat.com.vn\/vi\/wp-json\/wp\/v2\/pages\/986","targetHints":{"allow":["GET"]}}],"collection":[{"href":"https:\/\/quangminhphat.com.vn\/vi\/wp-json\/wp\/v2\/pages"}],"about":[{"href":"https:\/\/quangminhphat.com.vn\/vi\/wp-json\/wp\/v2\/types\/page"}],"author":[{"embeddable":true,"href":"https:\/\/quangminhphat.com.vn\/vi\/wp-json\/wp\/v2\/users\/1"}],"replies":[{"embeddable":true,"href":"https:\/\/quangminhphat.com.vn\/vi\/wp-json\/wp\/v2\/comments?post=986"}],"version-history":[{"count":7,"href":"https:\/\/quangminhphat.com.vn\/vi\/wp-json\/wp\/v2\/pages\/986\/revisions"}],"predecessor-version":[{"id":1300,"href":"https:\/\/quangminhphat.com.vn\/vi\/wp-json\/wp\/v2\/pages\/986\/revisions\/1300"}],"wp:attachment":[{"href":"https:\/\/quangminhphat.com.vn\/vi\/wp-json\/wp\/v2\/media?parent=986"}],"curies":[{"name":"wp","href":"https:\/\/api.w.org\/{rel}","templated":true}]}}