










{"id":1114,"date":"2025-11-07T10:37:03","date_gmt":"2025-11-07T03:37:03","guid":{"rendered":"http:\/\/localhost\/quangminhphat.com.vn\/?post_type=product&#038;p=1114"},"modified":"2025-11-15T18:38:58","modified_gmt":"2025-11-15T11:38:58","slug":"sam-tuoi","status":"publish","type":"product","link":"https:\/\/quangminhphat.com.vn\/vi\/cua-hang\/sam-tuoi\/","title":{"rendered":"S\u00e2m t\u01b0\u01a1i"},"content":{"rendered":"<h2 data-start=\"152\" data-end=\"175\"><strong data-start=\"155\" data-end=\"175\">C\u1ee7 S\u00e2m Ng\u1ecdc Linh<\/strong><\/h2>\n<p data-start=\"177\" data-end=\"378\"><strong data-start=\"177\" data-end=\"215\">S\u00e2m Ng\u1ecdc Linh c\u1ee7a Vinsam Qu\u1ea3ng Nam<\/strong> \u0111\u01b0\u1ee3c tr\u1ed3ng d\u01b0\u1edbi t\u00e1n r\u1eebng gi\u00e0 nguy\u00ean sinh tr\u00ean \u0111\u1ec9nh n\u00fai Ng\u1ecdc Linh, t\u1ea1o n\u00ean h\u01b0\u01a1ng v\u1ecb <strong data-start=\"299\" data-end=\"325\">\u201c\u0110\u1ed9c \u0111\u00e1o v\u00e0 r\u1ea5t ri\u00eang\u201d<\/strong>.<br data-start=\"326\" data-end=\"329\" \/><strong data-start=\"329\" data-end=\"378\">Giao h\u00e0ng to\u00e0n qu\u1ed1c \u2013 Cam k\u1ebft ch\u00ednh h\u00e3ng 100%<\/strong><\/p>\n<hr data-start=\"380\" data-end=\"383\" \/>\n<h3 data-start=\"385\" data-end=\"398\"><strong data-start=\"389\" data-end=\"398\">M\u00f4 t\u1ea3<\/strong><\/h3>\n<p data-start=\"400\" data-end=\"531\"><strong data-start=\"400\" data-end=\"417\">S\u00e2m Ng\u1ecdc Linh<\/strong> l\u00e0 m\u1ed9t lo\u1ea1i s\u00e2m qu\u00fd hi\u1ebfm c\u00f3 ngu\u1ed3n g\u1ed1c t\u1eeb Vi\u1ec7t Nam. N\u00f3 \u0111\u01b0\u1ee3c bi\u1ebft \u0111\u1ebfn v\u1edbi nhi\u1ec1u t\u00e1c d\u1ee5ng t\u1ed1t cho s\u1ee9c kh\u1ecfe, bao g\u1ed3m:<\/p>\n<ul data-start=\"533\" data-end=\"773\">\n<li data-start=\"533\" data-end=\"580\">\n<p data-start=\"535\" data-end=\"580\">B\u1ed5 sung n\u0103ng l\u01b0\u1ee3ng, t\u0103ng c\u01b0\u1eddng s\u1ee9c \u0111\u1ec1 kh\u00e1ng<\/p>\n<\/li>\n<li data-start=\"581\" data-end=\"615\">\n<p data-start=\"583\" data-end=\"615\">T\u0103ng c\u01b0\u1eddng ch\u1ee9c n\u0103ng gan, th\u1eadn<\/p>\n<\/li>\n<li data-start=\"616\" data-end=\"654\">\n<p data-start=\"618\" data-end=\"654\">H\u1ed7 tr\u1ee3 s\u1ee9c kh\u1ecfe tim m\u1ea1ch, huy\u1ebft \u00e1p<\/p>\n<\/li>\n<li data-start=\"655\" data-end=\"682\">\n<p data-start=\"657\" data-end=\"682\">Gi\u1ea3m stress, c\u0103ng th\u1eb3ng<\/p>\n<\/li>\n<li data-start=\"683\" data-end=\"720\">\n<p data-start=\"685\" data-end=\"720\">T\u0103ng c\u01b0\u1eddng tr\u00ed nh\u1edb, gi\u00fap ng\u1ee7 ngon<\/p>\n<\/li>\n<li data-start=\"721\" data-end=\"773\">\n<p data-start=\"723\" data-end=\"773\">T\u0103ng c\u01b0\u1eddng sinh l\u1ef1c, c\u1ea3i thi\u1ec7n ch\u1ee9c n\u0103ng sinh l\u00fd<\/p>\n<\/li>\n<\/ul>\n<p data-start=\"775\" data-end=\"1046\">S\u00e2m Ng\u1ecdc Linh c\u1ee7a Vinsam Qu\u1ea3ng Nam \u0111\u01b0\u1ee3c tr\u1ed3ng <strong data-start=\"821\" data-end=\"854\">d\u01b0\u1edbi t\u00e1n r\u1eebng gi\u00e0 nguy\u00ean sinh<\/strong> v\u1edbi \u0111\u1ed9 cao g\u1ea7n <strong data-start=\"870\" data-end=\"879\">2000m<\/strong> tr\u00ean \u0111\u1ec9nh n\u00fai Ng\u1ecdc Linh. H\u00fat d\u01b0\u1ee1ng ch\u1ea5t c\u1ee7a \u0111\u1ea5t v\u00e0 kh\u00ed tr\u1eddi t\u1ef1 nhi\u00ean ch\u1ec9 c\u00f3 ri\u00eang t\u1ea1i v\u00f9ng n\u00fai Ng\u1ecdc Linh, t\u1ec9nh Qu\u1ea3ng Nam, t\u1ea1o n\u00ean h\u01b0\u01a1ng v\u1ecb <strong data-start=\"1019\" data-end=\"1045\">\u201c\u0110\u1ed9c \u0111\u00e1o v\u00e0 r\u1ea5t ri\u00eang\u201d<\/strong>.<\/p>\n<hr data-start=\"1048\" data-end=\"1051\" \/>\n<h3 data-start=\"1053\" data-end=\"1093\"><strong data-start=\"1057\" data-end=\"1093\">C\u1ee7 s\u00e2m Ng\u1ecdc Linh d\u00f9ng \u0111\u1ec3 l\u00e0m g\u00ec:<\/strong><\/h3>\n<ul data-start=\"1095\" data-end=\"1209\">\n<li data-start=\"1095\" data-end=\"1152\">\n<p data-start=\"1097\" data-end=\"1152\">C\u00f3 th\u1ec3 c\u1eaft l\u00e1t m\u1ecfng v\u00e0 \u0103n tr\u1ef1c ti\u1ebfp sau khi r\u1eeda s\u1ea1ch.<\/p>\n<\/li>\n<li data-start=\"1153\" data-end=\"1185\">\n<p data-start=\"1155\" data-end=\"1185\">S\u1eed d\u1ee5ng \u0111\u1ec3 ng\u00e2m v\u1edbi m\u1eadt ong.<\/p>\n<\/li>\n<li data-start=\"1186\" data-end=\"1209\">\n<p data-start=\"1188\" data-end=\"1209\">S\u1eed d\u1ee5ng \u0111\u1ec3 ng\u00e2m r\u01b0\u1ee3u.<\/p>\n<\/li>\n<\/ul>","protected":false},"excerpt":{"rendered":"<p><strong data-start=\"177\" data-end=\"215\">S\u00e2m Ng\u1ecdc Linh c\u1ee7a Vinsam Qu\u1ea3ng Nam<\/strong> \u0111\u01b0\u1ee3c tr\u1ed3ng d\u01b0\u1edbi t\u00e1n r\u1eebng gi\u00e0 nguy\u00ean sinh tr\u00ean \u0111\u1ec9nh n\u00fai Ng\u1ecdc Linh, t\u1ea1o n\u00ean h\u01b0\u01a1ng v\u1ecb <strong data-start=\"299\" data-end=\"325\">\u201c\u0110\u1ed9c \u0111\u00e1o v\u00e0 r\u1ea5t ri\u00eang\u201d<\/strong>.<br data-start=\"326\" data-end=\"329\" \/><strong data-start=\"329\" data-end=\"378\">Giao h\u00e0ng to\u00e0n qu\u1ed1c \u2013 Cam k\u1ebft ch\u00ednh h\u00e3ng 100%<\/strong><\/p>","protected":false},"featured_media":1121,"comment_status":"open","ping_status":"closed","template":"","meta":[],"product_brand":[],"product_cat":[26],"product_tag":[],"class_list":{"0":"post-1114","1":"product","2":"type-product","3":"status-publish","4":"has-post-thumbnail","6":"product_cat-chua-phan-loai","8":"first","9":"instock","10":"shipping-taxable","11":"product-type-simple"},"yoast_head":"<!-- This site is optimized with the Yoast SEO Premium plugin v20.5 (Yoast SEO v27.1.1) - https:\/\/yoast.com\/product\/yoast-seo-premium-wordpress\/ -->\n<title>S\u00e2m t\u01b0\u01a1i -<\/title>\n<meta name=\"robots\" content=\"noindex, follow, max-snippet:-1, max-image-preview:large, max-video-preview:-1\" \/>\n<meta property=\"og:locale\" content=\"vi_VN\" \/>\n<meta property=\"og:type\" content=\"article\" \/>\n<meta property=\"og:title\" content=\"S\u00e2m t\u01b0\u01a1i\" \/>\n<meta property=\"og:description\" content=\"S\u00e2m Ng\u1ecdc Linh c\u1ee7a Vinsam Qu\u1ea3ng Nam \u0111\u01b0\u1ee3c tr\u1ed3ng d\u01b0\u1edbi t\u00e1n r\u1eebng gi\u00e0 nguy\u00ean sinh tr\u00ean \u0111\u1ec9nh n\u00fai Ng\u1ecdc Linh, t\u1ea1o n\u00ean h\u01b0\u01a1ng v\u1ecb \u201c\u0110\u1ed9c \u0111\u00e1o v\u00e0 r\u1ea5t ri\u00eang\u201d.Giao h\u00e0ng to\u00e0n qu\u1ed1c \u2013 Cam k\u1ebft ch\u00ednh h\u00e3ng 100%\" \/>\n<meta property=\"og:url\" content=\"https:\/\/quangminhphat.com.vn\/vi\/cua-hang\/sam-tuoi\/\" \/>\n<meta property=\"article:modified_time\" content=\"2025-11-15T11:38:58+00:00\" \/>\n<meta property=\"og:image\" content=\"https:\/\/quangminhphat.com.vn\/wp-content\/uploads\/2025\/11\/Cu-sam-tuoi.png\" \/>\n\t<meta property=\"og:image:width\" content=\"1080\" \/>\n\t<meta property=\"og:image:height\" content=\"1080\" \/>\n\t<meta property=\"og:image:type\" content=\"image\/png\" \/>\n<meta name=\"twitter:card\" content=\"summary_large_image\" \/>\n<meta name=\"twitter:label1\" content=\"\u01af\u1edbc t\u00ednh th\u1eddi gian \u0111\u1ecdc\" \/>\n\t<meta name=\"twitter:data1\" content=\"2 ph\u00fat\" \/>\n<script type=\"application\/ld+json\" class=\"yoast-schema-graph\">{\"@context\":\"https:\/\/schema.org\",\"@graph\":[{\"@type\":\"WebPage\",\"@id\":\"https:\/\/quangminhphat.com.vn\/cua-hang\/sam-tuoi\/\",\"url\":\"https:\/\/quangminhphat.com.vn\/cua-hang\/sam-tuoi\/\",\"name\":\"S\u00e2m t\u01b0\u01a1i -\",\"isPartOf\":{\"@id\":\"https:\/\/quangminhphat.com.vn\/#website\"},\"primaryImageOfPage\":{\"@id\":\"https:\/\/quangminhphat.com.vn\/cua-hang\/sam-tuoi\/#primaryimage\"},\"image\":{\"@id\":\"https:\/\/quangminhphat.com.vn\/cua-hang\/sam-tuoi\/#primaryimage\"},\"thumbnailUrl\":\"https:\/\/quangminhphat.com.vn\/wp-content\/uploads\/2025\/11\/Cu-sam-tuoi.png\",\"datePublished\":\"2025-11-07T03:37:03+00:00\",\"dateModified\":\"2025-11-15T11:38:58+00:00\",\"breadcrumb\":{\"@id\":\"https:\/\/quangminhphat.com.vn\/cua-hang\/sam-tuoi\/#breadcrumb\"},\"inLanguage\":\"vi\",\"potentialAction\":[{\"@type\":\"ReadAction\",\"target\":[\"https:\/\/quangminhphat.com.vn\/cua-hang\/sam-tuoi\/\"]}]},{\"@type\":\"ImageObject\",\"inLanguage\":\"vi\",\"@id\":\"https:\/\/quangminhphat.com.vn\/cua-hang\/sam-tuoi\/#primaryimage\",\"url\":\"https:\/\/quangminhphat.com.vn\/wp-content\/uploads\/2025\/11\/Cu-sam-tuoi.png\",\"contentUrl\":\"https:\/\/quangminhphat.com.vn\/wp-content\/uploads\/2025\/11\/Cu-sam-tuoi.png\",\"width\":1080,\"height\":1080},{\"@type\":\"BreadcrumbList\",\"@id\":\"https:\/\/quangminhphat.com.vn\/cua-hang\/sam-tuoi\/#breadcrumb\",\"itemListElement\":[{\"@type\":\"ListItem\",\"position\":1,\"name\":\"Home\",\"item\":\"https:\/\/quangminhphat.com.vn\/\"},{\"@type\":\"ListItem\",\"position\":2,\"name\":\"C\u1eeda h\u00e0ng\",\"item\":\"https:\/\/quangminhphat.com.vn\/cua-hang\/\"},{\"@type\":\"ListItem\",\"position\":3,\"name\":\"S\u00e2m t\u01b0\u01a1i\"}]},{\"@type\":\"WebSite\",\"@id\":\"https:\/\/quangminhphat.com.vn\/#website\",\"url\":\"https:\/\/quangminhphat.com.vn\/\",\"name\":\"\",\"description\":\"C\u00f4ng ty TNHH t\u01b0 v\u1ea5n Quang Minh Ph\u00e1t\",\"potentialAction\":[{\"@type\":\"SearchAction\",\"target\":{\"@type\":\"EntryPoint\",\"urlTemplate\":\"https:\/\/quangminhphat.com.vn\/?s={search_term_string}\"},\"query-input\":{\"@type\":\"PropertyValueSpecification\",\"valueRequired\":true,\"valueName\":\"search_term_string\"}}],\"inLanguage\":\"vi\"}]}<\/script>\n<!-- \/ Yoast SEO Premium plugin. -->","yoast_head_json":{"title":"S\u00e2m t\u01b0\u01a1i -","robots":{"index":"noindex","follow":"follow","max-snippet":"max-snippet:-1","max-image-preview":"max-image-preview:large","max-video-preview":"max-video-preview:-1"},"og_locale":"vi_VN","og_type":"article","og_title":"S\u00e2m t\u01b0\u01a1i","og_description":"S\u00e2m Ng\u1ecdc Linh c\u1ee7a Vinsam Qu\u1ea3ng Nam \u0111\u01b0\u1ee3c tr\u1ed3ng d\u01b0\u1edbi t\u00e1n r\u1eebng gi\u00e0 nguy\u00ean sinh tr\u00ean \u0111\u1ec9nh n\u00fai Ng\u1ecdc Linh, t\u1ea1o n\u00ean h\u01b0\u01a1ng v\u1ecb \u201c\u0110\u1ed9c \u0111\u00e1o v\u00e0 r\u1ea5t ri\u00eang\u201d.Giao h\u00e0ng to\u00e0n qu\u1ed1c \u2013 Cam k\u1ebft ch\u00ednh h\u00e3ng 100%","og_url":"https:\/\/quangminhphat.com.vn\/vi\/cua-hang\/sam-tuoi\/","article_modified_time":"2025-11-15T11:38:58+00:00","og_image":[{"width":1080,"height":1080,"url":"https:\/\/quangminhphat.com.vn\/wp-content\/uploads\/2025\/11\/Cu-sam-tuoi.png","type":"image\/png"}],"twitter_card":"summary_large_image","twitter_misc":{"\u01af\u1edbc t\u00ednh th\u1eddi gian \u0111\u1ecdc":"2 ph\u00fat"},"schema":{"@context":"https:\/\/schema.org","@graph":[{"@type":"WebPage","@id":"https:\/\/quangminhphat.com.vn\/cua-hang\/sam-tuoi\/","url":"https:\/\/quangminhphat.com.vn\/cua-hang\/sam-tuoi\/","name":"S\u00e2m t\u01b0\u01a1i -","isPartOf":{"@id":"https:\/\/quangminhphat.com.vn\/#website"},"primaryImageOfPage":{"@id":"https:\/\/quangminhphat.com.vn\/cua-hang\/sam-tuoi\/#primaryimage"},"image":{"@id":"https:\/\/quangminhphat.com.vn\/cua-hang\/sam-tuoi\/#primaryimage"},"thumbnailUrl":"https:\/\/quangminhphat.com.vn\/wp-content\/uploads\/2025\/11\/Cu-sam-tuoi.png","datePublished":"2025-11-07T03:37:03+00:00","dateModified":"2025-11-15T11:38:58+00:00","breadcrumb":{"@id":"https:\/\/quangminhphat.com.vn\/cua-hang\/sam-tuoi\/#breadcrumb"},"inLanguage":"vi","potentialAction":[{"@type":"ReadAction","target":["https:\/\/quangminhphat.com.vn\/cua-hang\/sam-tuoi\/"]}]},{"@type":"ImageObject","inLanguage":"vi","@id":"https:\/\/quangminhphat.com.vn\/cua-hang\/sam-tuoi\/#primaryimage","url":"https:\/\/quangminhphat.com.vn\/wp-content\/uploads\/2025\/11\/Cu-sam-tuoi.png","contentUrl":"https:\/\/quangminhphat.com.vn\/wp-content\/uploads\/2025\/11\/Cu-sam-tuoi.png","width":1080,"height":1080},{"@type":"BreadcrumbList","@id":"https:\/\/quangminhphat.com.vn\/cua-hang\/sam-tuoi\/#breadcrumb","itemListElement":[{"@type":"ListItem","position":1,"name":"Home","item":"https:\/\/quangminhphat.com.vn\/"},{"@type":"ListItem","position":2,"name":"C\u1eeda h\u00e0ng","item":"https:\/\/quangminhphat.com.vn\/cua-hang\/"},{"@type":"ListItem","position":3,"name":"S\u00e2m t\u01b0\u01a1i"}]},{"@type":"WebSite","@id":"https:\/\/quangminhphat.com.vn\/#website","url":"https:\/\/quangminhphat.com.vn\/","name":"","description":"C\u00f4ng ty TNHH t\u01b0 v\u1ea5n Quang Minh Ph\u00e1t","potentialAction":[{"@type":"SearchAction","target":{"@type":"EntryPoint","urlTemplate":"https:\/\/quangminhphat.com.vn\/?s={search_term_string}"},"query-input":{"@type":"PropertyValueSpecification","valueRequired":true,"valueName":"search_term_string"}}],"inLanguage":"vi"}]}},"_links":{"self":[{"href":"https:\/\/quangminhphat.com.vn\/vi\/wp-json\/wp\/v2\/product\/1114","targetHints":{"allow":["GET"]}}],"collection":[{"href":"https:\/\/quangminhphat.com.vn\/vi\/wp-json\/wp\/v2\/product"}],"about":[{"href":"https:\/\/quangminhphat.com.vn\/vi\/wp-json\/wp\/v2\/types\/product"}],"replies":[{"embeddable":true,"href":"https:\/\/quangminhphat.com.vn\/vi\/wp-json\/wp\/v2\/comments?post=1114"}],"wp:featuredmedia":[{"embeddable":true,"href":"https:\/\/quangminhphat.com.vn\/vi\/wp-json\/wp\/v2\/media\/1121"}],"wp:attachment":[{"href":"https:\/\/quangminhphat.com.vn\/vi\/wp-json\/wp\/v2\/media?parent=1114"}],"wp:term":[{"taxonomy":"product_brand","embeddable":true,"href":"https:\/\/quangminhphat.com.vn\/vi\/wp-json\/wp\/v2\/product_brand?post=1114"},{"taxonomy":"product_cat","embeddable":true,"href":"https:\/\/quangminhphat.com.vn\/vi\/wp-json\/wp\/v2\/product_cat?post=1114"},{"taxonomy":"product_tag","embeddable":true,"href":"https:\/\/quangminhphat.com.vn\/vi\/wp-json\/wp\/v2\/product_tag?post=1114"}],"curies":[{"name":"wp","href":"https:\/\/api.w.org\/{rel}","templated":true}]}}