










{"id":1122,"date":"2025-11-07T10:40:09","date_gmt":"2025-11-07T03:40:09","guid":{"rendered":"http:\/\/localhost\/quangminhphat.com.vn\/?post_type=product&#038;p=1122"},"modified":"2026-03-09T13:09:45","modified_gmt":"2026-03-09T06:09:45","slug":"keo-ngam-sam-ngoc-linh","status":"publish","type":"product","link":"https:\/\/quangminhphat.com.vn\/vi\/cua-hang\/keo-ngam-sam-ngoc-linh\/","title":{"rendered":"K\u1eb9o ng\u1eadm S\u00e2m Ng\u1ecdc Linh"},"content":{"rendered":"<h2 data-start=\"70\" data-end=\"118\"><strong data-start=\"73\" data-end=\"118\">K\u1eb9o Ng\u1eadm S\u00e2m Ng\u1ecdc Linh \u2013 VINSAM Qu\u1ea3ng Nam<\/strong><\/h2>\n<p data-start=\"120\" data-end=\"421\">K\u1eb9o ng\u1eadm S\u00e2m Ng\u1ecdc Linh \u0111\u01b0\u1ee3c s\u1ea3n xu\u1ea5t t\u1eeb <strong data-start=\"160\" data-end=\"186\">s\u00e2m Ng\u1ecdc Linh t\u1ef1 nhi\u00ean<\/strong>, lo\u00e0i d\u01b0\u1ee3c li\u1ec7u qu\u00fd hi\u1ebfm b\u1eadc nh\u1ea5t th\u1ebf gi\u1edbi. S\u1ea3n ph\u1ea9m c\u00f3 <strong data-start=\"243\" data-end=\"258\">v\u1ecb ng\u1ecdt d\u1ecbu<\/strong>, th\u01a1m t\u1ef1 nhi\u00ean, gi\u00fap th\u01a1m mi\u1ec7ng, gi\u1ea3m kh\u00f4 r\u00e1t c\u1ed5 h\u1ecdng, \u0111\u1ed3ng th\u1eddi b\u1ed5 sung n\u0103ng l\u01b0\u1ee3ng v\u00e0 n\u00e2ng cao s\u1ee9c \u0111\u1ec1 kh\u00e1ng.<br data-start=\"368\" data-end=\"371\" \/><strong data-start=\"371\" data-end=\"421\">Giao h\u00e0ng to\u00e0n qu\u1ed1c \u2013 Cam k\u1ebft ch\u00ednh h\u00e3ng 100%.<\/strong><\/p>\n<hr data-start=\"423\" data-end=\"426\" \/>\n<h3 data-start=\"428\" data-end=\"445\"><strong data-start=\"432\" data-end=\"445\">C\u00f4ng d\u1ee5ng<\/strong><\/h3>\n<ul data-start=\"447\" data-end=\"782\">\n<li data-start=\"447\" data-end=\"516\">\n<p data-start=\"449\" data-end=\"516\"><strong data-start=\"449\" data-end=\"471\">T\u0103ng s\u1ee9c \u0111\u1ec1 kh\u00e1ng:<\/strong> B\u1ed5 sung saponin qu\u00fd, n\u00e2ng cao h\u1ec7 mi\u1ec5n d\u1ecbch<\/p>\n<\/li>\n<li data-start=\"517\" data-end=\"613\">\n<p data-start=\"519\" data-end=\"613\"><strong data-start=\"519\" data-end=\"547\">Gi\u00fap tinh th\u1ea7n t\u1ec9nh t\u00e1o:<\/strong> H\u1ed7 tr\u1ee3 gi\u1ea3m c\u0103ng th\u1eb3ng, m\u1ec7t m\u1ecfi, c\u1ea3i thi\u1ec7n t\u1eadp trung v\u00e0 tr\u00ed nh\u1edb<\/p>\n<\/li>\n<li data-start=\"614\" data-end=\"697\">\n<p data-start=\"616\" data-end=\"697\"><strong data-start=\"616\" data-end=\"639\">B\u1ed5 sung n\u0103ng l\u01b0\u1ee3ng:<\/strong> Ph\u00f9 h\u1ee3p cho ng\u01b0\u1eddi lao \u0111\u1ed9ng tr\u00ed \u00f3c, h\u1ecdc sinh \u2013 sinh vi\u00ean<\/p>\n<\/li>\n<li data-start=\"698\" data-end=\"782\">\n<p data-start=\"700\" data-end=\"782\"><strong data-start=\"700\" data-end=\"732\">B\u1ea3o v\u1ec7 c\u1ed5 h\u1ecdng \u2013 th\u01a1m mi\u1ec7ng:<\/strong> L\u00e0m d\u1ecbu c\u1ed5 h\u1ecdng, gi\u1ea3m kh\u00f4 r\u00e1t, h\u01a1i th\u1edf th\u01a1m m\u00e1t<\/p>\n<\/li>\n<\/ul>\n<hr data-start=\"784\" data-end=\"787\" \/>\n<h3 data-start=\"789\" data-end=\"814\"><strong data-start=\"793\" data-end=\"814\">\u0110\u1ed1i t\u01b0\u1ee3ng s\u1eed d\u1ee5ng<\/strong><\/h3>\n<ul data-start=\"816\" data-end=\"969\">\n<li data-start=\"816\" data-end=\"858\">\n<p data-start=\"818\" data-end=\"858\">Ng\u01b0\u1eddi th\u01b0\u1eddng xuy\u00ean c\u0103ng th\u1eb3ng, m\u1ec7t m\u1ecfi<\/p>\n<\/li>\n<li data-start=\"859\" data-end=\"907\">\n<p data-start=\"861\" data-end=\"907\">Ng\u01b0\u1eddi c\u1ea7n t\u0103ng c\u01b0\u1eddng s\u1ee9c kh\u1ecfe, b\u1ed3i b\u1ed5 c\u01a1 th\u1ec3<\/p>\n<\/li>\n<li data-start=\"908\" data-end=\"969\">\n<p data-start=\"910\" data-end=\"969\">Ng\u01b0\u1eddi l\u1edbn tu\u1ed5i, nh\u00e2n vi\u00ean v\u0103n ph\u00f2ng, h\u1ecdc sinh \u2013 sinh vi\u00ean<\/p>\n<\/li>\n<\/ul>\n<hr data-start=\"971\" data-end=\"974\" \/>\n<h3 data-start=\"976\" data-end=\"1003\"><strong data-start=\"980\" data-end=\"1003\">Quy c\u00e1ch &amp; B\u1ea3o qu\u1ea3n<\/strong><\/h3>\n<ul data-start=\"1005\" data-end=\"1176\">\n<li data-start=\"1005\" data-end=\"1078\">\n<p data-start=\"1007\" data-end=\"1078\"><strong data-start=\"1007\" data-end=\"1020\">Quy c\u00e1ch:<\/strong> H\u1ed9p g\u1ed3m 5<strong data-start=\"1029\" data-end=\"1038\">\u00a0g\u00f3i<\/strong>, 1 g\u00f3i 10 vi\u00ean<\/p>\n<\/li>\n<li data-start=\"1079\" data-end=\"1105\"><strong data-start=\"1108\" data-end=\"1121\">B\u1ea3o qu\u1ea3n:<\/strong> \u0110\u1ec3 n\u01a1i kh\u00f4 r\u00e1o, tho\u00e1ng m\u00e1t, tr\u00e1nh \u00e1nh n\u1eafng tr\u1ef1c ti\u1ebfp<\/li>\n<\/ul>\n<hr data-start=\"1178\" data-end=\"1181\" \/>\n<h3 data-start=\"1183\" data-end=\"1205\"><strong data-start=\"1187\" data-end=\"1205\">\u0110i\u1ec3m kh\u00e1c bi\u1ec7t<\/strong><\/h3>\n<ul data-start=\"1207\" data-end=\"1402\">\n<li data-start=\"1207\" data-end=\"1278\">\n<p data-start=\"1209\" data-end=\"1278\">Nguy\u00ean li\u1ec7u <strong data-start=\"1221\" data-end=\"1257\">s\u00e2m Ng\u1ecdc Linh t\u1ef1 nhi\u00ean Qu\u1ea3ng Nam<\/strong>, canh t\u00e1c b\u1ec1n v\u1eefng<\/p>\n<\/li>\n<li data-start=\"1279\" data-end=\"1340\">\n<p data-start=\"1281\" data-end=\"1340\">D\u00e2y chuy\u1ec1n s\u1ea3n xu\u1ea5t hi\u1ec7n \u0111\u1ea1i, \u0111\u1ea1t chu\u1ea9n an to\u00e0n th\u1ef1c ph\u1ea9m<\/p>\n<\/li>\n<li data-start=\"1341\" data-end=\"1402\">\n<p data-start=\"1343\" data-end=\"1402\">Bao b\u00ec tinh t\u1ebf, ph\u00f9 h\u1ee3p l\u00e0m <strong data-start=\"1371\" data-end=\"1400\">qu\u00e0 t\u1eb7ng s\u1ee9c kh\u1ecfe cao c\u1ea5p<\/strong><\/p>\n<\/li>\n<\/ul>","protected":false},"excerpt":{"rendered":"<p>K\u1eb9o ng\u1eadm S\u00e2m Ng\u1ecdc Linh \u0111\u01b0\u1ee3c s\u1ea3n xu\u1ea5t t\u1eeb <strong data-start=\"160\" data-end=\"186\">s\u00e2m Ng\u1ecdc Linh t\u1ef1 nhi\u00ean<\/strong>, lo\u00e0i d\u01b0\u1ee3c li\u1ec7u qu\u00fd hi\u1ebfm b\u1eadc nh\u1ea5t th\u1ebf gi\u1edbi. S\u1ea3n ph\u1ea9m c\u00f3 <strong data-start=\"243\" data-end=\"258\">v\u1ecb ng\u1ecdt d\u1ecbu<\/strong>, th\u01a1m t\u1ef1 nhi\u00ean, gi\u00fap th\u01a1m mi\u1ec7ng, gi\u1ea3m kh\u00f4 r\u00e1t c\u1ed5 h\u1ecdng, \u0111\u1ed3ng th\u1eddi b\u1ed5 sung n\u0103ng l\u01b0\u1ee3ng v\u00e0 n\u00e2ng cao s\u1ee9c \u0111\u1ec1 kh\u00e1ng.<br data-start=\"368\" data-end=\"371\" \/><strong data-start=\"371\" data-end=\"421\">Giao h\u00e0ng to\u00e0n qu\u1ed1c \u2013 Cam k\u1ebft ch\u00ednh h\u00e3ng 100%.<\/strong><\/p>","protected":false},"featured_media":1543,"comment_status":"open","ping_status":"closed","template":"","meta":[],"product_brand":[],"product_cat":[26],"product_tag":[],"class_list":{"0":"post-1122","1":"product","2":"type-product","3":"status-publish","4":"has-post-thumbnail","6":"product_cat-chua-phan-loai","8":"first","9":"instock","10":"sale","11":"shipping-taxable","12":"purchasable","13":"product-type-simple"},"yoast_head":"<!-- This site is optimized with the Yoast SEO Premium plugin v20.5 (Yoast SEO v27.1.1) - https:\/\/yoast.com\/product\/yoast-seo-premium-wordpress\/ -->\n<title>K\u1eb9o ng\u1eadm S\u00e2m Ng\u1ecdc Linh -<\/title>\n<meta name=\"robots\" content=\"noindex, follow, max-snippet:-1, max-image-preview:large, max-video-preview:-1\" \/>\n<meta property=\"og:locale\" content=\"vi_VN\" \/>\n<meta property=\"og:type\" content=\"article\" \/>\n<meta property=\"og:title\" content=\"K\u1eb9o ng\u1eadm S\u00e2m Ng\u1ecdc Linh\" \/>\n<meta property=\"og:description\" content=\"K\u1eb9o ng\u1eadm S\u00e2m Ng\u1ecdc Linh \u0111\u01b0\u1ee3c s\u1ea3n xu\u1ea5t t\u1eeb s\u00e2m Ng\u1ecdc Linh t\u1ef1 nhi\u00ean, lo\u00e0i d\u01b0\u1ee3c li\u1ec7u qu\u00fd hi\u1ebfm b\u1eadc nh\u1ea5t th\u1ebf gi\u1edbi. S\u1ea3n ph\u1ea9m c\u00f3 v\u1ecb ng\u1ecdt d\u1ecbu, th\u01a1m t\u1ef1 nhi\u00ean, gi\u00fap th\u01a1m mi\u1ec7ng, gi\u1ea3m kh\u00f4 r\u00e1t c\u1ed5 h\u1ecdng, \u0111\u1ed3ng th\u1eddi b\u1ed5 sung n\u0103ng l\u01b0\u1ee3ng v\u00e0 n\u00e2ng cao s\u1ee9c \u0111\u1ec1 kh\u00e1ng.Giao h\u00e0ng to\u00e0n qu\u1ed1c \u2013 Cam k\u1ebft ch\u00ednh h\u00e3ng 100%.\" \/>\n<meta property=\"og:url\" content=\"https:\/\/quangminhphat.com.vn\/vi\/cua-hang\/keo-ngam-sam-ngoc-linh\/\" \/>\n<meta property=\"article:modified_time\" content=\"2026-03-09T06:09:45+00:00\" \/>\n<meta property=\"og:image\" content=\"https:\/\/quangminhphat.com.vn\/wp-content\/uploads\/2025\/11\/khong-gia-1.jpg\" \/>\n\t<meta property=\"og:image:width\" content=\"1024\" \/>\n\t<meta property=\"og:image:height\" content=\"1024\" \/>\n\t<meta property=\"og:image:type\" content=\"image\/jpeg\" \/>\n<meta name=\"twitter:card\" content=\"summary_large_image\" \/>\n<meta name=\"twitter:label1\" content=\"\u01af\u1edbc t\u00ednh th\u1eddi gian \u0111\u1ecdc\" \/>\n\t<meta name=\"twitter:data1\" content=\"2 ph\u00fat\" \/>\n<script type=\"application\/ld+json\" class=\"yoast-schema-graph\">{\"@context\":\"https:\/\/schema.org\",\"@graph\":[{\"@type\":\"WebPage\",\"@id\":\"https:\/\/quangminhphat.com.vn\/cua-hang\/keo-ngam-sam-ngoc-linh\/\",\"url\":\"https:\/\/quangminhphat.com.vn\/cua-hang\/keo-ngam-sam-ngoc-linh\/\",\"name\":\"K\u1eb9o ng\u1eadm S\u00e2m Ng\u1ecdc Linh -\",\"isPartOf\":{\"@id\":\"https:\/\/quangminhphat.com.vn\/#website\"},\"primaryImageOfPage\":{\"@id\":\"https:\/\/quangminhphat.com.vn\/cua-hang\/keo-ngam-sam-ngoc-linh\/#primaryimage\"},\"image\":{\"@id\":\"https:\/\/quangminhphat.com.vn\/cua-hang\/keo-ngam-sam-ngoc-linh\/#primaryimage\"},\"thumbnailUrl\":\"https:\/\/quangminhphat.com.vn\/wp-content\/uploads\/2025\/11\/khong-gia-1.jpg\",\"datePublished\":\"2025-11-07T03:40:09+00:00\",\"dateModified\":\"2026-03-09T06:09:45+00:00\",\"breadcrumb\":{\"@id\":\"https:\/\/quangminhphat.com.vn\/cua-hang\/keo-ngam-sam-ngoc-linh\/#breadcrumb\"},\"inLanguage\":\"vi\",\"potentialAction\":[{\"@type\":\"ReadAction\",\"target\":[\"https:\/\/quangminhphat.com.vn\/cua-hang\/keo-ngam-sam-ngoc-linh\/\"]}]},{\"@type\":\"ImageObject\",\"inLanguage\":\"vi\",\"@id\":\"https:\/\/quangminhphat.com.vn\/cua-hang\/keo-ngam-sam-ngoc-linh\/#primaryimage\",\"url\":\"https:\/\/quangminhphat.com.vn\/wp-content\/uploads\/2025\/11\/khong-gia-1.jpg\",\"contentUrl\":\"https:\/\/quangminhphat.com.vn\/wp-content\/uploads\/2025\/11\/khong-gia-1.jpg\",\"width\":1024,\"height\":1024},{\"@type\":\"BreadcrumbList\",\"@id\":\"https:\/\/quangminhphat.com.vn\/cua-hang\/keo-ngam-sam-ngoc-linh\/#breadcrumb\",\"itemListElement\":[{\"@type\":\"ListItem\",\"position\":1,\"name\":\"Home\",\"item\":\"https:\/\/quangminhphat.com.vn\/\"},{\"@type\":\"ListItem\",\"position\":2,\"name\":\"C\u1eeda h\u00e0ng\",\"item\":\"https:\/\/quangminhphat.com.vn\/cua-hang\/\"},{\"@type\":\"ListItem\",\"position\":3,\"name\":\"K\u1eb9o ng\u1eadm S\u00e2m Ng\u1ecdc Linh\"}]},{\"@type\":\"WebSite\",\"@id\":\"https:\/\/quangminhphat.com.vn\/#website\",\"url\":\"https:\/\/quangminhphat.com.vn\/\",\"name\":\"\",\"description\":\"C\u00f4ng ty TNHH t\u01b0 v\u1ea5n Quang Minh Ph\u00e1t\",\"potentialAction\":[{\"@type\":\"SearchAction\",\"target\":{\"@type\":\"EntryPoint\",\"urlTemplate\":\"https:\/\/quangminhphat.com.vn\/?s={search_term_string}\"},\"query-input\":{\"@type\":\"PropertyValueSpecification\",\"valueRequired\":true,\"valueName\":\"search_term_string\"}}],\"inLanguage\":\"vi\"}]}<\/script>\n<!-- \/ Yoast SEO Premium plugin. -->","yoast_head_json":{"title":"K\u1eb9o ng\u1eadm S\u00e2m Ng\u1ecdc Linh -","robots":{"index":"noindex","follow":"follow","max-snippet":"max-snippet:-1","max-image-preview":"max-image-preview:large","max-video-preview":"max-video-preview:-1"},"og_locale":"vi_VN","og_type":"article","og_title":"K\u1eb9o ng\u1eadm S\u00e2m Ng\u1ecdc Linh","og_description":"K\u1eb9o ng\u1eadm S\u00e2m Ng\u1ecdc Linh \u0111\u01b0\u1ee3c s\u1ea3n xu\u1ea5t t\u1eeb s\u00e2m Ng\u1ecdc Linh t\u1ef1 nhi\u00ean, lo\u00e0i d\u01b0\u1ee3c li\u1ec7u qu\u00fd hi\u1ebfm b\u1eadc nh\u1ea5t th\u1ebf gi\u1edbi. S\u1ea3n ph\u1ea9m c\u00f3 v\u1ecb ng\u1ecdt d\u1ecbu, th\u01a1m t\u1ef1 nhi\u00ean, gi\u00fap th\u01a1m mi\u1ec7ng, gi\u1ea3m kh\u00f4 r\u00e1t c\u1ed5 h\u1ecdng, \u0111\u1ed3ng th\u1eddi b\u1ed5 sung n\u0103ng l\u01b0\u1ee3ng v\u00e0 n\u00e2ng cao s\u1ee9c \u0111\u1ec1 kh\u00e1ng.Giao h\u00e0ng to\u00e0n qu\u1ed1c \u2013 Cam k\u1ebft ch\u00ednh h\u00e3ng 100%.","og_url":"https:\/\/quangminhphat.com.vn\/vi\/cua-hang\/keo-ngam-sam-ngoc-linh\/","article_modified_time":"2026-03-09T06:09:45+00:00","og_image":[{"width":1024,"height":1024,"url":"https:\/\/quangminhphat.com.vn\/wp-content\/uploads\/2025\/11\/khong-gia-1.jpg","type":"image\/jpeg"}],"twitter_card":"summary_large_image","twitter_misc":{"\u01af\u1edbc t\u00ednh th\u1eddi gian \u0111\u1ecdc":"2 ph\u00fat"},"schema":{"@context":"https:\/\/schema.org","@graph":[{"@type":"WebPage","@id":"https:\/\/quangminhphat.com.vn\/cua-hang\/keo-ngam-sam-ngoc-linh\/","url":"https:\/\/quangminhphat.com.vn\/cua-hang\/keo-ngam-sam-ngoc-linh\/","name":"K\u1eb9o ng\u1eadm S\u00e2m Ng\u1ecdc Linh -","isPartOf":{"@id":"https:\/\/quangminhphat.com.vn\/#website"},"primaryImageOfPage":{"@id":"https:\/\/quangminhphat.com.vn\/cua-hang\/keo-ngam-sam-ngoc-linh\/#primaryimage"},"image":{"@id":"https:\/\/quangminhphat.com.vn\/cua-hang\/keo-ngam-sam-ngoc-linh\/#primaryimage"},"thumbnailUrl":"https:\/\/quangminhphat.com.vn\/wp-content\/uploads\/2025\/11\/khong-gia-1.jpg","datePublished":"2025-11-07T03:40:09+00:00","dateModified":"2026-03-09T06:09:45+00:00","breadcrumb":{"@id":"https:\/\/quangminhphat.com.vn\/cua-hang\/keo-ngam-sam-ngoc-linh\/#breadcrumb"},"inLanguage":"vi","potentialAction":[{"@type":"ReadAction","target":["https:\/\/quangminhphat.com.vn\/cua-hang\/keo-ngam-sam-ngoc-linh\/"]}]},{"@type":"ImageObject","inLanguage":"vi","@id":"https:\/\/quangminhphat.com.vn\/cua-hang\/keo-ngam-sam-ngoc-linh\/#primaryimage","url":"https:\/\/quangminhphat.com.vn\/wp-content\/uploads\/2025\/11\/khong-gia-1.jpg","contentUrl":"https:\/\/quangminhphat.com.vn\/wp-content\/uploads\/2025\/11\/khong-gia-1.jpg","width":1024,"height":1024},{"@type":"BreadcrumbList","@id":"https:\/\/quangminhphat.com.vn\/cua-hang\/keo-ngam-sam-ngoc-linh\/#breadcrumb","itemListElement":[{"@type":"ListItem","position":1,"name":"Home","item":"https:\/\/quangminhphat.com.vn\/"},{"@type":"ListItem","position":2,"name":"C\u1eeda h\u00e0ng","item":"https:\/\/quangminhphat.com.vn\/cua-hang\/"},{"@type":"ListItem","position":3,"name":"K\u1eb9o ng\u1eadm S\u00e2m Ng\u1ecdc Linh"}]},{"@type":"WebSite","@id":"https:\/\/quangminhphat.com.vn\/#website","url":"https:\/\/quangminhphat.com.vn\/","name":"","description":"C\u00f4ng ty TNHH t\u01b0 v\u1ea5n Quang Minh Ph\u00e1t","potentialAction":[{"@type":"SearchAction","target":{"@type":"EntryPoint","urlTemplate":"https:\/\/quangminhphat.com.vn\/?s={search_term_string}"},"query-input":{"@type":"PropertyValueSpecification","valueRequired":true,"valueName":"search_term_string"}}],"inLanguage":"vi"}]}},"_links":{"self":[{"href":"https:\/\/quangminhphat.com.vn\/vi\/wp-json\/wp\/v2\/product\/1122","targetHints":{"allow":["GET"]}}],"collection":[{"href":"https:\/\/quangminhphat.com.vn\/vi\/wp-json\/wp\/v2\/product"}],"about":[{"href":"https:\/\/quangminhphat.com.vn\/vi\/wp-json\/wp\/v2\/types\/product"}],"replies":[{"embeddable":true,"href":"https:\/\/quangminhphat.com.vn\/vi\/wp-json\/wp\/v2\/comments?post=1122"}],"wp:featuredmedia":[{"embeddable":true,"href":"https:\/\/quangminhphat.com.vn\/vi\/wp-json\/wp\/v2\/media\/1543"}],"wp:attachment":[{"href":"https:\/\/quangminhphat.com.vn\/vi\/wp-json\/wp\/v2\/media?parent=1122"}],"wp:term":[{"taxonomy":"product_brand","embeddable":true,"href":"https:\/\/quangminhphat.com.vn\/vi\/wp-json\/wp\/v2\/product_brand?post=1122"},{"taxonomy":"product_cat","embeddable":true,"href":"https:\/\/quangminhphat.com.vn\/vi\/wp-json\/wp\/v2\/product_cat?post=1122"},{"taxonomy":"product_tag","embeddable":true,"href":"https:\/\/quangminhphat.com.vn\/vi\/wp-json\/wp\/v2\/product_tag?post=1122"}],"curies":[{"name":"wp","href":"https:\/\/api.w.org\/{rel}","templated":true}]}}