










{"id":1124,"date":"2025-11-07T10:43:15","date_gmt":"2025-11-07T03:43:15","guid":{"rendered":"http:\/\/localhost\/quangminhphat.com.vn\/?post_type=product&#038;p=1124"},"modified":"2026-03-09T11:45:59","modified_gmt":"2026-03-09T04:45:59","slug":"sam-ngam-mat-ong-hu-500ml","status":"publish","type":"product","link":"https:\/\/quangminhphat.com.vn\/vi\/cua-hang\/sam-ngam-mat-ong-hu-500ml\/","title":{"rendered":"S\u00e2m Ng\u1ecdc Linh Ng\u00e2m M\u1eadt Ong Cao C\u1ea5p (H\u0169 500ml)"},"content":{"rendered":"<h2 data-start=\"128\" data-end=\"177\"><strong data-start=\"131\" data-end=\"177\">S\u00e2m Ng\u1ecdc Linh Ng\u00e2m M\u1eadt Ong Cao C\u1ea5p (500ml)<\/strong><\/h2>\n<p data-start=\"179\" data-end=\"434\">H\u0169 500ml S\u00e2m Ng\u1ecdc Linh ng\u00e2m M\u1eadt ong l\u00e0 s\u1ea3n ph\u1ea9m cao c\u1ea5p, \u0111\u01b0\u1ee3c l\u00e0m t\u1eeb c\u1ee7 S\u00e2m Ng\u1ecdc Linh tr\u00ean 5 n\u0103m tu\u1ed5i, c\u1eaft m\u1ecfng v\u00e0 ng\u00e2m v\u1edbi m\u1eadt ong r\u1eebng nguy\u00ean ch\u1ea5t.<br data-start=\"328\" data-end=\"331\" \/>Ph\u00f9 h\u1ee3p l\u00e0m qu\u00e0 t\u1eb7ng v\u1edbi <strong data-start=\"356\" data-end=\"380\">bao b\u00ec g\u1ed7 sang tr\u1ecdng<\/strong>.<br data-start=\"381\" data-end=\"384\" \/><strong data-start=\"384\" data-end=\"434\">Giao h\u00e0ng to\u00e0n qu\u1ed1c \u2013 Cam k\u1ebft ch\u00ednh h\u00e3ng 100%.<\/strong><\/p>\n<hr data-start=\"436\" data-end=\"439\" \/>\n<h3 data-start=\"441\" data-end=\"454\"><strong data-start=\"445\" data-end=\"454\">M\u00f4 t\u1ea3<\/strong><\/h3>\n<p data-start=\"456\" data-end=\"647\">H\u1ee7 S\u00e2m Ng\u1ecdc Linh ng\u00e2m M\u1eadt ong 500ml \u0111\u01b0\u1ee3c ng\u00e2m ho\u00e0n to\u00e0n t\u1eeb c\u1ee7 s\u00e2m tu\u1ed5i th\u1ecd cao, m\u1eadt ong r\u1eebng nguy\u00ean ch\u1ea5t, kh\u00f4ng ch\u1ea5t b\u1ea3o qu\u1ea3n \u2013 kh\u00f4ng h\u01b0\u01a1ng li\u1ec7u. S\u1ea3n ph\u1ea9m mang l\u1ea1i nhi\u1ec1u l\u1ee3i \u00edch cho s\u1ee9c kh\u1ecfe:<\/p>\n<ul data-start=\"649\" data-end=\"922\">\n<li data-start=\"649\" data-end=\"692\">\n<p data-start=\"651\" data-end=\"692\">T\u0103ng c\u01b0\u1eddng s\u1ee9c \u0111\u1ec1 kh\u00e1ng v\u00e0 h\u1ec7 mi\u1ec5n d\u1ecbch<\/p>\n<\/li>\n<li data-start=\"693\" data-end=\"754\">\n<p data-start=\"695\" data-end=\"754\">T\u0103ng n\u0103ng l\u01b0\u1ee3ng, gi\u1ea3m m\u1ec7t m\u1ecfi, gi\u1ea3m lo \u00e2u, h\u1ed7 tr\u1ee3 \u0103n ngon<\/p>\n<\/li>\n<li data-start=\"755\" data-end=\"778\">\n<p data-start=\"757\" data-end=\"778\">T\u0103ng c\u01b0\u1eddng sinh l\u1ef1c<\/p>\n<\/li>\n<li data-start=\"779\" data-end=\"817\">\n<p data-start=\"781\" data-end=\"817\">T\u0103ng kh\u1ea3 n\u0103ng kh\u00e1ng t\u1ebf b\u00e0o ung th\u01b0<\/p>\n<\/li>\n<li data-start=\"818\" data-end=\"859\">\n<p data-start=\"820\" data-end=\"859\">C\u1ea3i thi\u1ec7n tr\u00ed nh\u1edb, kh\u1ea3 n\u0103ng t\u1eadp trung<\/p>\n<\/li>\n<li data-start=\"860\" data-end=\"888\">\n<p data-start=\"862\" data-end=\"888\">H\u1ed7 tr\u1ee3 s\u1ee9c kh\u1ecfe tim m\u1ea1ch<\/p>\n<\/li>\n<li data-start=\"889\" data-end=\"922\">\n<p data-start=\"891\" data-end=\"922\">Ng\u0103n ng\u1eeba l\u00e3o h\u00f3a, l\u00e0m \u0111\u1eb9p da<\/p>\n<\/li>\n<\/ul>\n<hr data-start=\"924\" data-end=\"927\" \/>\n<h3 data-start=\"929\" data-end=\"964\"><strong data-start=\"933\" data-end=\"964\">Th\u00f4ng tin chi ti\u1ebft s\u1ea3n ph\u1ea9m<\/strong><\/h3>\n<ul data-start=\"966\" data-end=\"1204\">\n<li data-start=\"966\" data-end=\"991\">\n<p data-start=\"968\" data-end=\"991\">\u0110\u1ecbnh l\u01b0\u1ee3ng: <strong data-start=\"980\" data-end=\"989\">500ml<\/strong><\/p>\n<\/li>\n<li data-start=\"992\" data-end=\"1047\">\n<p data-start=\"994\" data-end=\"1047\">Bao b\u00ec: <strong data-start=\"1002\" data-end=\"1023\">H\u1ed9p g\u1ed7 sang tr\u1ecdng<\/strong>, l\u1ecd th\u1ee7y tinh n\u1eafp k\u00edn<\/p>\n<\/li>\n<li data-start=\"1048\" data-end=\"1128\">\n<p data-start=\"1050\" data-end=\"1128\">\u0110\u1eb7c \u0111i\u1ec3m: M\u00e0u v\u00e0ng \u0111\u1eadm, m\u00f9i th\u01a1m \u0111\u1eb7c tr\u01b0ng c\u1ee7a s\u00e2m Ng\u1ecdc Linh v\u00e0 m\u1eadt ong r\u1eebng<\/p>\n<\/li>\n<li data-start=\"1129\" data-end=\"1156\">\n<p data-start=\"1131\" data-end=\"1156\">V\u1ecb: Ng\u1ecdt thanh, d\u1ec5 u\u1ed1ng<\/p>\n<\/li>\n<li data-start=\"1157\" data-end=\"1204\">\n<p data-start=\"1159\" data-end=\"1204\">H\u1ea1n s\u1eed d\u1ee5ng: <strong data-start=\"1172\" data-end=\"1182\">02 n\u0103m<\/strong> k\u1ec3 t\u1eeb ng\u00e0y s\u1ea3n xu\u1ea5t<\/p>\n<\/li>\n<\/ul>\n<hr data-start=\"1206\" data-end=\"1209\" \/>\n<h3 data-start=\"1211\" data-end=\"1236\"><strong data-start=\"1215\" data-end=\"1236\">H\u01b0\u1edbng d\u1eabn s\u1eed d\u1ee5ng<\/strong><\/h3>\n<p data-start=\"1238\" data-end=\"1251\"><strong data-start=\"1238\" data-end=\"1249\">C\u00e1ch 1:<\/strong><\/p>\n<ul data-start=\"1252\" data-end=\"1384\">\n<li data-start=\"1252\" data-end=\"1318\">\n<p data-start=\"1254\" data-end=\"1318\">L\u1ea5y tr\u1ef1c ti\u1ebfp t\u1eebng l\u00e1t s\u00e2m, \u0111\u1ec3 tan t\u1eeb t\u1eeb trong mi\u1ec7ng r\u1ed3i nu\u1ed1t.<\/p>\n<\/li>\n<li data-start=\"1319\" data-end=\"1363\">\n<p data-start=\"1321\" data-end=\"1363\">C\u00f3 th\u1ec3 u\u1ed1ng th\u00eam n\u01b0\u1edbc \u1ea5m \u0111\u1ec3 d\u1ec5 nu\u1ed1t h\u01a1n.<\/p>\n<\/li>\n<li data-start=\"1364\" data-end=\"1384\">\n<p data-start=\"1366\" data-end=\"1384\">Ng\u00e0y d\u00f9ng 1\u20132 l\u00e1t.<\/p>\n<\/li>\n<\/ul>\n<p data-start=\"1386\" data-end=\"1399\"><strong data-start=\"1386\" data-end=\"1397\">C\u00e1ch 2:<\/strong><\/p>\n<ul data-start=\"1400\" data-end=\"1547\">\n<li data-start=\"1400\" data-end=\"1459\">\n<p data-start=\"1402\" data-end=\"1459\">L\u1ea5y 2\u20133 l\u00e1t s\u00e2m cho v\u00e0o \u1ea5m, pha th\u00eam <strong data-start=\"1439\" data-end=\"1456\">200ml n\u01b0\u1edbc \u1ea5m<\/strong>.<\/p>\n<\/li>\n<li data-start=\"1460\" data-end=\"1547\">\n<p data-start=\"1462\" data-end=\"1547\">Khu\u1ea5y \u0111\u1ec1u cho m\u1eadt ong tan h\u1ebft, sau \u0111\u00f3 nhai lu\u00f4n l\u00e1t s\u00e2m \u0111\u1ec3 h\u1ea5p th\u1ee5 t\u1ed1i \u0111a d\u01b0\u1ee1ng ch\u1ea5t.<\/p>\n<\/li>\n<\/ul>\n<p data-start=\"1549\" data-end=\"1567\"><strong data-start=\"1549\" data-end=\"1565\">Khuy\u1ebfn ngh\u1ecb:<\/strong><\/p>\n<ul data-start=\"1568\" data-end=\"1610\">\n<li data-start=\"1568\" data-end=\"1610\">\n<p data-start=\"1570\" data-end=\"1610\">N\u00ean d\u00f9ng v\u00e0o <strong data-start=\"1583\" data-end=\"1609\">bu\u1ed5i s\u00e1ng tr\u01b0\u1edbc khi \u0103n<\/strong>.<\/p>\n<\/li>\n<\/ul>\n<hr data-start=\"1612\" data-end=\"1615\" \/>\n<h3 data-start=\"1617\" data-end=\"1633\"><strong data-start=\"1621\" data-end=\"1633\">B\u1ea3o qu\u1ea3n<\/strong><\/h3>\n<ul data-start=\"1635\" data-end=\"1666\">\n<li data-start=\"1635\" data-end=\"1666\">\n<p data-start=\"1637\" data-end=\"1666\">\u0110\u1ec3 n\u01a1i kh\u00f4 r\u00e1o, tho\u00e1ng m\u00e1t.<\/p>\n<\/li>\n<\/ul>","protected":false},"excerpt":{"rendered":"<p>H\u1ee7 500ml S\u00e2m Ng\u1ecdc Linh ng\u00e2m M\u1eadt ong l\u00e0 s\u1ea3n ph\u1ea9m cao c\u1ea5p, \u0111\u01b0\u1ee3c l\u00e0m t\u1eeb c\u1ee7 S\u00e2m Ng\u1ecdc Linh tr\u00ean 5 n\u0103m tu\u1ed5i, c\u1eaft m\u1ecfng v\u00e0 ng\u00e2m v\u1edbi m\u1eadt ong r\u1eebng nguy\u00ean ch\u1ea5t.<br data-start=\"328\" data-end=\"331\" \/>Ph\u00f9 h\u1ee3p l\u00e0m qu\u00e0 t\u1eb7ng v\u1edbi <strong data-start=\"356\" data-end=\"380\">bao b\u00ec g\u1ed7 sang tr\u1ecdng<\/strong>.<br data-start=\"381\" data-end=\"384\" \/><strong data-start=\"384\" data-end=\"434\">Giao h\u00e0ng to\u00e0n qu\u1ed1c \u2013 Cam k\u1ebft ch\u00ednh h\u00e3ng 100%.<\/strong><\/p>","protected":false},"featured_media":1542,"comment_status":"open","ping_status":"closed","template":"","meta":[],"product_brand":[],"product_cat":[26],"product_tag":[],"class_list":{"0":"post-1124","1":"product","2":"type-product","3":"status-publish","4":"has-post-thumbnail","6":"product_cat-chua-phan-loai","8":"first","9":"instock","10":"shipping-taxable","11":"purchasable","12":"product-type-simple"},"yoast_head":"<!-- This site is optimized with the Yoast SEO Premium plugin v20.5 (Yoast SEO v27.1.1) - https:\/\/yoast.com\/product\/yoast-seo-premium-wordpress\/ -->\n<title>S\u00e2m Ng\u1ecdc Linh Ng\u00e2m M\u1eadt Ong Cao C\u1ea5p (H\u0169 500ml) -<\/title>\n<meta name=\"robots\" content=\"noindex, follow, max-snippet:-1, max-image-preview:large, max-video-preview:-1\" \/>\n<meta property=\"og:locale\" content=\"vi_VN\" \/>\n<meta property=\"og:type\" content=\"article\" \/>\n<meta property=\"og:title\" content=\"S\u00e2m Ng\u1ecdc Linh Ng\u00e2m M\u1eadt Ong Cao C\u1ea5p (H\u0169 500ml)\" \/>\n<meta property=\"og:description\" content=\"H\u1ee7 500ml S\u00e2m Ng\u1ecdc Linh ng\u00e2m M\u1eadt ong l\u00e0 s\u1ea3n ph\u1ea9m cao c\u1ea5p, \u0111\u01b0\u1ee3c l\u00e0m t\u1eeb c\u1ee7 S\u00e2m Ng\u1ecdc Linh tr\u00ean 5 n\u0103m tu\u1ed5i, c\u1eaft m\u1ecfng v\u00e0 ng\u00e2m v\u1edbi m\u1eadt ong r\u1eebng nguy\u00ean ch\u1ea5t.Ph\u00f9 h\u1ee3p l\u00e0m qu\u00e0 t\u1eb7ng v\u1edbi bao b\u00ec g\u1ed7 sang tr\u1ecdng.Giao h\u00e0ng to\u00e0n qu\u1ed1c \u2013 Cam k\u1ebft ch\u00ednh h\u00e3ng 100%.\" \/>\n<meta property=\"og:url\" content=\"https:\/\/quangminhphat.com.vn\/vi\/cua-hang\/sam-ngam-mat-ong-hu-500ml\/\" \/>\n<meta property=\"article:modified_time\" content=\"2026-03-09T04:45:59+00:00\" \/>\n<meta property=\"og:image\" content=\"https:\/\/quangminhphat.com.vn\/wp-content\/uploads\/2025\/11\/SP000011-1.png\" \/>\n\t<meta property=\"og:image:width\" content=\"1080\" \/>\n\t<meta property=\"og:image:height\" content=\"1080\" \/>\n\t<meta property=\"og:image:type\" content=\"image\/png\" \/>\n<meta name=\"twitter:card\" content=\"summary_large_image\" \/>\n<meta name=\"twitter:label1\" content=\"\u01af\u1edbc t\u00ednh th\u1eddi gian \u0111\u1ecdc\" \/>\n\t<meta name=\"twitter:data1\" content=\"2 ph\u00fat\" \/>\n<script type=\"application\/ld+json\" class=\"yoast-schema-graph\">{\"@context\":\"https:\/\/schema.org\",\"@graph\":[{\"@type\":\"WebPage\",\"@id\":\"https:\/\/quangminhphat.com.vn\/cua-hang\/sam-ngam-mat-ong-hu-500ml\/\",\"url\":\"https:\/\/quangminhphat.com.vn\/cua-hang\/sam-ngam-mat-ong-hu-500ml\/\",\"name\":\"S\u00e2m Ng\u1ecdc Linh Ng\u00e2m M\u1eadt Ong Cao C\u1ea5p (H\u0169 500ml) -\",\"isPartOf\":{\"@id\":\"https:\/\/quangminhphat.com.vn\/#website\"},\"primaryImageOfPage\":{\"@id\":\"https:\/\/quangminhphat.com.vn\/cua-hang\/sam-ngam-mat-ong-hu-500ml\/#primaryimage\"},\"image\":{\"@id\":\"https:\/\/quangminhphat.com.vn\/cua-hang\/sam-ngam-mat-ong-hu-500ml\/#primaryimage\"},\"thumbnailUrl\":\"https:\/\/quangminhphat.com.vn\/wp-content\/uploads\/2025\/11\/SP000011-1.png\",\"datePublished\":\"2025-11-07T03:43:15+00:00\",\"dateModified\":\"2026-03-09T04:45:59+00:00\",\"breadcrumb\":{\"@id\":\"https:\/\/quangminhphat.com.vn\/cua-hang\/sam-ngam-mat-ong-hu-500ml\/#breadcrumb\"},\"inLanguage\":\"vi\",\"potentialAction\":[{\"@type\":\"ReadAction\",\"target\":[\"https:\/\/quangminhphat.com.vn\/cua-hang\/sam-ngam-mat-ong-hu-500ml\/\"]}]},{\"@type\":\"ImageObject\",\"inLanguage\":\"vi\",\"@id\":\"https:\/\/quangminhphat.com.vn\/cua-hang\/sam-ngam-mat-ong-hu-500ml\/#primaryimage\",\"url\":\"https:\/\/quangminhphat.com.vn\/wp-content\/uploads\/2025\/11\/SP000011-1.png\",\"contentUrl\":\"https:\/\/quangminhphat.com.vn\/wp-content\/uploads\/2025\/11\/SP000011-1.png\",\"width\":1080,\"height\":1080},{\"@type\":\"BreadcrumbList\",\"@id\":\"https:\/\/quangminhphat.com.vn\/cua-hang\/sam-ngam-mat-ong-hu-500ml\/#breadcrumb\",\"itemListElement\":[{\"@type\":\"ListItem\",\"position\":1,\"name\":\"Home\",\"item\":\"https:\/\/quangminhphat.com.vn\/\"},{\"@type\":\"ListItem\",\"position\":2,\"name\":\"C\u1eeda h\u00e0ng\",\"item\":\"https:\/\/quangminhphat.com.vn\/cua-hang\/\"},{\"@type\":\"ListItem\",\"position\":3,\"name\":\"S\u00e2m Ng\u1ecdc Linh Ng\u00e2m M\u1eadt Ong Cao C\u1ea5p (H\u0169 500ml)\"}]},{\"@type\":\"WebSite\",\"@id\":\"https:\/\/quangminhphat.com.vn\/#website\",\"url\":\"https:\/\/quangminhphat.com.vn\/\",\"name\":\"\",\"description\":\"C\u00f4ng ty TNHH t\u01b0 v\u1ea5n Quang Minh Ph\u00e1t\",\"potentialAction\":[{\"@type\":\"SearchAction\",\"target\":{\"@type\":\"EntryPoint\",\"urlTemplate\":\"https:\/\/quangminhphat.com.vn\/?s={search_term_string}\"},\"query-input\":{\"@type\":\"PropertyValueSpecification\",\"valueRequired\":true,\"valueName\":\"search_term_string\"}}],\"inLanguage\":\"vi\"}]}<\/script>\n<!-- \/ Yoast SEO Premium plugin. -->","yoast_head_json":{"title":"S\u00e2m Ng\u1ecdc Linh Ng\u00e2m M\u1eadt Ong Cao C\u1ea5p (H\u0169 500ml) -","robots":{"index":"noindex","follow":"follow","max-snippet":"max-snippet:-1","max-image-preview":"max-image-preview:large","max-video-preview":"max-video-preview:-1"},"og_locale":"vi_VN","og_type":"article","og_title":"S\u00e2m Ng\u1ecdc Linh Ng\u00e2m M\u1eadt Ong Cao C\u1ea5p (H\u0169 500ml)","og_description":"H\u1ee7 500ml S\u00e2m Ng\u1ecdc Linh ng\u00e2m M\u1eadt ong l\u00e0 s\u1ea3n ph\u1ea9m cao c\u1ea5p, \u0111\u01b0\u1ee3c l\u00e0m t\u1eeb c\u1ee7 S\u00e2m Ng\u1ecdc Linh tr\u00ean 5 n\u0103m tu\u1ed5i, c\u1eaft m\u1ecfng v\u00e0 ng\u00e2m v\u1edbi m\u1eadt ong r\u1eebng nguy\u00ean ch\u1ea5t.Ph\u00f9 h\u1ee3p l\u00e0m qu\u00e0 t\u1eb7ng v\u1edbi bao b\u00ec g\u1ed7 sang tr\u1ecdng.Giao h\u00e0ng to\u00e0n qu\u1ed1c \u2013 Cam k\u1ebft ch\u00ednh h\u00e3ng 100%.","og_url":"https:\/\/quangminhphat.com.vn\/vi\/cua-hang\/sam-ngam-mat-ong-hu-500ml\/","article_modified_time":"2026-03-09T04:45:59+00:00","og_image":[{"width":1080,"height":1080,"url":"https:\/\/quangminhphat.com.vn\/wp-content\/uploads\/2025\/11\/SP000011-1.png","type":"image\/png"}],"twitter_card":"summary_large_image","twitter_misc":{"\u01af\u1edbc t\u00ednh th\u1eddi gian \u0111\u1ecdc":"2 ph\u00fat"},"schema":{"@context":"https:\/\/schema.org","@graph":[{"@type":"WebPage","@id":"https:\/\/quangminhphat.com.vn\/cua-hang\/sam-ngam-mat-ong-hu-500ml\/","url":"https:\/\/quangminhphat.com.vn\/cua-hang\/sam-ngam-mat-ong-hu-500ml\/","name":"S\u00e2m Ng\u1ecdc Linh Ng\u00e2m M\u1eadt Ong Cao C\u1ea5p (H\u0169 500ml) -","isPartOf":{"@id":"https:\/\/quangminhphat.com.vn\/#website"},"primaryImageOfPage":{"@id":"https:\/\/quangminhphat.com.vn\/cua-hang\/sam-ngam-mat-ong-hu-500ml\/#primaryimage"},"image":{"@id":"https:\/\/quangminhphat.com.vn\/cua-hang\/sam-ngam-mat-ong-hu-500ml\/#primaryimage"},"thumbnailUrl":"https:\/\/quangminhphat.com.vn\/wp-content\/uploads\/2025\/11\/SP000011-1.png","datePublished":"2025-11-07T03:43:15+00:00","dateModified":"2026-03-09T04:45:59+00:00","breadcrumb":{"@id":"https:\/\/quangminhphat.com.vn\/cua-hang\/sam-ngam-mat-ong-hu-500ml\/#breadcrumb"},"inLanguage":"vi","potentialAction":[{"@type":"ReadAction","target":["https:\/\/quangminhphat.com.vn\/cua-hang\/sam-ngam-mat-ong-hu-500ml\/"]}]},{"@type":"ImageObject","inLanguage":"vi","@id":"https:\/\/quangminhphat.com.vn\/cua-hang\/sam-ngam-mat-ong-hu-500ml\/#primaryimage","url":"https:\/\/quangminhphat.com.vn\/wp-content\/uploads\/2025\/11\/SP000011-1.png","contentUrl":"https:\/\/quangminhphat.com.vn\/wp-content\/uploads\/2025\/11\/SP000011-1.png","width":1080,"height":1080},{"@type":"BreadcrumbList","@id":"https:\/\/quangminhphat.com.vn\/cua-hang\/sam-ngam-mat-ong-hu-500ml\/#breadcrumb","itemListElement":[{"@type":"ListItem","position":1,"name":"Home","item":"https:\/\/quangminhphat.com.vn\/"},{"@type":"ListItem","position":2,"name":"C\u1eeda h\u00e0ng","item":"https:\/\/quangminhphat.com.vn\/cua-hang\/"},{"@type":"ListItem","position":3,"name":"S\u00e2m Ng\u1ecdc Linh Ng\u00e2m M\u1eadt Ong Cao C\u1ea5p (H\u0169 500ml)"}]},{"@type":"WebSite","@id":"https:\/\/quangminhphat.com.vn\/#website","url":"https:\/\/quangminhphat.com.vn\/","name":"","description":"C\u00f4ng ty TNHH t\u01b0 v\u1ea5n Quang Minh Ph\u00e1t","potentialAction":[{"@type":"SearchAction","target":{"@type":"EntryPoint","urlTemplate":"https:\/\/quangminhphat.com.vn\/?s={search_term_string}"},"query-input":{"@type":"PropertyValueSpecification","valueRequired":true,"valueName":"search_term_string"}}],"inLanguage":"vi"}]}},"_links":{"self":[{"href":"https:\/\/quangminhphat.com.vn\/vi\/wp-json\/wp\/v2\/product\/1124","targetHints":{"allow":["GET"]}}],"collection":[{"href":"https:\/\/quangminhphat.com.vn\/vi\/wp-json\/wp\/v2\/product"}],"about":[{"href":"https:\/\/quangminhphat.com.vn\/vi\/wp-json\/wp\/v2\/types\/product"}],"replies":[{"embeddable":true,"href":"https:\/\/quangminhphat.com.vn\/vi\/wp-json\/wp\/v2\/comments?post=1124"}],"wp:featuredmedia":[{"embeddable":true,"href":"https:\/\/quangminhphat.com.vn\/vi\/wp-json\/wp\/v2\/media\/1542"}],"wp:attachment":[{"href":"https:\/\/quangminhphat.com.vn\/vi\/wp-json\/wp\/v2\/media?parent=1124"}],"wp:term":[{"taxonomy":"product_brand","embeddable":true,"href":"https:\/\/quangminhphat.com.vn\/vi\/wp-json\/wp\/v2\/product_brand?post=1124"},{"taxonomy":"product_cat","embeddable":true,"href":"https:\/\/quangminhphat.com.vn\/vi\/wp-json\/wp\/v2\/product_cat?post=1124"},{"taxonomy":"product_tag","embeddable":true,"href":"https:\/\/quangminhphat.com.vn\/vi\/wp-json\/wp\/v2\/product_tag?post=1124"}],"curies":[{"name":"wp","href":"https:\/\/api.w.org\/{rel}","templated":true}]}}