










{"id":1128,"date":"2025-11-07T10:46:01","date_gmt":"2025-11-07T03:46:01","guid":{"rendered":"http:\/\/localhost\/quangminhphat.com.vn\/?post_type=product&#038;p=1128"},"modified":"2026-03-09T11:42:37","modified_gmt":"2026-03-09T04:42:37","slug":"sam-ngam-mat-ong-hu-200ml","status":"publish","type":"product","link":"https:\/\/quangminhphat.com.vn\/vi\/cua-hang\/sam-ngam-mat-ong-hu-200ml\/","title":{"rendered":"S\u00e2m Ng\u1ecdc Linh Ng\u00e2m M\u1eadt Ong (H\u0169 200ml)"},"content":{"rendered":"<h2 data-start=\"109\" data-end=\"150\"><strong data-start=\"112\" data-end=\"150\">S\u00e2m Ng\u1ecdc Linh ng\u00e2m M\u1eadt ong (200ml)<\/strong><\/h2>\n<p data-start=\"152\" data-end=\"344\">H\u1ee7 200ml S\u00e2m Ng\u1ecdc Linh ng\u00e2m M\u1eadt ong l\u00e0 s\u1ea3n ph\u1ea9m cao c\u1ea5p, \u0111\u01b0\u1ee3c l\u00e0m t\u1eeb c\u1ee7 S\u00e2m Ng\u1ecdc Linh c\u00f3 \u0111\u1ed9 tu\u1ed5i t\u1eeb 5 n\u0103m tr\u1edf l\u00ean c\u1eaft m\u1ecfng ng\u00e2m v\u1edbi m\u1eadt ong r\u1eebng<br data-start=\"296\" data-end=\"299\" \/>Giao h\u00e0ng to\u00e0n qu\u1ed1c<br data-start=\"318\" data-end=\"321\" \/>Cam k\u1ebft ch\u00ednh h\u00e3ng 100%<\/p>\n<hr data-start=\"346\" data-end=\"349\" \/>\n<h3 data-start=\"351\" data-end=\"364\"><strong data-start=\"355\" data-end=\"364\">M\u00f4 t\u1ea3<\/strong><\/h3>\n<p data-start=\"366\" data-end=\"581\">H\u1ee7 200ml S\u00e2m Ng\u1ecdc Linh ng\u00e2m M\u1eadt ong l\u00e0 s\u1ea3n ph\u1ea9m cao c\u1ea5p, \u0111\u01b0\u1ee3c l\u00e0m t\u1eeb c\u1ee7 S\u00e2m Ng\u1ecdc Linh c\u00f3 \u0111\u1ed9 tu\u1ed5i t\u1eeb 5 n\u0103m tu\u1ed5i tr\u1edf l\u00ean c\u1eaft m\u1ecfng ng\u00e2m v\u1edbi m\u1eadt ong r\u1eebng nguy\u00ean ch\u1ea5t, kh\u00f4ng s\u1eed d\u1ee5ng ch\u1ea5t b\u1ea3o qu\u1ea3n, kh\u00f4ng h\u01b0\u01a1ng li\u1ec7u, gi\u00fap:<\/p>\n<ul data-start=\"583\" data-end=\"908\">\n<li data-start=\"583\" data-end=\"643\">\n<p data-start=\"585\" data-end=\"643\">T\u0103ng c\u01b0\u1eddng s\u1ee9c \u0111\u1ec1 kh\u00e1ng v\u00e0 h\u1ec7 th\u1ed1ng mi\u1ec5n d\u1ecbch c\u1ee7a c\u01a1 th\u1ec3<\/p>\n<\/li>\n<li data-start=\"644\" data-end=\"710\">\n<p data-start=\"646\" data-end=\"710\">T\u0103ng c\u01b0\u1eddng n\u0103ng l\u01b0\u1ee3ng, gi\u1ea3m lo \u00e2u, m\u1ec7t m\u1ecfi, gi\u00fap \u0103n ngon mi\u1ec7ng<\/p>\n<\/li>\n<li data-start=\"711\" data-end=\"734\">\n<p data-start=\"713\" data-end=\"734\">T\u0103ng c\u01b0\u1eddng sinh l\u1ef1c<\/p>\n<\/li>\n<li data-start=\"735\" data-end=\"773\">\n<p data-start=\"737\" data-end=\"773\">T\u0103ng kh\u1ea3 n\u0103ng kh\u00e1ng t\u1ebf b\u00e0o ung th\u01b0<\/p>\n<\/li>\n<li data-start=\"774\" data-end=\"830\">\n<p data-start=\"776\" data-end=\"830\">T\u0103ng c\u01b0\u1eddng ch\u1ee9c n\u0103ng nh\u1eadn th\u1ee9c v\u00e0 kh\u1ea3 n\u0103ng t\u1eadp trung<\/p>\n<\/li>\n<li data-start=\"831\" data-end=\"859\">\n<p data-start=\"833\" data-end=\"859\">H\u1ed7 tr\u1ee3 s\u1ee9c kh\u1ecfe tim m\u1ea1ch<\/p>\n<\/li>\n<li data-start=\"860\" data-end=\"908\">\n<p data-start=\"862\" data-end=\"908\">Ph\u00f2ng ng\u1eeba l\u00e3o ho\u00e1 v\u00e0 c\u00f3 t\u00e1c d\u1ee5ng l\u00e0m \u0111\u1eb9p da<\/p>\n<\/li>\n<\/ul>\n<hr data-start=\"910\" data-end=\"913\" \/>\n<h3 data-start=\"915\" data-end=\"950\"><strong data-start=\"919\" data-end=\"950\">Th\u00f4ng tin chi ti\u1ebft s\u1ea3n ph\u1ea9m<\/strong><\/h3>\n<ul data-start=\"952\" data-end=\"1215\">\n<li data-start=\"952\" data-end=\"974\">\n<p data-start=\"954\" data-end=\"974\">\u0110\u1ecbnh l\u01b0\u1ee3ng: 200ml.<\/p>\n<\/li>\n<li data-start=\"975\" data-end=\"1038\">\n<p data-start=\"977\" data-end=\"1038\">M\u1eadt ong v\u00e0 S\u00e2m c\u1eaft l\u00e1t \u0111\u01b0\u1ee3c \u0111\u1ef1ng trong l\u1ecd th\u1ee7y tinh k\u00edn n\u1eafp<\/p>\n<\/li>\n<li data-start=\"1039\" data-end=\"1112\">\n<p data-start=\"1041\" data-end=\"1112\">C\u00f3 m\u00e0u v\u00e0ng \u0111\u1eadm, m\u00f9i th\u01a1m \u0111\u1eb7c tr\u01b0ng c\u1ee7a s\u00e2m Ng\u1ecdc Linh v\u00e0 m\u1eadt ong r\u1eebng<\/p>\n<\/li>\n<li data-start=\"1113\" data-end=\"1166\">\n<p data-start=\"1115\" data-end=\"1166\">V\u1ecb m\u1eadt ong ng\u00e2m s\u00e2m Ng\u1ecdc Linh ng\u1ecdt thanh, d\u1ec5 u\u1ed1ng<\/p>\n<\/li>\n<li data-start=\"1167\" data-end=\"1215\">\n<p data-start=\"1169\" data-end=\"1215\">Th\u1eddi h\u1ea1n s\u1eed d\u1ee5ng: 02 n\u0103m k\u1ec3 t\u1eeb ng\u00e0y s\u1ea3n xu\u1ea5t<\/p>\n<\/li>\n<\/ul>\n<hr data-start=\"1217\" data-end=\"1220\" \/>\n<h3 data-start=\"1222\" data-end=\"1247\"><strong data-start=\"1226\" data-end=\"1247\">H\u01b0\u1edbng d\u1eabn s\u1eed d\u1ee5ng<\/strong><\/h3>\n<ul data-start=\"1249\" data-end=\"1800\">\n<li data-start=\"1249\" data-end=\"1439\">\n<p data-start=\"1251\" data-end=\"1439\"><strong data-start=\"1251\" data-end=\"1262\">C\u00e1ch 1:<\/strong> L\u1ea5y tr\u1ef1c ti\u1ebfp t\u1eebng mi\u1ebfng s\u00e2m Ng\u1ecdc Linh ng\u00e2m m\u1eadt ong ra, \u0111\u1ec3 tan t\u1eeb t\u1eeb trong mi\u1ec7ng r\u1ed3i nu\u1ed1t. C\u00f3 th\u1ec3 u\u1ed1ng th\u00eam v\u00e0i ng\u1ee5m n\u01b0\u1edbc \u1ea5m \u0111\u1ec3 d\u1ec5 nu\u1ed1t h\u01a1n. M\u1ed9t ng\u00e0y n\u00ean d\u00f9ng t\u1eeb 1 \u0111\u1ebfn 2 l\u00e1t.<\/p>\n<\/li>\n<li data-start=\"1440\" data-end=\"1691\">\n<p data-start=\"1442\" data-end=\"1691\"><strong data-start=\"1442\" data-end=\"1453\">C\u00e1ch 2:<\/strong> D\u00f9ng th\u00eca l\u1ea5y 2 \u0111\u1ebfn 3 l\u00e1t s\u00e2m Ng\u1ecdc Linh ng\u00e2m m\u1eadt ong cho v\u00e0o \u1ea5m, r\u1ed3i ch\u1ebf th\u00eam kho\u1ea3ng 200ml n\u01b0\u1edbc \u1ea5m v\u00e0o. Khu\u1ea5y \u0111\u1ec1u cho m\u1eadt ong tan ra h\u1ebft l\u00e0 c\u00f3 th\u1ec3 s\u1eed d\u1ee5ng. Sau \u0111\u00f3 c\u00f3 th\u1ec3 nhai tr\u1ef1c ti\u1ebfp mi\u1ebfng s\u00e2m Ng\u1ecdc Linh \u0111\u1ec3 l\u1ea5y h\u1ebft to\u00e0n b\u1ed9 d\u01b0\u1ee1ng ch\u1ea5t.<\/p>\n<\/li>\n<li data-start=\"1693\" data-end=\"1762\">\n<p data-start=\"1695\" data-end=\"1762\">N\u00ean s\u1eed d\u1ee5ng s\u00e2m Ng\u1ecdc Linh ng\u00e2m m\u1eadt ong v\u00e0o bu\u1ed5i s\u00e1ng tr\u01b0\u1edbc khi \u0103n<\/p>\n<\/li>\n<li data-start=\"1763\" data-end=\"1800\">\n<p data-start=\"1765\" data-end=\"1800\">B\u1ea3o qu\u1ea3n: N\u01a1i kh\u00f4 r\u00e1o, tho\u00e1ng m\u00e1t<\/p>\n<\/li>\n<\/ul>","protected":false},"excerpt":{"rendered":"<p>H\u1ee7 200ml S\u00e2m Ng\u1ecdc Linh ng\u00e2m M\u1eadt ong l\u00e0 s\u1ea3n ph\u1ea9m cao c\u1ea5p, \u0111\u01b0\u1ee3c l\u00e0m t\u1eeb c\u1ee7 S\u00e2m Ng\u1ecdc Linh c\u00f3 \u0111\u1ed9 tu\u1ed5i t\u1eeb 5 n\u0103m tr\u1edf l\u00ean c\u1eaft m\u1ecfng ng\u00e2m v\u1edbi m\u1eadt ong r\u1eebng<br data-start=\"296\" data-end=\"299\" \/>Giao h\u00e0ng to\u00e0n qu\u1ed1c<br data-start=\"318\" data-end=\"321\" \/>Cam k\u1ebft ch\u00ednh h\u00e3ng 100%<\/p>","protected":false},"featured_media":1537,"comment_status":"open","ping_status":"closed","template":"","meta":[],"product_brand":[],"product_cat":[26],"product_tag":[],"class_list":{"0":"post-1128","1":"product","2":"type-product","3":"status-publish","4":"has-post-thumbnail","6":"product_cat-chua-phan-loai","8":"first","9":"instock","10":"shipping-taxable","11":"purchasable","12":"product-type-simple"},"yoast_head":"<!-- This site is optimized with the Yoast SEO Premium plugin v20.5 (Yoast SEO v27.1.1) - https:\/\/yoast.com\/product\/yoast-seo-premium-wordpress\/ -->\n<title>S\u00e2m Ng\u1ecdc Linh Ng\u00e2m M\u1eadt Ong (H\u0169 200ml) -<\/title>\n<meta name=\"robots\" content=\"noindex, follow, max-snippet:-1, max-image-preview:large, max-video-preview:-1\" \/>\n<meta property=\"og:locale\" content=\"vi_VN\" \/>\n<meta property=\"og:type\" content=\"article\" \/>\n<meta property=\"og:title\" content=\"S\u00e2m Ng\u1ecdc Linh Ng\u00e2m M\u1eadt Ong (H\u0169 200ml)\" \/>\n<meta property=\"og:description\" content=\"H\u1ee7 200ml S\u00e2m Ng\u1ecdc Linh ng\u00e2m M\u1eadt ong l\u00e0 s\u1ea3n ph\u1ea9m cao c\u1ea5p, \u0111\u01b0\u1ee3c l\u00e0m t\u1eeb c\u1ee7 S\u00e2m Ng\u1ecdc Linh c\u00f3 \u0111\u1ed9 tu\u1ed5i t\u1eeb 5 n\u0103m tr\u1edf l\u00ean c\u1eaft m\u1ecfng ng\u00e2m v\u1edbi m\u1eadt ong r\u1eebngGiao h\u00e0ng to\u00e0n qu\u1ed1cCam k\u1ebft ch\u00ednh h\u00e3ng 100%\" \/>\n<meta property=\"og:url\" content=\"https:\/\/quangminhphat.com.vn\/vi\/cua-hang\/sam-ngam-mat-ong-hu-200ml\/\" \/>\n<meta property=\"article:modified_time\" content=\"2026-03-09T04:42:37+00:00\" \/>\n<meta property=\"og:image\" content=\"https:\/\/quangminhphat.com.vn\/wp-content\/uploads\/2025\/11\/469168134_122122167884565397_3134159744940735549_n-1.jpg\" \/>\n\t<meta property=\"og:image:width\" content=\"897\" \/>\n\t<meta property=\"og:image:height\" content=\"1345\" \/>\n\t<meta property=\"og:image:type\" content=\"image\/jpeg\" \/>\n<meta name=\"twitter:card\" content=\"summary_large_image\" \/>\n<meta name=\"twitter:label1\" content=\"\u01af\u1edbc t\u00ednh th\u1eddi gian \u0111\u1ecdc\" \/>\n\t<meta name=\"twitter:data1\" content=\"3 ph\u00fat\" \/>\n<script type=\"application\/ld+json\" class=\"yoast-schema-graph\">{\"@context\":\"https:\/\/schema.org\",\"@graph\":[{\"@type\":\"WebPage\",\"@id\":\"https:\/\/quangminhphat.com.vn\/cua-hang\/sam-ngam-mat-ong-hu-200ml\/\",\"url\":\"https:\/\/quangminhphat.com.vn\/cua-hang\/sam-ngam-mat-ong-hu-200ml\/\",\"name\":\"S\u00e2m Ng\u1ecdc Linh Ng\u00e2m M\u1eadt Ong (H\u0169 200ml) -\",\"isPartOf\":{\"@id\":\"https:\/\/quangminhphat.com.vn\/#website\"},\"primaryImageOfPage\":{\"@id\":\"https:\/\/quangminhphat.com.vn\/cua-hang\/sam-ngam-mat-ong-hu-200ml\/#primaryimage\"},\"image\":{\"@id\":\"https:\/\/quangminhphat.com.vn\/cua-hang\/sam-ngam-mat-ong-hu-200ml\/#primaryimage\"},\"thumbnailUrl\":\"https:\/\/quangminhphat.com.vn\/wp-content\/uploads\/2025\/11\/469168134_122122167884565397_3134159744940735549_n-1.jpg\",\"datePublished\":\"2025-11-07T03:46:01+00:00\",\"dateModified\":\"2026-03-09T04:42:37+00:00\",\"breadcrumb\":{\"@id\":\"https:\/\/quangminhphat.com.vn\/cua-hang\/sam-ngam-mat-ong-hu-200ml\/#breadcrumb\"},\"inLanguage\":\"vi\",\"potentialAction\":[{\"@type\":\"ReadAction\",\"target\":[\"https:\/\/quangminhphat.com.vn\/cua-hang\/sam-ngam-mat-ong-hu-200ml\/\"]}]},{\"@type\":\"ImageObject\",\"inLanguage\":\"vi\",\"@id\":\"https:\/\/quangminhphat.com.vn\/cua-hang\/sam-ngam-mat-ong-hu-200ml\/#primaryimage\",\"url\":\"https:\/\/quangminhphat.com.vn\/wp-content\/uploads\/2025\/11\/469168134_122122167884565397_3134159744940735549_n-1.jpg\",\"contentUrl\":\"https:\/\/quangminhphat.com.vn\/wp-content\/uploads\/2025\/11\/469168134_122122167884565397_3134159744940735549_n-1.jpg\",\"width\":897,\"height\":1345},{\"@type\":\"BreadcrumbList\",\"@id\":\"https:\/\/quangminhphat.com.vn\/cua-hang\/sam-ngam-mat-ong-hu-200ml\/#breadcrumb\",\"itemListElement\":[{\"@type\":\"ListItem\",\"position\":1,\"name\":\"Home\",\"item\":\"https:\/\/quangminhphat.com.vn\/\"},{\"@type\":\"ListItem\",\"position\":2,\"name\":\"C\u1eeda h\u00e0ng\",\"item\":\"https:\/\/quangminhphat.com.vn\/cua-hang\/\"},{\"@type\":\"ListItem\",\"position\":3,\"name\":\"S\u00e2m Ng\u1ecdc Linh Ng\u00e2m M\u1eadt Ong (H\u0169 200ml)\"}]},{\"@type\":\"WebSite\",\"@id\":\"https:\/\/quangminhphat.com.vn\/#website\",\"url\":\"https:\/\/quangminhphat.com.vn\/\",\"name\":\"\",\"description\":\"C\u00f4ng ty TNHH t\u01b0 v\u1ea5n Quang Minh Ph\u00e1t\",\"potentialAction\":[{\"@type\":\"SearchAction\",\"target\":{\"@type\":\"EntryPoint\",\"urlTemplate\":\"https:\/\/quangminhphat.com.vn\/?s={search_term_string}\"},\"query-input\":{\"@type\":\"PropertyValueSpecification\",\"valueRequired\":true,\"valueName\":\"search_term_string\"}}],\"inLanguage\":\"vi\"}]}<\/script>\n<!-- \/ Yoast SEO Premium plugin. -->","yoast_head_json":{"title":"S\u00e2m Ng\u1ecdc Linh Ng\u00e2m M\u1eadt Ong (H\u0169 200ml) -","robots":{"index":"noindex","follow":"follow","max-snippet":"max-snippet:-1","max-image-preview":"max-image-preview:large","max-video-preview":"max-video-preview:-1"},"og_locale":"vi_VN","og_type":"article","og_title":"S\u00e2m Ng\u1ecdc Linh Ng\u00e2m M\u1eadt Ong (H\u0169 200ml)","og_description":"H\u1ee7 200ml S\u00e2m Ng\u1ecdc Linh ng\u00e2m M\u1eadt ong l\u00e0 s\u1ea3n ph\u1ea9m cao c\u1ea5p, \u0111\u01b0\u1ee3c l\u00e0m t\u1eeb c\u1ee7 S\u00e2m Ng\u1ecdc Linh c\u00f3 \u0111\u1ed9 tu\u1ed5i t\u1eeb 5 n\u0103m tr\u1edf l\u00ean c\u1eaft m\u1ecfng ng\u00e2m v\u1edbi m\u1eadt ong r\u1eebngGiao h\u00e0ng to\u00e0n qu\u1ed1cCam k\u1ebft ch\u00ednh h\u00e3ng 100%","og_url":"https:\/\/quangminhphat.com.vn\/vi\/cua-hang\/sam-ngam-mat-ong-hu-200ml\/","article_modified_time":"2026-03-09T04:42:37+00:00","og_image":[{"width":897,"height":1345,"url":"https:\/\/quangminhphat.com.vn\/wp-content\/uploads\/2025\/11\/469168134_122122167884565397_3134159744940735549_n-1.jpg","type":"image\/jpeg"}],"twitter_card":"summary_large_image","twitter_misc":{"\u01af\u1edbc t\u00ednh th\u1eddi gian \u0111\u1ecdc":"3 ph\u00fat"},"schema":{"@context":"https:\/\/schema.org","@graph":[{"@type":"WebPage","@id":"https:\/\/quangminhphat.com.vn\/cua-hang\/sam-ngam-mat-ong-hu-200ml\/","url":"https:\/\/quangminhphat.com.vn\/cua-hang\/sam-ngam-mat-ong-hu-200ml\/","name":"S\u00e2m Ng\u1ecdc Linh Ng\u00e2m M\u1eadt Ong (H\u0169 200ml) -","isPartOf":{"@id":"https:\/\/quangminhphat.com.vn\/#website"},"primaryImageOfPage":{"@id":"https:\/\/quangminhphat.com.vn\/cua-hang\/sam-ngam-mat-ong-hu-200ml\/#primaryimage"},"image":{"@id":"https:\/\/quangminhphat.com.vn\/cua-hang\/sam-ngam-mat-ong-hu-200ml\/#primaryimage"},"thumbnailUrl":"https:\/\/quangminhphat.com.vn\/wp-content\/uploads\/2025\/11\/469168134_122122167884565397_3134159744940735549_n-1.jpg","datePublished":"2025-11-07T03:46:01+00:00","dateModified":"2026-03-09T04:42:37+00:00","breadcrumb":{"@id":"https:\/\/quangminhphat.com.vn\/cua-hang\/sam-ngam-mat-ong-hu-200ml\/#breadcrumb"},"inLanguage":"vi","potentialAction":[{"@type":"ReadAction","target":["https:\/\/quangminhphat.com.vn\/cua-hang\/sam-ngam-mat-ong-hu-200ml\/"]}]},{"@type":"ImageObject","inLanguage":"vi","@id":"https:\/\/quangminhphat.com.vn\/cua-hang\/sam-ngam-mat-ong-hu-200ml\/#primaryimage","url":"https:\/\/quangminhphat.com.vn\/wp-content\/uploads\/2025\/11\/469168134_122122167884565397_3134159744940735549_n-1.jpg","contentUrl":"https:\/\/quangminhphat.com.vn\/wp-content\/uploads\/2025\/11\/469168134_122122167884565397_3134159744940735549_n-1.jpg","width":897,"height":1345},{"@type":"BreadcrumbList","@id":"https:\/\/quangminhphat.com.vn\/cua-hang\/sam-ngam-mat-ong-hu-200ml\/#breadcrumb","itemListElement":[{"@type":"ListItem","position":1,"name":"Home","item":"https:\/\/quangminhphat.com.vn\/"},{"@type":"ListItem","position":2,"name":"C\u1eeda h\u00e0ng","item":"https:\/\/quangminhphat.com.vn\/cua-hang\/"},{"@type":"ListItem","position":3,"name":"S\u00e2m Ng\u1ecdc Linh Ng\u00e2m M\u1eadt Ong (H\u0169 200ml)"}]},{"@type":"WebSite","@id":"https:\/\/quangminhphat.com.vn\/#website","url":"https:\/\/quangminhphat.com.vn\/","name":"","description":"C\u00f4ng ty TNHH t\u01b0 v\u1ea5n Quang Minh Ph\u00e1t","potentialAction":[{"@type":"SearchAction","target":{"@type":"EntryPoint","urlTemplate":"https:\/\/quangminhphat.com.vn\/?s={search_term_string}"},"query-input":{"@type":"PropertyValueSpecification","valueRequired":true,"valueName":"search_term_string"}}],"inLanguage":"vi"}]}},"_links":{"self":[{"href":"https:\/\/quangminhphat.com.vn\/vi\/wp-json\/wp\/v2\/product\/1128","targetHints":{"allow":["GET"]}}],"collection":[{"href":"https:\/\/quangminhphat.com.vn\/vi\/wp-json\/wp\/v2\/product"}],"about":[{"href":"https:\/\/quangminhphat.com.vn\/vi\/wp-json\/wp\/v2\/types\/product"}],"replies":[{"embeddable":true,"href":"https:\/\/quangminhphat.com.vn\/vi\/wp-json\/wp\/v2\/comments?post=1128"}],"wp:featuredmedia":[{"embeddable":true,"href":"https:\/\/quangminhphat.com.vn\/vi\/wp-json\/wp\/v2\/media\/1537"}],"wp:attachment":[{"href":"https:\/\/quangminhphat.com.vn\/vi\/wp-json\/wp\/v2\/media?parent=1128"}],"wp:term":[{"taxonomy":"product_brand","embeddable":true,"href":"https:\/\/quangminhphat.com.vn\/vi\/wp-json\/wp\/v2\/product_brand?post=1128"},{"taxonomy":"product_cat","embeddable":true,"href":"https:\/\/quangminhphat.com.vn\/vi\/wp-json\/wp\/v2\/product_cat?post=1128"},{"taxonomy":"product_tag","embeddable":true,"href":"https:\/\/quangminhphat.com.vn\/vi\/wp-json\/wp\/v2\/product_tag?post=1128"}],"curies":[{"name":"wp","href":"https:\/\/api.w.org\/{rel}","templated":true}]}}