










{"id":1138,"date":"2025-11-07T11:10:31","date_gmt":"2025-11-07T04:10:31","guid":{"rendered":"http:\/\/localhost\/quangminhphat.com.vn\/?post_type=product&#038;p=1138"},"modified":"2026-03-09T11:36:53","modified_gmt":"2026-03-09T04:36:53","slug":"ca-phe-sam-ngoc-linh-ca-phe-sua-3in1-hop-10-goi","status":"publish","type":"product","link":"https:\/\/quangminhphat.com.vn\/vi\/cua-hang\/ca-phe-sam-ngoc-linh-ca-phe-sua-3in1-hop-10-goi\/","title":{"rendered":"C\u00e0 Ph\u00ea S\u00e2m Ng\u1ecdc Linh (C\u00e0 ph\u00ea s\u1eefa 3in1 &#8211; h\u1ed9p 10 g\u00f3i)"},"content":{"rendered":"<p>Ph\u00f9 h\u1ee3p s\u1eed d\u1ee5ng h\u00e0ng ng\u00e0y cho m\u1ecdi ng\u01b0\u1eddi<\/p>\n<p>C\u00f4ng d\u1ee5ng: t\u0103ng c\u01b0\u1eddng s\u1ee9c kho\u1ebb cho ng\u01b0\u1eddi c\u1ea7n b\u1ed3i b\u1ed5, ng\u01b0\u1eddi lao \u0111\u1ed9ng n\u1eb7ng, v\u1eadn \u0111\u1ed9ng vi\u00ean, nh\u00e2n vi\u00ean v\u0103n ph\u00f2ng,&#8230;<\/p>","protected":false},"excerpt":{"rendered":"<p>Ph\u00f9 h\u1ee3p s\u1eed d\u1ee5ng h\u00e0ng ng\u00e0y cho m\u1ecdi ng\u01b0\u1eddi<\/p>","protected":false},"featured_media":1530,"comment_status":"open","ping_status":"closed","template":"","meta":[],"product_brand":[],"product_cat":[26],"product_tag":[],"class_list":{"0":"post-1138","1":"product","2":"type-product","3":"status-publish","4":"has-post-thumbnail","6":"product_cat-chua-phan-loai","8":"first","9":"instock","10":"shipping-taxable","11":"purchasable","12":"product-type-simple"},"yoast_head":"<!-- This site is optimized with the Yoast SEO Premium plugin v20.5 (Yoast SEO v27.1.1) - https:\/\/yoast.com\/product\/yoast-seo-premium-wordpress\/ -->\n<title>C\u00e0 Ph\u00ea S\u00e2m Ng\u1ecdc Linh (C\u00e0 ph\u00ea s\u1eefa 3in1 - h\u1ed9p 10 g\u00f3i) -<\/title>\n<meta name=\"robots\" content=\"noindex, follow, max-snippet:-1, max-image-preview:large, max-video-preview:-1\" \/>\n<meta property=\"og:locale\" content=\"vi_VN\" \/>\n<meta property=\"og:type\" content=\"article\" \/>\n<meta property=\"og:title\" content=\"C\u00e0 Ph\u00ea S\u00e2m Ng\u1ecdc Linh (C\u00e0 ph\u00ea s\u1eefa 3in1 - h\u1ed9p 10 g\u00f3i)\" \/>\n<meta property=\"og:description\" content=\"Ph\u00f9 h\u1ee3p s\u1eed d\u1ee5ng h\u00e0ng ng\u00e0y cho m\u1ecdi ng\u01b0\u1eddi\" \/>\n<meta property=\"og:url\" content=\"https:\/\/quangminhphat.com.vn\/vi\/cua-hang\/ca-phe-sam-ngoc-linh-ca-phe-sua-3in1-hop-10-goi\/\" \/>\n<meta property=\"article:modified_time\" content=\"2026-03-09T04:36:53+00:00\" \/>\n<meta property=\"og:image\" content=\"https:\/\/quangminhphat.com.vn\/wp-content\/uploads\/2025\/11\/33333333333333.jpg\" \/>\n\t<meta property=\"og:image:width\" content=\"241\" \/>\n\t<meta property=\"og:image:height\" content=\"169\" \/>\n\t<meta property=\"og:image:type\" content=\"image\/jpeg\" \/>\n<meta name=\"twitter:card\" content=\"summary_large_image\" \/>\n<script type=\"application\/ld+json\" class=\"yoast-schema-graph\">{\"@context\":\"https:\/\/schema.org\",\"@graph\":[{\"@type\":\"WebPage\",\"@id\":\"https:\/\/quangminhphat.com.vn\/cua-hang\/ca-phe-sam-ngoc-linh-ca-phe-sua-3in1-hop-10-goi\/\",\"url\":\"https:\/\/quangminhphat.com.vn\/cua-hang\/ca-phe-sam-ngoc-linh-ca-phe-sua-3in1-hop-10-goi\/\",\"name\":\"C\u00e0 Ph\u00ea S\u00e2m Ng\u1ecdc Linh (C\u00e0 ph\u00ea s\u1eefa 3in1 - h\u1ed9p 10 g\u00f3i) -\",\"isPartOf\":{\"@id\":\"https:\/\/quangminhphat.com.vn\/#website\"},\"primaryImageOfPage\":{\"@id\":\"https:\/\/quangminhphat.com.vn\/cua-hang\/ca-phe-sam-ngoc-linh-ca-phe-sua-3in1-hop-10-goi\/#primaryimage\"},\"image\":{\"@id\":\"https:\/\/quangminhphat.com.vn\/cua-hang\/ca-phe-sam-ngoc-linh-ca-phe-sua-3in1-hop-10-goi\/#primaryimage\"},\"thumbnailUrl\":\"https:\/\/quangminhphat.com.vn\/wp-content\/uploads\/2025\/11\/33333333333333.jpg\",\"datePublished\":\"2025-11-07T04:10:31+00:00\",\"dateModified\":\"2026-03-09T04:36:53+00:00\",\"breadcrumb\":{\"@id\":\"https:\/\/quangminhphat.com.vn\/cua-hang\/ca-phe-sam-ngoc-linh-ca-phe-sua-3in1-hop-10-goi\/#breadcrumb\"},\"inLanguage\":\"vi\",\"potentialAction\":[{\"@type\":\"ReadAction\",\"target\":[\"https:\/\/quangminhphat.com.vn\/cua-hang\/ca-phe-sam-ngoc-linh-ca-phe-sua-3in1-hop-10-goi\/\"]}]},{\"@type\":\"ImageObject\",\"inLanguage\":\"vi\",\"@id\":\"https:\/\/quangminhphat.com.vn\/cua-hang\/ca-phe-sam-ngoc-linh-ca-phe-sua-3in1-hop-10-goi\/#primaryimage\",\"url\":\"https:\/\/quangminhphat.com.vn\/wp-content\/uploads\/2025\/11\/33333333333333.jpg\",\"contentUrl\":\"https:\/\/quangminhphat.com.vn\/wp-content\/uploads\/2025\/11\/33333333333333.jpg\",\"width\":241,\"height\":169},{\"@type\":\"BreadcrumbList\",\"@id\":\"https:\/\/quangminhphat.com.vn\/cua-hang\/ca-phe-sam-ngoc-linh-ca-phe-sua-3in1-hop-10-goi\/#breadcrumb\",\"itemListElement\":[{\"@type\":\"ListItem\",\"position\":1,\"name\":\"Home\",\"item\":\"https:\/\/quangminhphat.com.vn\/\"},{\"@type\":\"ListItem\",\"position\":2,\"name\":\"C\u1eeda h\u00e0ng\",\"item\":\"https:\/\/quangminhphat.com.vn\/cua-hang\/\"},{\"@type\":\"ListItem\",\"position\":3,\"name\":\"C\u00e0 Ph\u00ea S\u00e2m Ng\u1ecdc Linh (C\u00e0 ph\u00ea s\u1eefa 3in1 &#8211; h\u1ed9p 10 g\u00f3i)\"}]},{\"@type\":\"WebSite\",\"@id\":\"https:\/\/quangminhphat.com.vn\/#website\",\"url\":\"https:\/\/quangminhphat.com.vn\/\",\"name\":\"\",\"description\":\"C\u00f4ng ty TNHH t\u01b0 v\u1ea5n Quang Minh Ph\u00e1t\",\"potentialAction\":[{\"@type\":\"SearchAction\",\"target\":{\"@type\":\"EntryPoint\",\"urlTemplate\":\"https:\/\/quangminhphat.com.vn\/?s={search_term_string}\"},\"query-input\":{\"@type\":\"PropertyValueSpecification\",\"valueRequired\":true,\"valueName\":\"search_term_string\"}}],\"inLanguage\":\"vi\"}]}<\/script>\n<!-- \/ Yoast SEO Premium plugin. -->","yoast_head_json":{"title":"C\u00e0 Ph\u00ea S\u00e2m Ng\u1ecdc Linh (C\u00e0 ph\u00ea s\u1eefa 3in1 - h\u1ed9p 10 g\u00f3i) -","robots":{"index":"noindex","follow":"follow","max-snippet":"max-snippet:-1","max-image-preview":"max-image-preview:large","max-video-preview":"max-video-preview:-1"},"og_locale":"vi_VN","og_type":"article","og_title":"C\u00e0 Ph\u00ea S\u00e2m Ng\u1ecdc Linh (C\u00e0 ph\u00ea s\u1eefa 3in1 - h\u1ed9p 10 g\u00f3i)","og_description":"Ph\u00f9 h\u1ee3p s\u1eed d\u1ee5ng h\u00e0ng ng\u00e0y cho m\u1ecdi ng\u01b0\u1eddi","og_url":"https:\/\/quangminhphat.com.vn\/vi\/cua-hang\/ca-phe-sam-ngoc-linh-ca-phe-sua-3in1-hop-10-goi\/","article_modified_time":"2026-03-09T04:36:53+00:00","og_image":[{"width":241,"height":169,"url":"https:\/\/quangminhphat.com.vn\/wp-content\/uploads\/2025\/11\/33333333333333.jpg","type":"image\/jpeg"}],"twitter_card":"summary_large_image","schema":{"@context":"https:\/\/schema.org","@graph":[{"@type":"WebPage","@id":"https:\/\/quangminhphat.com.vn\/cua-hang\/ca-phe-sam-ngoc-linh-ca-phe-sua-3in1-hop-10-goi\/","url":"https:\/\/quangminhphat.com.vn\/cua-hang\/ca-phe-sam-ngoc-linh-ca-phe-sua-3in1-hop-10-goi\/","name":"C\u00e0 Ph\u00ea S\u00e2m Ng\u1ecdc Linh (C\u00e0 ph\u00ea s\u1eefa 3in1 - h\u1ed9p 10 g\u00f3i) -","isPartOf":{"@id":"https:\/\/quangminhphat.com.vn\/#website"},"primaryImageOfPage":{"@id":"https:\/\/quangminhphat.com.vn\/cua-hang\/ca-phe-sam-ngoc-linh-ca-phe-sua-3in1-hop-10-goi\/#primaryimage"},"image":{"@id":"https:\/\/quangminhphat.com.vn\/cua-hang\/ca-phe-sam-ngoc-linh-ca-phe-sua-3in1-hop-10-goi\/#primaryimage"},"thumbnailUrl":"https:\/\/quangminhphat.com.vn\/wp-content\/uploads\/2025\/11\/33333333333333.jpg","datePublished":"2025-11-07T04:10:31+00:00","dateModified":"2026-03-09T04:36:53+00:00","breadcrumb":{"@id":"https:\/\/quangminhphat.com.vn\/cua-hang\/ca-phe-sam-ngoc-linh-ca-phe-sua-3in1-hop-10-goi\/#breadcrumb"},"inLanguage":"vi","potentialAction":[{"@type":"ReadAction","target":["https:\/\/quangminhphat.com.vn\/cua-hang\/ca-phe-sam-ngoc-linh-ca-phe-sua-3in1-hop-10-goi\/"]}]},{"@type":"ImageObject","inLanguage":"vi","@id":"https:\/\/quangminhphat.com.vn\/cua-hang\/ca-phe-sam-ngoc-linh-ca-phe-sua-3in1-hop-10-goi\/#primaryimage","url":"https:\/\/quangminhphat.com.vn\/wp-content\/uploads\/2025\/11\/33333333333333.jpg","contentUrl":"https:\/\/quangminhphat.com.vn\/wp-content\/uploads\/2025\/11\/33333333333333.jpg","width":241,"height":169},{"@type":"BreadcrumbList","@id":"https:\/\/quangminhphat.com.vn\/cua-hang\/ca-phe-sam-ngoc-linh-ca-phe-sua-3in1-hop-10-goi\/#breadcrumb","itemListElement":[{"@type":"ListItem","position":1,"name":"Home","item":"https:\/\/quangminhphat.com.vn\/"},{"@type":"ListItem","position":2,"name":"C\u1eeda h\u00e0ng","item":"https:\/\/quangminhphat.com.vn\/cua-hang\/"},{"@type":"ListItem","position":3,"name":"C\u00e0 Ph\u00ea S\u00e2m Ng\u1ecdc Linh (C\u00e0 ph\u00ea s\u1eefa 3in1 &#8211; h\u1ed9p 10 g\u00f3i)"}]},{"@type":"WebSite","@id":"https:\/\/quangminhphat.com.vn\/#website","url":"https:\/\/quangminhphat.com.vn\/","name":"","description":"C\u00f4ng ty TNHH t\u01b0 v\u1ea5n Quang Minh Ph\u00e1t","potentialAction":[{"@type":"SearchAction","target":{"@type":"EntryPoint","urlTemplate":"https:\/\/quangminhphat.com.vn\/?s={search_term_string}"},"query-input":{"@type":"PropertyValueSpecification","valueRequired":true,"valueName":"search_term_string"}}],"inLanguage":"vi"}]}},"_links":{"self":[{"href":"https:\/\/quangminhphat.com.vn\/vi\/wp-json\/wp\/v2\/product\/1138","targetHints":{"allow":["GET"]}}],"collection":[{"href":"https:\/\/quangminhphat.com.vn\/vi\/wp-json\/wp\/v2\/product"}],"about":[{"href":"https:\/\/quangminhphat.com.vn\/vi\/wp-json\/wp\/v2\/types\/product"}],"replies":[{"embeddable":true,"href":"https:\/\/quangminhphat.com.vn\/vi\/wp-json\/wp\/v2\/comments?post=1138"}],"wp:featuredmedia":[{"embeddable":true,"href":"https:\/\/quangminhphat.com.vn\/vi\/wp-json\/wp\/v2\/media\/1530"}],"wp:attachment":[{"href":"https:\/\/quangminhphat.com.vn\/vi\/wp-json\/wp\/v2\/media?parent=1138"}],"wp:term":[{"taxonomy":"product_brand","embeddable":true,"href":"https:\/\/quangminhphat.com.vn\/vi\/wp-json\/wp\/v2\/product_brand?post=1138"},{"taxonomy":"product_cat","embeddable":true,"href":"https:\/\/quangminhphat.com.vn\/vi\/wp-json\/wp\/v2\/product_cat?post=1138"},{"taxonomy":"product_tag","embeddable":true,"href":"https:\/\/quangminhphat.com.vn\/vi\/wp-json\/wp\/v2\/product_tag?post=1138"}],"curies":[{"name":"wp","href":"https:\/\/api.w.org\/{rel}","templated":true}]}}