










{"id":1141,"date":"2025-11-07T11:12:42","date_gmt":"2025-11-07T04:12:42","guid":{"rendered":"http:\/\/localhost\/quangminhphat.com.vn\/?post_type=product&#038;p=1141"},"modified":"2026-03-09T11:19:28","modified_gmt":"2026-03-09T04:19:28","slug":"tra-sam-ngoc-linh-hop-7-tui","status":"publish","type":"product","link":"https:\/\/quangminhphat.com.vn\/vi\/cua-hang\/tra-sam-ngoc-linh-hop-7-tui\/","title":{"rendered":"Tr\u00e0 S\u00e2m Ng\u1ecdc Linh (h\u1ed9p 7 g\u00f3i)"},"content":{"rendered":"<h2 data-start=\"125\" data-end=\"176\"><strong data-start=\"128\" data-end=\"176\">Tr\u00e0 T\u00fai L\u1ecdc S\u00e2m Ng\u1ecdc Linh \u2013 Vinsam Qu\u1ea3ng Nam<\/strong><\/h2>\n<p data-start=\"178\" data-end=\"422\">Tr\u00e0 t\u00fai l\u1ecdc S\u00e2m Ng\u1ecdc Linh t\u1eeb Vinsam Qu\u1ea3ng Nam \u0111\u01b0\u1ee3c chi\u1ebft xu\u1ea5t t\u1eeb <strong data-start=\"243\" data-end=\"263\">l\u00e1 s\u00e2m Ng\u1ecdc Linh<\/strong>, gi\u1ea3o c\u1ed5 lam, hoa c\u00fac v\u00e0ng, l\u1ea1c ti\u00ean v\u00e0 cam th\u1ea3o. H\u1ed9p <strong data-start=\"318\" data-end=\"336\">7 t\u00fai d\u00f9ng th\u1eed<\/strong>, nh\u1ecf g\u1ecdn, ti\u1ec7n s\u1eed d\u1ee5ng h\u1eb1ng ng\u00e0y.<br data-start=\"370\" data-end=\"373\" \/>Giao h\u00e0ng to\u00e0n qu\u1ed1c \u2013 <strong data-start=\"395\" data-end=\"422\">Cam k\u1ebft ch\u00ednh h\u00e3ng 100%<\/strong><\/p>\n<hr data-start=\"424\" data-end=\"427\" \/>\n<h3 data-start=\"429\" data-end=\"451\"><strong data-start=\"433\" data-end=\"451\">M\u00f4 t\u1ea3 s\u1ea3n ph\u1ea9m<\/strong><\/h3>\n<p data-start=\"453\" data-end=\"611\">H\u1ed9p 7 t\u00fai tr\u00e0 t\u00fai l\u1ecdc S\u00e2m Ng\u1ecdc Linh t\u1eeb Vinsam Qu\u1ea3ng Nam chi\u1ebft xu\u1ea5t t\u1eeb l\u00e1 s\u00e2m Ng\u1ecdc Linh, gi\u1ea3o c\u1ed5 lam, hoa c\u00fac v\u00e0ng, l\u1ea1c ti\u00ean, cam th\u1ea3o. S\u1eed d\u1ee5ng h\u1eb1ng ng\u00e0y gi\u00fap:<\/p>\n<ul data-start=\"613\" data-end=\"777\">\n<li data-start=\"613\" data-end=\"651\">\n<p data-start=\"615\" data-end=\"651\">Thanh nhi\u1ec7t, gi\u1ea3i \u0111\u1ed9c gan, m\u00e1t gan<\/p>\n<\/li>\n<li data-start=\"652\" data-end=\"675\">\n<p data-start=\"654\" data-end=\"675\">T\u0103ng c\u01b0\u1eddng s\u1ee9c kh\u1ecfe<\/p>\n<\/li>\n<li data-start=\"676\" data-end=\"704\">\n<p data-start=\"678\" data-end=\"704\">Gi\u1ea3m c\u0103ng th\u1eb3ng, m\u1ec7t m\u1ecfi<\/p>\n<\/li>\n<li data-start=\"705\" data-end=\"743\">\n<p data-start=\"707\" data-end=\"743\">T\u0103ng kh\u1ea3 n\u0103ng mi\u1ec5n d\u1ecbch c\u1ee7a c\u01a1 th\u1ec3<\/p>\n<\/li>\n<li data-start=\"744\" data-end=\"777\">\n<p data-start=\"746\" data-end=\"777\">C\u1ea3i thi\u1ec7n ch\u1ea5t l\u01b0\u1ee3ng gi\u1ea5c ng\u1ee7<\/p>\n<\/li>\n<\/ul>\n<hr data-start=\"779\" data-end=\"782\" \/>\n<h3 data-start=\"784\" data-end=\"810\"><strong data-start=\"788\" data-end=\"810\">Th\u00f4ng tin chi ti\u1ebft<\/strong><\/h3>\n<ul data-start=\"812\" data-end=\"923\">\n<li data-start=\"812\" data-end=\"842\">\n<p data-start=\"814\" data-end=\"842\"><strong data-start=\"814\" data-end=\"829\">\u0110\u1ecbnh l\u01b0\u1ee3ng:<\/strong> H\u1ed9p 20 g\u00f3i<\/p>\n<\/li>\n<li data-start=\"843\" data-end=\"893\">\n<p data-start=\"845\" data-end=\"893\"><strong data-start=\"845\" data-end=\"858\">\u0110\u1eb7c \u0111i\u1ec3m:<\/strong> Tr\u00e0 th\u01a1m, m\u00e0u v\u00e0ng nh\u1ea1t, d\u1ec5 u\u1ed1ng<\/p>\n<\/li>\n<li data-start=\"894\" data-end=\"923\">\n<p data-start=\"896\" data-end=\"923\"><strong data-start=\"896\" data-end=\"912\">H\u1ea1n s\u1eed d\u1ee5ng:<\/strong> 18 th\u00e1ng<\/p>\n<\/li>\n<\/ul>\n<hr data-start=\"925\" data-end=\"928\" \/>\n<h3 data-start=\"930\" data-end=\"955\"><strong data-start=\"934\" data-end=\"955\">H\u01b0\u1edbng d\u1eabn s\u1eed d\u1ee5ng<\/strong><\/h3>\n<ul data-start=\"957\" data-end=\"1090\">\n<li style=\"list-style-type: none;\">\n<ul data-start=\"957\" data-end=\"1090\">\n<li data-start=\"957\" data-end=\"990\">\n<p data-start=\"959\" data-end=\"990\">S\u1eed d\u1ee5ng \u0111\u01b0\u1ee3c cho m\u1ecdi l\u1ee9a tu\u1ed5i<\/p>\n<\/li>\n<li data-start=\"991\" data-end=\"1016\">\n<p data-start=\"993\" data-end=\"1016\">H\u00e3m tr\u00e0 v\u1edbi n\u01b0\u1edbc n\u00f3ng<\/p>\n<\/li>\n<li data-start=\"1017\" data-end=\"1034\">\n<p data-start=\"1019\" data-end=\"1034\">U\u1ed1ng m\u1ed7i s\u00e1ng<\/p>\n<\/li>\n<li data-start=\"1035\" data-end=\"1090\">\n<p data-start=\"1037\" data-end=\"1090\">B\u1ea3o qu\u1ea3n n\u01a1i kh\u00f4 r\u00e1o, tho\u00e1ng m\u00e1t, \u1edf nhi\u1ec7t \u0111\u1ed9 th\u01b0\u1eddng<\/p>\n<\/li>\n<\/ul>\n<\/li>\n<\/ul>\n<div class=\"video-small\">\n<div style=\"width: 640px;\" class=\"wp-video\"><!--[if lt IE 9]><script>document.createElement('video');<\/script><![endif]-->\n<video class=\"wp-video-shortcode\" id=\"video-1141-1\" width=\"640\" height=\"360\" preload=\"metadata\" controls=\"controls\"><source type=\"video\/mp4\" src=\"https:\/\/quangminhphat.com.vn\/wp-content\/uploads\/2025\/11\/pha-tra-sam.mp4?_=1\" \/><a href=\"https:\/\/quangminhphat.com.vn\/wp-content\/uploads\/2025\/11\/pha-tra-sam.mp4\">https:\/\/quangminhphat.com.vn\/wp-content\/uploads\/2025\/11\/pha-tra-sam.mp4<\/a><\/video><\/div>\n<\/div>","protected":false},"excerpt":{"rendered":"<p>Tr\u00e0 t\u00fai l\u1ecdc S\u00e2m Ng\u1ecdc Linh t\u1eeb Vinsam Qu\u1ea3ng Nam \u0111\u01b0\u1ee3c chi\u1ebft xu\u1ea5t t\u1eeb l\u00e1 s\u00e2m Ng\u1ecdc Linh, gi\u1ea3o c\u1ed5 lam, hoa c\u00fac v\u00e0ng, l\u1ea1c ti\u00ean v\u00e0 cam th\u1ea3o. H\u1ed9p 7 t\u00fai d\u00f9ng th\u1eed, nh\u1ecf g\u1ecdn, ti\u1ec7n s\u1eed d\u1ee5ng h\u1eb1ng ng\u00e0y.<br \/>\nGiao h\u00e0ng to\u00e0n qu\u1ed1c \u2013 Cam k\u1ebft ch\u00ednh h\u00e3ng 100%<\/p>","protected":false},"featured_media":1511,"comment_status":"open","ping_status":"closed","template":"","meta":[],"product_brand":[],"product_cat":[26],"product_tag":[],"class_list":{"0":"post-1141","1":"product","2":"type-product","3":"status-publish","4":"has-post-thumbnail","6":"product_cat-chua-phan-loai","8":"first","9":"instock","10":"shipping-taxable","11":"purchasable","12":"product-type-simple"},"yoast_head":"<!-- This site is optimized with the Yoast SEO Premium plugin v20.5 (Yoast SEO v27.1.1) - https:\/\/yoast.com\/product\/yoast-seo-premium-wordpress\/ -->\n<title>Tr\u00e0 S\u00e2m Ng\u1ecdc Linh (h\u1ed9p 7 g\u00f3i) -<\/title>\n<meta name=\"robots\" content=\"noindex, follow, max-snippet:-1, max-image-preview:large, max-video-preview:-1\" \/>\n<meta property=\"og:locale\" content=\"vi_VN\" \/>\n<meta property=\"og:type\" content=\"article\" \/>\n<meta property=\"og:title\" content=\"Tr\u00e0 S\u00e2m Ng\u1ecdc Linh (h\u1ed9p 7 g\u00f3i)\" \/>\n<meta property=\"og:description\" content=\"Tr\u00e0 t\u00fai l\u1ecdc S\u00e2m Ng\u1ecdc Linh t\u1eeb Vinsam Qu\u1ea3ng Nam \u0111\u01b0\u1ee3c chi\u1ebft xu\u1ea5t t\u1eeb l\u00e1 s\u00e2m Ng\u1ecdc Linh, gi\u1ea3o c\u1ed5 lam, hoa c\u00fac v\u00e0ng, l\u1ea1c ti\u00ean v\u00e0 cam th\u1ea3o. H\u1ed9p 7 t\u00fai d\u00f9ng th\u1eed, nh\u1ecf g\u1ecdn, ti\u1ec7n s\u1eed d\u1ee5ng h\u1eb1ng ng\u00e0y. Giao h\u00e0ng to\u00e0n qu\u1ed1c \u2013 Cam k\u1ebft ch\u00ednh h\u00e3ng 100%\" \/>\n<meta property=\"og:url\" content=\"https:\/\/quangminhphat.com.vn\/vi\/cua-hang\/tra-sam-ngoc-linh-hop-7-tui\/\" \/>\n<meta property=\"article:modified_time\" content=\"2026-03-09T04:19:28+00:00\" \/>\n<meta property=\"og:image\" content=\"https:\/\/quangminhphat.com.vn\/wp-content\/uploads\/2025\/11\/SP000148-2-2.png\" \/>\n\t<meta property=\"og:image:width\" content=\"1024\" \/>\n\t<meta property=\"og:image:height\" content=\"1024\" \/>\n\t<meta property=\"og:image:type\" content=\"image\/png\" \/>\n<meta name=\"twitter:card\" content=\"summary_large_image\" \/>\n<meta name=\"twitter:label1\" content=\"\u01af\u1edbc t\u00ednh th\u1eddi gian \u0111\u1ecdc\" \/>\n\t<meta name=\"twitter:data1\" content=\"2 ph\u00fat\" \/>\n<script type=\"application\/ld+json\" class=\"yoast-schema-graph\">{\"@context\":\"https:\/\/schema.org\",\"@graph\":[{\"@type\":\"WebPage\",\"@id\":\"https:\/\/quangminhphat.com.vn\/cua-hang\/tra-sam-ngoc-linh-hop-7-tui\/\",\"url\":\"https:\/\/quangminhphat.com.vn\/cua-hang\/tra-sam-ngoc-linh-hop-7-tui\/\",\"name\":\"Tr\u00e0 S\u00e2m Ng\u1ecdc Linh (h\u1ed9p 7 g\u00f3i) -\",\"isPartOf\":{\"@id\":\"https:\/\/quangminhphat.com.vn\/#website\"},\"primaryImageOfPage\":{\"@id\":\"https:\/\/quangminhphat.com.vn\/cua-hang\/tra-sam-ngoc-linh-hop-7-tui\/#primaryimage\"},\"image\":{\"@id\":\"https:\/\/quangminhphat.com.vn\/cua-hang\/tra-sam-ngoc-linh-hop-7-tui\/#primaryimage\"},\"thumbnailUrl\":\"https:\/\/quangminhphat.com.vn\/wp-content\/uploads\/2025\/11\/SP000148-2-2.png\",\"datePublished\":\"2025-11-07T04:12:42+00:00\",\"dateModified\":\"2026-03-09T04:19:28+00:00\",\"breadcrumb\":{\"@id\":\"https:\/\/quangminhphat.com.vn\/cua-hang\/tra-sam-ngoc-linh-hop-7-tui\/#breadcrumb\"},\"inLanguage\":\"vi\",\"potentialAction\":[{\"@type\":\"ReadAction\",\"target\":[\"https:\/\/quangminhphat.com.vn\/cua-hang\/tra-sam-ngoc-linh-hop-7-tui\/\"]}]},{\"@type\":\"ImageObject\",\"inLanguage\":\"vi\",\"@id\":\"https:\/\/quangminhphat.com.vn\/cua-hang\/tra-sam-ngoc-linh-hop-7-tui\/#primaryimage\",\"url\":\"https:\/\/quangminhphat.com.vn\/wp-content\/uploads\/2025\/11\/SP000148-2-2.png\",\"contentUrl\":\"https:\/\/quangminhphat.com.vn\/wp-content\/uploads\/2025\/11\/SP000148-2-2.png\",\"width\":1024,\"height\":1024},{\"@type\":\"BreadcrumbList\",\"@id\":\"https:\/\/quangminhphat.com.vn\/cua-hang\/tra-sam-ngoc-linh-hop-7-tui\/#breadcrumb\",\"itemListElement\":[{\"@type\":\"ListItem\",\"position\":1,\"name\":\"Home\",\"item\":\"https:\/\/quangminhphat.com.vn\/\"},{\"@type\":\"ListItem\",\"position\":2,\"name\":\"C\u1eeda h\u00e0ng\",\"item\":\"https:\/\/quangminhphat.com.vn\/cua-hang\/\"},{\"@type\":\"ListItem\",\"position\":3,\"name\":\"Tr\u00e0 S\u00e2m Ng\u1ecdc Linh (h\u1ed9p 7 g\u00f3i)\"}]},{\"@type\":\"WebSite\",\"@id\":\"https:\/\/quangminhphat.com.vn\/#website\",\"url\":\"https:\/\/quangminhphat.com.vn\/\",\"name\":\"\",\"description\":\"C\u00f4ng ty TNHH t\u01b0 v\u1ea5n Quang Minh Ph\u00e1t\",\"potentialAction\":[{\"@type\":\"SearchAction\",\"target\":{\"@type\":\"EntryPoint\",\"urlTemplate\":\"https:\/\/quangminhphat.com.vn\/?s={search_term_string}\"},\"query-input\":{\"@type\":\"PropertyValueSpecification\",\"valueRequired\":true,\"valueName\":\"search_term_string\"}}],\"inLanguage\":\"vi\"}]}<\/script>\n<!-- \/ Yoast SEO Premium plugin. -->","yoast_head_json":{"title":"Tr\u00e0 S\u00e2m Ng\u1ecdc Linh (h\u1ed9p 7 g\u00f3i) -","robots":{"index":"noindex","follow":"follow","max-snippet":"max-snippet:-1","max-image-preview":"max-image-preview:large","max-video-preview":"max-video-preview:-1"},"og_locale":"vi_VN","og_type":"article","og_title":"Tr\u00e0 S\u00e2m Ng\u1ecdc Linh (h\u1ed9p 7 g\u00f3i)","og_description":"Tr\u00e0 t\u00fai l\u1ecdc S\u00e2m Ng\u1ecdc Linh t\u1eeb Vinsam Qu\u1ea3ng Nam \u0111\u01b0\u1ee3c chi\u1ebft xu\u1ea5t t\u1eeb l\u00e1 s\u00e2m Ng\u1ecdc Linh, gi\u1ea3o c\u1ed5 lam, hoa c\u00fac v\u00e0ng, l\u1ea1c ti\u00ean v\u00e0 cam th\u1ea3o. H\u1ed9p 7 t\u00fai d\u00f9ng th\u1eed, nh\u1ecf g\u1ecdn, ti\u1ec7n s\u1eed d\u1ee5ng h\u1eb1ng ng\u00e0y. Giao h\u00e0ng to\u00e0n qu\u1ed1c \u2013 Cam k\u1ebft ch\u00ednh h\u00e3ng 100%","og_url":"https:\/\/quangminhphat.com.vn\/vi\/cua-hang\/tra-sam-ngoc-linh-hop-7-tui\/","article_modified_time":"2026-03-09T04:19:28+00:00","og_image":[{"width":1024,"height":1024,"url":"https:\/\/quangminhphat.com.vn\/wp-content\/uploads\/2025\/11\/SP000148-2-2.png","type":"image\/png"}],"twitter_card":"summary_large_image","twitter_misc":{"\u01af\u1edbc t\u00ednh th\u1eddi gian \u0111\u1ecdc":"2 ph\u00fat"},"schema":{"@context":"https:\/\/schema.org","@graph":[{"@type":"WebPage","@id":"https:\/\/quangminhphat.com.vn\/cua-hang\/tra-sam-ngoc-linh-hop-7-tui\/","url":"https:\/\/quangminhphat.com.vn\/cua-hang\/tra-sam-ngoc-linh-hop-7-tui\/","name":"Tr\u00e0 S\u00e2m Ng\u1ecdc Linh (h\u1ed9p 7 g\u00f3i) -","isPartOf":{"@id":"https:\/\/quangminhphat.com.vn\/#website"},"primaryImageOfPage":{"@id":"https:\/\/quangminhphat.com.vn\/cua-hang\/tra-sam-ngoc-linh-hop-7-tui\/#primaryimage"},"image":{"@id":"https:\/\/quangminhphat.com.vn\/cua-hang\/tra-sam-ngoc-linh-hop-7-tui\/#primaryimage"},"thumbnailUrl":"https:\/\/quangminhphat.com.vn\/wp-content\/uploads\/2025\/11\/SP000148-2-2.png","datePublished":"2025-11-07T04:12:42+00:00","dateModified":"2026-03-09T04:19:28+00:00","breadcrumb":{"@id":"https:\/\/quangminhphat.com.vn\/cua-hang\/tra-sam-ngoc-linh-hop-7-tui\/#breadcrumb"},"inLanguage":"vi","potentialAction":[{"@type":"ReadAction","target":["https:\/\/quangminhphat.com.vn\/cua-hang\/tra-sam-ngoc-linh-hop-7-tui\/"]}]},{"@type":"ImageObject","inLanguage":"vi","@id":"https:\/\/quangminhphat.com.vn\/cua-hang\/tra-sam-ngoc-linh-hop-7-tui\/#primaryimage","url":"https:\/\/quangminhphat.com.vn\/wp-content\/uploads\/2025\/11\/SP000148-2-2.png","contentUrl":"https:\/\/quangminhphat.com.vn\/wp-content\/uploads\/2025\/11\/SP000148-2-2.png","width":1024,"height":1024},{"@type":"BreadcrumbList","@id":"https:\/\/quangminhphat.com.vn\/cua-hang\/tra-sam-ngoc-linh-hop-7-tui\/#breadcrumb","itemListElement":[{"@type":"ListItem","position":1,"name":"Home","item":"https:\/\/quangminhphat.com.vn\/"},{"@type":"ListItem","position":2,"name":"C\u1eeda h\u00e0ng","item":"https:\/\/quangminhphat.com.vn\/cua-hang\/"},{"@type":"ListItem","position":3,"name":"Tr\u00e0 S\u00e2m Ng\u1ecdc Linh (h\u1ed9p 7 g\u00f3i)"}]},{"@type":"WebSite","@id":"https:\/\/quangminhphat.com.vn\/#website","url":"https:\/\/quangminhphat.com.vn\/","name":"","description":"C\u00f4ng ty TNHH t\u01b0 v\u1ea5n Quang Minh Ph\u00e1t","potentialAction":[{"@type":"SearchAction","target":{"@type":"EntryPoint","urlTemplate":"https:\/\/quangminhphat.com.vn\/?s={search_term_string}"},"query-input":{"@type":"PropertyValueSpecification","valueRequired":true,"valueName":"search_term_string"}}],"inLanguage":"vi"}]}},"_links":{"self":[{"href":"https:\/\/quangminhphat.com.vn\/vi\/wp-json\/wp\/v2\/product\/1141","targetHints":{"allow":["GET"]}}],"collection":[{"href":"https:\/\/quangminhphat.com.vn\/vi\/wp-json\/wp\/v2\/product"}],"about":[{"href":"https:\/\/quangminhphat.com.vn\/vi\/wp-json\/wp\/v2\/types\/product"}],"replies":[{"embeddable":true,"href":"https:\/\/quangminhphat.com.vn\/vi\/wp-json\/wp\/v2\/comments?post=1141"}],"wp:featuredmedia":[{"embeddable":true,"href":"https:\/\/quangminhphat.com.vn\/vi\/wp-json\/wp\/v2\/media\/1511"}],"wp:attachment":[{"href":"https:\/\/quangminhphat.com.vn\/vi\/wp-json\/wp\/v2\/media?parent=1141"}],"wp:term":[{"taxonomy":"product_brand","embeddable":true,"href":"https:\/\/quangminhphat.com.vn\/vi\/wp-json\/wp\/v2\/product_brand?post=1141"},{"taxonomy":"product_cat","embeddable":true,"href":"https:\/\/quangminhphat.com.vn\/vi\/wp-json\/wp\/v2\/product_cat?post=1141"},{"taxonomy":"product_tag","embeddable":true,"href":"https:\/\/quangminhphat.com.vn\/vi\/wp-json\/wp\/v2\/product_tag?post=1141"}],"curies":[{"name":"wp","href":"https:\/\/api.w.org\/{rel}","templated":true}]}}