










{"id":1142,"date":"2025-11-07T11:16:41","date_gmt":"2025-11-07T04:16:41","guid":{"rendered":"http:\/\/localhost\/quangminhphat.com.vn\/?post_type=product&#038;p=1142"},"modified":"2026-03-09T11:30:47","modified_gmt":"2026-03-09T04:30:47","slug":"ruou-cu-sam-ngoc-linh-chai-500ml","status":"publish","type":"product","link":"https:\/\/quangminhphat.com.vn\/vi\/cua-hang\/ruou-cu-sam-ngoc-linh-chai-500ml\/","title":{"rendered":"R\u01b0\u1ee3u C\u1ee7 S\u00e2m Ng\u1ecdc Linh (chai 500ml)"},"content":{"rendered":"<h2 data-start=\"147\" data-end=\"189\"><strong data-start=\"150\" data-end=\"187\">R\u01b0\u1ee3u S\u00e2m Ng\u1ecdc Linh Vinsam (500ml)<\/strong><\/h2>\n<p data-start=\"190\" data-end=\"227\"><strong data-start=\"190\" data-end=\"227\">S\u1ea3n ph\u1ea9m \u0111\u1ea1t ch\u1ee9ng nh\u1eadn OCOP 2024<\/strong><\/p>\n<p data-start=\"229\" data-end=\"493\">R\u01b0\u1ee3u c\u1ee7 Ti\u1ec3u Di\u1ec7p T\u1eedu l\u00e0 s\u1ef1 k\u1ebft h\u1ee3p ho\u00e0n h\u1ea3o gi\u1eefa <strong data-start=\"279\" data-end=\"295\">r\u01b0\u1ee3u l\u00faa r\u1eaby<\/strong> v\u00e0 <strong data-start=\"299\" data-end=\"323\">c\u1ee7 c\u00e2y s\u00e2m Ng\u1ecdc Linh<\/strong>, lo\u1ea1i s\u00e2m qu\u00fd hi\u1ebfm c\u00f3 ngu\u1ed3n g\u1ed1c t\u1eeb n\u00fai Ng\u1ecdc Linh.<br data-start=\"373\" data-end=\"376\" \/>Thi\u1ebft k\u1ebf cao c\u1ea5p v\u1edbi <strong data-start=\"397\" data-end=\"420\">h\u1ed9p \u0111\u1ef1ng sang tr\u1ecdng<\/strong>, ph\u00f9 h\u1ee3p bi\u1ebfu t\u1eb7ng.<br data-start=\"440\" data-end=\"443\" \/><strong data-start=\"443\" data-end=\"493\">Giao h\u00e0ng to\u00e0n qu\u1ed1c \u2013 Cam k\u1ebft ch\u00ednh h\u00e3ng 100%.<\/strong><\/p>\n<hr data-start=\"495\" data-end=\"498\" \/>\n<h2 data-start=\"500\" data-end=\"512\"><strong data-start=\"503\" data-end=\"512\">M\u00f4 t\u1ea3<\/strong><\/h2>\n<p data-start=\"514\" data-end=\"740\">R\u01b0\u1ee3u S\u00e2m Ng\u1ecdc Linh Vinsam (500ml) l\u00e0 s\u1ef1 k\u1ebft h\u1ee3p ho\u00e0n h\u1ea3o gi\u1eefa r\u01b0\u1ee3u l\u00faa r\u1eaby v\u00e0 c\u1ee7 c\u00e2y s\u00e2m Ng\u1ecdc Linh, m\u1ed9t lo\u1ea1i s\u00e2m qu\u00fd hi\u1ebfm c\u00f3 ngu\u1ed3n g\u1ed1c t\u1eeb n\u00fai Ng\u1ecdc Linh, Qu\u1ea3ng Nam. S\u00e2m Ng\u1ecdc Linh c\u00f3 r\u1ea5t nhi\u1ec1u t\u00e1c d\u1ee5ng t\u1ed1t cho s\u1ee9c kh\u1ecfe, bao g\u1ed3m:<\/p>\n<ul data-start=\"742\" data-end=\"982\">\n<li data-start=\"742\" data-end=\"789\">\n<p data-start=\"744\" data-end=\"789\">B\u1ed5 sung n\u0103ng l\u01b0\u1ee3ng, t\u0103ng c\u01b0\u1eddng s\u1ee9c \u0111\u1ec1 kh\u00e1ng<\/p>\n<\/li>\n<li data-start=\"790\" data-end=\"824\">\n<p data-start=\"792\" data-end=\"824\">T\u0103ng c\u01b0\u1eddng ch\u1ee9c n\u0103ng gan, th\u1eadn<\/p>\n<\/li>\n<li data-start=\"825\" data-end=\"863\">\n<p data-start=\"827\" data-end=\"863\">H\u1ed7 tr\u1ee3 s\u1ee9c kh\u1ecfe tim m\u1ea1ch, huy\u1ebft \u00e1p<\/p>\n<\/li>\n<li data-start=\"864\" data-end=\"891\">\n<p data-start=\"866\" data-end=\"891\">Gi\u1ea3m stress, c\u0103ng th\u1eb3ng<\/p>\n<\/li>\n<li data-start=\"892\" data-end=\"929\">\n<p data-start=\"894\" data-end=\"929\">T\u0103ng c\u01b0\u1eddng tr\u00ed nh\u1edb, gi\u00fap ng\u1ee7 ngon<\/p>\n<\/li>\n<li data-start=\"930\" data-end=\"982\">\n<p data-start=\"932\" data-end=\"982\">T\u0103ng c\u01b0\u1eddng sinh l\u1ef1c, c\u1ea3i thi\u1ec7n ch\u1ee9c n\u0103ng sinh l\u00fd<\/p>\n<\/li>\n<\/ul>\n<hr data-start=\"984\" data-end=\"987\" \/>\n<h2 data-start=\"989\" data-end=\"1015\"><strong data-start=\"992\" data-end=\"1015\">C\u00e2u chuy\u1ec7n s\u1ea3n ph\u1ea9m<\/strong><\/h2>\n<p data-start=\"1017\" data-end=\"1195\">T\u1eeb tr\u00ean nh\u1eefng \u0111\u1ec9nh n\u00fai cao, n\u01a1i m\u00e2y tr\u1eddi h\u00f2a quy\u1ec7n, Vinsam Qu\u1ea3ng Nam v\u1edbi t\u00e2m huy\u1ebft c\u1ee7a m\u00ecnh \u0111\u00e3 l\u1ef1a ch\u1ecdn ra nh\u1eefng c\u1ee7 s\u00e2m tinh t\u00fay nh\u1ea5t \u0111\u1ec3 ch\u1ebf bi\u1ebfn th\u00e0nh R\u01b0\u1ee3u S\u00e2m Ng\u1ecdc Linh Vinsam.<\/p>\n<p data-start=\"1197\" data-end=\"1608\">Kh\u00f4ng ch\u1ec9 l\u00e0 m\u1ed9t th\u1ee9c u\u1ed1ng th\u00f4ng th\u01b0\u1eddng, R\u01b0\u1ee3u S\u00e2m Ng\u1ecdc Linh Vinsam c\u00f2n l\u00e0 m\u1ed9t bi\u1ec3u t\u01b0\u1ee3ng c\u1ee7a s\u1ef1 sang tr\u1ecdng v\u00e0 qu\u00fd ph\u00e1i. M\u1ed7i gi\u1ecdt r\u01b0\u1ee3u l\u00e0 s\u1ef1 k\u1ebft h\u1ee3p ho\u00e0n h\u1ea3o gi\u1eefa h\u01b0\u01a1ng v\u1ecb \u0111\u1eb7c tr\u01b0ng c\u1ee7a S\u00e2m Ng\u1ecdc Linh v\u00e0 s\u1ef1 \u1ea5m n\u1ed3ng c\u1ee7a r\u01b0\u1ee3u l\u00faa r\u1eaby, t\u1ea5t c\u1ea3 khi\u1ebfn cho m\u1ed7i l\u1ea7n th\u01b0\u1edfng th\u1ee9c l\u00e0 m\u1ed9t tr\u1ea3i nghi\u1ec7m \u0111\u00edch th\u1ef1c. H\u01b0\u01a1ng th\u01a1m n\u1ed3ng n\u00e0n, \u0111\u1eadm \u0111\u00e0 lan to\u1ea3n t\u1eebng t\u1ebf b\u00e0o, mang l\u1ea1i c\u1ea3m gi\u00e1c \u00eam d\u1ecbu v\u00e0 h\u01b0\u01a1ng v\u1ecb n\u00edu gi\u1eef m\u00e3i tr\u00ean \u0111\u1ea7u l\u01b0\u1ee1i.<\/p>\n<p data-start=\"1610\" data-end=\"1817\">D\u01b0\u1ee3c ch\u1ea5t qu\u00fd b\u00e1u t\u1eeb c\u1ee7 S\u00e2m Ng\u1ecdc Linh mang \u0111\u1ebfn v\u00f4 v\u00e0n l\u1ee3i \u00edch cho s\u1ee9c kh\u1ecfe nh\u01b0 b\u1ed5 sung n\u0103ng l\u01b0\u1ee3ng, t\u0103ng c\u01b0\u1eddng s\u1ee9c \u0111\u1ec1 kh\u00e1ng, h\u1ed7 tr\u1ee3 s\u1ee9c kh\u1ecfe tim m\u1ea1ch, gi\u1ea3m c\u0103ng th\u1eb3ng, t\u0103ng c\u01b0\u1eddng tr\u00ed nh\u1edb, t\u0103ng c\u01b0\u1eddng sinh l\u1ef1c\u2026<\/p>\n<p data-start=\"1819\" data-end=\"2253\">S\u1ea3n ph\u1ea9m l\u00e0 m\u1ed9t m\u00f3n qu\u00e0 \u00fd ngh\u0129a d\u00e0nh t\u1eb7ng cho ng\u01b0\u1eddi th\u00e2n, b\u1ea1n b\u00e8, th\u1ec3 hi\u1ec7n s\u1ef1 tr\u00e2n tr\u1ecdng v\u00e0 l\u00f2ng quan t\u00e2m \u0111\u1ebfn s\u1ee9c kh\u1ecfe c\u1ee7a ng\u01b0\u1eddi nh\u1eadn. V\u1edbi s\u1ef1 k\u1ebft h\u1ee3p ho\u00e0n h\u1ea3o gi\u1eefa h\u01b0\u01a1ng v\u1ecb tinh t\u1ebf v\u00e0 gi\u00e1 tr\u1ecb v\u0103n h\u00f3a, R\u01b0\u1ee3u S\u00e2m Ng\u1ecdc Linh Vinsam l\u00e0 m\u1ed9t l\u1ef1a ch\u1ecdn kh\u00f4ng th\u1ec3 thi\u1ebfu trong b\u1ed9 s\u01b0u t\u1eadp c\u1ee7a nh\u1eefng ng\u01b0\u1eddi y\u00eau th\u00edch ngh\u1ec7 thu\u1eadt th\u01b0\u1edfng th\u1ee9c r\u01b0\u1ee3u v\u00e0 \u0111\u1eb7c bi\u1ec7t l\u00e0 nh\u1eefng ai quan t\u00e2m \u0111\u1ebfn gi\u00e1 tr\u1ecb v\u0103n h\u00f3a c\u1ee7a t\u1ec9nh Qu\u1ea3ng Nam n\u00f3i ri\u00eang v\u00e0 Vi\u1ec7t Nam n\u00f3i chung.<\/p>\n<p data-start=\"2255\" data-end=\"2462\">R\u01b0\u1ee3u S\u00e2m Ng\u1ecdc Linh Vinsam l\u00e0 ni\u1ec1m t\u1ef1 h\u00e0o c\u1ee7a Vinsam Qu\u1ea3ng Nam, m\u1ed7i ly r\u01b0\u1ee3u l\u00e0 m\u1ed9t l\u1eddi tri \u00e2n s\u00e2u s\u1eafc \u0111\u1ebfn m\u1ea3nh \u0111\u1ea5t Qu\u1ea3ng Nam, l\u00e0 l\u1eddi h\u1ee9a s\u1ebd ti\u1ebfp t\u1ee5c lan t\u1ecfa gi\u00e1 tr\u1ecb c\u1ee7a Qu\u1ed1c B\u1ea3o Vi\u1ec7t Nam \u0111\u1ebfn m\u1ecdi mi\u1ec1n t\u1ed5 qu\u1ed1c.<\/p>\n<hr data-start=\"2464\" data-end=\"2467\" \/>\n<h2 data-start=\"2469\" data-end=\"2503\"><strong data-start=\"2472\" data-end=\"2503\">Th\u00f4ng tin chi ti\u1ebft s\u1ea3n ph\u1ea9m<\/strong><\/h2>\n<ul data-start=\"2505\" data-end=\"2808\">\n<li data-start=\"2505\" data-end=\"2535\">\n<p data-start=\"2507\" data-end=\"2535\"><strong data-start=\"2507\" data-end=\"2522\">\u0110\u1ecbnh l\u01b0\u1ee3ng:<\/strong> 500ml\/chai<\/p>\n<\/li>\n<li data-start=\"2536\" data-end=\"2601\">\n<p data-start=\"2538\" data-end=\"2601\">R\u01b0\u1ee3u c\u00f3 m\u00e0u v\u00e0ng \u0111\u1eadm, m\u00f9i th\u01a1m \u0111\u1eb7c tr\u01b0ng c\u1ee7a c\u1ee7 s\u00e2m Ng\u1ecdc Linh<\/p>\n<\/li>\n<li data-start=\"2602\" data-end=\"2684\">\n<p data-start=\"2604\" data-end=\"2684\">R\u01b0\u1ee3u \u0111\u01b0\u1ee3c ng\u00e2m theo ph\u01b0\u01a1ng ph\u00e1p truy\u1ec1n th\u1ed1ng, v\u1edbi t\u1ec9 l\u1ec7 l\u00e1 s\u00e2m v\u00e0 r\u01b0\u1ee3u ph\u00f9 h\u1ee3p<\/p>\n<\/li>\n<li data-start=\"2685\" data-end=\"2808\">\n<p data-start=\"2687\" data-end=\"2808\">Vinsam Qu\u1ea3ng Nam \u00e1p d\u1ee5ng c\u00f4ng ngh\u1ec7 <strong data-start=\"2722\" data-end=\"2737\">kh\u1eed ANDEHIT<\/strong> \u0111\u1ec3 lo\u1ea1i b\u1ecf \u0111\u1ed9c t\u1ed1 v\u00e0 kim lo\u1ea1i n\u1eb7ng trong r\u01b0\u1ee3u ch\u01b0ng c\u1ea5t truy\u1ec1n th\u1ed1ng<\/p>\n<\/li>\n<\/ul>\n<hr data-start=\"2810\" data-end=\"2813\" \/>\n<h2 data-start=\"2815\" data-end=\"2839\"><strong data-start=\"2818\" data-end=\"2839\">H\u01b0\u1edbng d\u1eabn s\u1eed d\u1ee5ng<\/strong><\/h2>\n<ul data-start=\"2841\" data-end=\"2996\">\n<li data-start=\"2841\" data-end=\"2927\">\n<p data-start=\"2843\" data-end=\"2927\">Kh\u00f4ng d\u00f9ng cho ng\u01b0\u1eddi <strong data-start=\"2864\" data-end=\"2880\">cao huy\u1ebft \u00e1p<\/strong> ho\u1eb7c m\u1eabn c\u1ea3m v\u1edbi c\u00e1c th\u00e0nh ph\u1ea7n c\u1ee7a s\u1ea3n ph\u1ea9m<\/p>\n<\/li>\n<li data-start=\"2928\" data-end=\"2996\">\n<p data-start=\"2930\" data-end=\"2996\">Kh\u00f4ng ph\u00f9 h\u1ee3p v\u1edbi <strong data-start=\"2948\" data-end=\"2968\">ph\u1ee5 n\u1eef mang thai<\/strong> v\u00e0 <strong data-start=\"2972\" data-end=\"2994\">ng\u01b0\u1eddi d\u01b0\u1edbi 18 tu\u1ed5i<\/strong><\/p>\n<\/li>\n<\/ul>\n<hr data-start=\"2998\" data-end=\"3001\" \/>\n<h2 data-start=\"3003\" data-end=\"3018\"><strong data-start=\"3006\" data-end=\"3018\">B\u1ea3o qu\u1ea3n<\/strong><\/h2>\n<ul data-start=\"3020\" data-end=\"3088\">\n<li data-start=\"3020\" data-end=\"3060\">\n<p data-start=\"3022\" data-end=\"3060\">B\u1ea3o qu\u1ea3n n\u01a1i <strong data-start=\"3035\" data-end=\"3046\">kh\u00f4 r\u00e1o<\/strong>, tho\u00e1ng m\u00e1t<\/p>\n<\/li>\n<li data-start=\"3061\" data-end=\"3088\">\n<p data-start=\"3063\" data-end=\"3088\">Tr\u00e1nh \u00e1nh n\u1eafng m\u1eb7t tr\u1eddi<\/p>\n<\/li>\n<\/ul>","protected":false},"excerpt":{"rendered":"<p>R\u01b0\u1ee3u c\u1ee7 Ti\u1ec3u Di\u1ec7p T\u1eedu l\u00e0 s\u1ef1 k\u1ebft h\u1ee3p ho\u00e0n h\u1ea3o gi\u1eefa <strong data-start=\"279\" data-end=\"295\">r\u01b0\u1ee3u l\u00faa r\u1eaby<\/strong> v\u00e0 <strong data-start=\"299\" data-end=\"323\">c\u1ee7 c\u00e2y s\u00e2m Ng\u1ecdc Linh<\/strong>, lo\u1ea1i s\u00e2m qu\u00fd hi\u1ebfm c\u00f3 ngu\u1ed3n g\u1ed1c t\u1eeb n\u00fai Ng\u1ecdc Linh.<br data-start=\"373\" data-end=\"376\" \/>Thi\u1ebft k\u1ebf cao c\u1ea5p v\u1edbi <strong data-start=\"397\" data-end=\"420\">h\u1ed9p \u0111\u1ef1ng sang tr\u1ecdng<\/strong>, ph\u00f9 h\u1ee3p bi\u1ebfu t\u1eb7ng.<br data-start=\"440\" data-end=\"443\" \/><strong data-start=\"443\" data-end=\"493\">Giao h\u00e0ng to\u00e0n qu\u1ed1c \u2013 Cam k\u1ebft ch\u00ednh h\u00e3ng 100%<\/strong><\/p>","protected":false},"featured_media":1526,"comment_status":"open","ping_status":"closed","template":"","meta":[],"product_brand":[],"product_cat":[26],"product_tag":[],"class_list":{"0":"post-1142","1":"product","2":"type-product","3":"status-publish","4":"has-post-thumbnail","6":"product_cat-chua-phan-loai","8":"first","9":"instock","10":"shipping-taxable","11":"purchasable","12":"product-type-simple"},"yoast_head":"<!-- This site is optimized with the Yoast SEO Premium plugin v20.5 (Yoast SEO v27.1.1) - https:\/\/yoast.com\/product\/yoast-seo-premium-wordpress\/ -->\n<title>R\u01b0\u1ee3u C\u1ee7 S\u00e2m Ng\u1ecdc Linh (chai 500ml) -<\/title>\n<meta name=\"robots\" content=\"noindex, follow, max-snippet:-1, max-image-preview:large, max-video-preview:-1\" \/>\n<meta property=\"og:locale\" content=\"vi_VN\" \/>\n<meta property=\"og:type\" content=\"article\" \/>\n<meta property=\"og:title\" content=\"R\u01b0\u1ee3u C\u1ee7 S\u00e2m Ng\u1ecdc Linh (chai 500ml)\" \/>\n<meta property=\"og:description\" content=\"R\u01b0\u1ee3u c\u1ee7 Ti\u1ec3u Di\u1ec7p T\u1eedu l\u00e0 s\u1ef1 k\u1ebft h\u1ee3p ho\u00e0n h\u1ea3o gi\u1eefa r\u01b0\u1ee3u l\u00faa r\u1eaby v\u00e0 c\u1ee7 c\u00e2y s\u00e2m Ng\u1ecdc Linh, lo\u1ea1i s\u00e2m qu\u00fd hi\u1ebfm c\u00f3 ngu\u1ed3n g\u1ed1c t\u1eeb n\u00fai Ng\u1ecdc Linh.Thi\u1ebft k\u1ebf cao c\u1ea5p v\u1edbi h\u1ed9p \u0111\u1ef1ng sang tr\u1ecdng, ph\u00f9 h\u1ee3p bi\u1ebfu t\u1eb7ng.Giao h\u00e0ng to\u00e0n qu\u1ed1c \u2013 Cam k\u1ebft ch\u00ednh h\u00e3ng 100%\" \/>\n<meta property=\"og:url\" content=\"https:\/\/quangminhphat.com.vn\/vi\/cua-hang\/ruou-cu-sam-ngoc-linh-chai-500ml\/\" \/>\n<meta property=\"article:modified_time\" content=\"2026-03-09T04:30:47+00:00\" \/>\n<meta property=\"og:image\" content=\"https:\/\/quangminhphat.com.vn\/wp-content\/uploads\/2025\/11\/541462588_122308589198011456_3267461602491620772_n-1.jpg\" \/>\n\t<meta property=\"og:image:width\" content=\"1080\" \/>\n\t<meta property=\"og:image:height\" content=\"1080\" \/>\n\t<meta property=\"og:image:type\" content=\"image\/jpeg\" \/>\n<meta name=\"twitter:card\" content=\"summary_large_image\" \/>\n<meta name=\"twitter:label1\" content=\"\u01af\u1edbc t\u00ednh th\u1eddi gian \u0111\u1ecdc\" \/>\n\t<meta name=\"twitter:data1\" content=\"5 ph\u00fat\" \/>\n<script type=\"application\/ld+json\" class=\"yoast-schema-graph\">{\"@context\":\"https:\/\/schema.org\",\"@graph\":[{\"@type\":\"WebPage\",\"@id\":\"https:\/\/quangminhphat.com.vn\/cua-hang\/ruou-cu-sam-ngoc-linh-chai-500ml\/\",\"url\":\"https:\/\/quangminhphat.com.vn\/cua-hang\/ruou-cu-sam-ngoc-linh-chai-500ml\/\",\"name\":\"R\u01b0\u1ee3u C\u1ee7 S\u00e2m Ng\u1ecdc Linh (chai 500ml) -\",\"isPartOf\":{\"@id\":\"https:\/\/quangminhphat.com.vn\/#website\"},\"primaryImageOfPage\":{\"@id\":\"https:\/\/quangminhphat.com.vn\/cua-hang\/ruou-cu-sam-ngoc-linh-chai-500ml\/#primaryimage\"},\"image\":{\"@id\":\"https:\/\/quangminhphat.com.vn\/cua-hang\/ruou-cu-sam-ngoc-linh-chai-500ml\/#primaryimage\"},\"thumbnailUrl\":\"https:\/\/quangminhphat.com.vn\/wp-content\/uploads\/2025\/11\/541462588_122308589198011456_3267461602491620772_n-1.jpg\",\"datePublished\":\"2025-11-07T04:16:41+00:00\",\"dateModified\":\"2026-03-09T04:30:47+00:00\",\"breadcrumb\":{\"@id\":\"https:\/\/quangminhphat.com.vn\/cua-hang\/ruou-cu-sam-ngoc-linh-chai-500ml\/#breadcrumb\"},\"inLanguage\":\"vi\",\"potentialAction\":[{\"@type\":\"ReadAction\",\"target\":[\"https:\/\/quangminhphat.com.vn\/cua-hang\/ruou-cu-sam-ngoc-linh-chai-500ml\/\"]}]},{\"@type\":\"ImageObject\",\"inLanguage\":\"vi\",\"@id\":\"https:\/\/quangminhphat.com.vn\/cua-hang\/ruou-cu-sam-ngoc-linh-chai-500ml\/#primaryimage\",\"url\":\"https:\/\/quangminhphat.com.vn\/wp-content\/uploads\/2025\/11\/541462588_122308589198011456_3267461602491620772_n-1.jpg\",\"contentUrl\":\"https:\/\/quangminhphat.com.vn\/wp-content\/uploads\/2025\/11\/541462588_122308589198011456_3267461602491620772_n-1.jpg\",\"width\":1080,\"height\":1080},{\"@type\":\"BreadcrumbList\",\"@id\":\"https:\/\/quangminhphat.com.vn\/cua-hang\/ruou-cu-sam-ngoc-linh-chai-500ml\/#breadcrumb\",\"itemListElement\":[{\"@type\":\"ListItem\",\"position\":1,\"name\":\"Home\",\"item\":\"https:\/\/quangminhphat.com.vn\/\"},{\"@type\":\"ListItem\",\"position\":2,\"name\":\"C\u1eeda h\u00e0ng\",\"item\":\"https:\/\/quangminhphat.com.vn\/cua-hang\/\"},{\"@type\":\"ListItem\",\"position\":3,\"name\":\"R\u01b0\u1ee3u C\u1ee7 S\u00e2m Ng\u1ecdc Linh (chai 500ml)\"}]},{\"@type\":\"WebSite\",\"@id\":\"https:\/\/quangminhphat.com.vn\/#website\",\"url\":\"https:\/\/quangminhphat.com.vn\/\",\"name\":\"\",\"description\":\"C\u00f4ng ty TNHH t\u01b0 v\u1ea5n Quang Minh Ph\u00e1t\",\"potentialAction\":[{\"@type\":\"SearchAction\",\"target\":{\"@type\":\"EntryPoint\",\"urlTemplate\":\"https:\/\/quangminhphat.com.vn\/?s={search_term_string}\"},\"query-input\":{\"@type\":\"PropertyValueSpecification\",\"valueRequired\":true,\"valueName\":\"search_term_string\"}}],\"inLanguage\":\"vi\"}]}<\/script>\n<!-- \/ Yoast SEO Premium plugin. -->","yoast_head_json":{"title":"R\u01b0\u1ee3u C\u1ee7 S\u00e2m Ng\u1ecdc Linh (chai 500ml) -","robots":{"index":"noindex","follow":"follow","max-snippet":"max-snippet:-1","max-image-preview":"max-image-preview:large","max-video-preview":"max-video-preview:-1"},"og_locale":"vi_VN","og_type":"article","og_title":"R\u01b0\u1ee3u C\u1ee7 S\u00e2m Ng\u1ecdc Linh (chai 500ml)","og_description":"R\u01b0\u1ee3u c\u1ee7 Ti\u1ec3u Di\u1ec7p T\u1eedu l\u00e0 s\u1ef1 k\u1ebft h\u1ee3p ho\u00e0n h\u1ea3o gi\u1eefa r\u01b0\u1ee3u l\u00faa r\u1eaby v\u00e0 c\u1ee7 c\u00e2y s\u00e2m Ng\u1ecdc Linh, lo\u1ea1i s\u00e2m qu\u00fd hi\u1ebfm c\u00f3 ngu\u1ed3n g\u1ed1c t\u1eeb n\u00fai Ng\u1ecdc Linh.Thi\u1ebft k\u1ebf cao c\u1ea5p v\u1edbi h\u1ed9p \u0111\u1ef1ng sang tr\u1ecdng, ph\u00f9 h\u1ee3p bi\u1ebfu t\u1eb7ng.Giao h\u00e0ng to\u00e0n qu\u1ed1c \u2013 Cam k\u1ebft ch\u00ednh h\u00e3ng 100%","og_url":"https:\/\/quangminhphat.com.vn\/vi\/cua-hang\/ruou-cu-sam-ngoc-linh-chai-500ml\/","article_modified_time":"2026-03-09T04:30:47+00:00","og_image":[{"width":1080,"height":1080,"url":"https:\/\/quangminhphat.com.vn\/wp-content\/uploads\/2025\/11\/541462588_122308589198011456_3267461602491620772_n-1.jpg","type":"image\/jpeg"}],"twitter_card":"summary_large_image","twitter_misc":{"\u01af\u1edbc t\u00ednh th\u1eddi gian \u0111\u1ecdc":"5 ph\u00fat"},"schema":{"@context":"https:\/\/schema.org","@graph":[{"@type":"WebPage","@id":"https:\/\/quangminhphat.com.vn\/cua-hang\/ruou-cu-sam-ngoc-linh-chai-500ml\/","url":"https:\/\/quangminhphat.com.vn\/cua-hang\/ruou-cu-sam-ngoc-linh-chai-500ml\/","name":"R\u01b0\u1ee3u C\u1ee7 S\u00e2m Ng\u1ecdc Linh (chai 500ml) -","isPartOf":{"@id":"https:\/\/quangminhphat.com.vn\/#website"},"primaryImageOfPage":{"@id":"https:\/\/quangminhphat.com.vn\/cua-hang\/ruou-cu-sam-ngoc-linh-chai-500ml\/#primaryimage"},"image":{"@id":"https:\/\/quangminhphat.com.vn\/cua-hang\/ruou-cu-sam-ngoc-linh-chai-500ml\/#primaryimage"},"thumbnailUrl":"https:\/\/quangminhphat.com.vn\/wp-content\/uploads\/2025\/11\/541462588_122308589198011456_3267461602491620772_n-1.jpg","datePublished":"2025-11-07T04:16:41+00:00","dateModified":"2026-03-09T04:30:47+00:00","breadcrumb":{"@id":"https:\/\/quangminhphat.com.vn\/cua-hang\/ruou-cu-sam-ngoc-linh-chai-500ml\/#breadcrumb"},"inLanguage":"vi","potentialAction":[{"@type":"ReadAction","target":["https:\/\/quangminhphat.com.vn\/cua-hang\/ruou-cu-sam-ngoc-linh-chai-500ml\/"]}]},{"@type":"ImageObject","inLanguage":"vi","@id":"https:\/\/quangminhphat.com.vn\/cua-hang\/ruou-cu-sam-ngoc-linh-chai-500ml\/#primaryimage","url":"https:\/\/quangminhphat.com.vn\/wp-content\/uploads\/2025\/11\/541462588_122308589198011456_3267461602491620772_n-1.jpg","contentUrl":"https:\/\/quangminhphat.com.vn\/wp-content\/uploads\/2025\/11\/541462588_122308589198011456_3267461602491620772_n-1.jpg","width":1080,"height":1080},{"@type":"BreadcrumbList","@id":"https:\/\/quangminhphat.com.vn\/cua-hang\/ruou-cu-sam-ngoc-linh-chai-500ml\/#breadcrumb","itemListElement":[{"@type":"ListItem","position":1,"name":"Home","item":"https:\/\/quangminhphat.com.vn\/"},{"@type":"ListItem","position":2,"name":"C\u1eeda h\u00e0ng","item":"https:\/\/quangminhphat.com.vn\/cua-hang\/"},{"@type":"ListItem","position":3,"name":"R\u01b0\u1ee3u C\u1ee7 S\u00e2m Ng\u1ecdc Linh (chai 500ml)"}]},{"@type":"WebSite","@id":"https:\/\/quangminhphat.com.vn\/#website","url":"https:\/\/quangminhphat.com.vn\/","name":"","description":"C\u00f4ng ty TNHH t\u01b0 v\u1ea5n Quang Minh Ph\u00e1t","potentialAction":[{"@type":"SearchAction","target":{"@type":"EntryPoint","urlTemplate":"https:\/\/quangminhphat.com.vn\/?s={search_term_string}"},"query-input":{"@type":"PropertyValueSpecification","valueRequired":true,"valueName":"search_term_string"}}],"inLanguage":"vi"}]}},"_links":{"self":[{"href":"https:\/\/quangminhphat.com.vn\/vi\/wp-json\/wp\/v2\/product\/1142","targetHints":{"allow":["GET"]}}],"collection":[{"href":"https:\/\/quangminhphat.com.vn\/vi\/wp-json\/wp\/v2\/product"}],"about":[{"href":"https:\/\/quangminhphat.com.vn\/vi\/wp-json\/wp\/v2\/types\/product"}],"replies":[{"embeddable":true,"href":"https:\/\/quangminhphat.com.vn\/vi\/wp-json\/wp\/v2\/comments?post=1142"}],"wp:featuredmedia":[{"embeddable":true,"href":"https:\/\/quangminhphat.com.vn\/vi\/wp-json\/wp\/v2\/media\/1526"}],"wp:attachment":[{"href":"https:\/\/quangminhphat.com.vn\/vi\/wp-json\/wp\/v2\/media?parent=1142"}],"wp:term":[{"taxonomy":"product_brand","embeddable":true,"href":"https:\/\/quangminhphat.com.vn\/vi\/wp-json\/wp\/v2\/product_brand?post=1142"},{"taxonomy":"product_cat","embeddable":true,"href":"https:\/\/quangminhphat.com.vn\/vi\/wp-json\/wp\/v2\/product_cat?post=1142"},{"taxonomy":"product_tag","embeddable":true,"href":"https:\/\/quangminhphat.com.vn\/vi\/wp-json\/wp\/v2\/product_tag?post=1142"}],"curies":[{"name":"wp","href":"https:\/\/api.w.org\/{rel}","templated":true}]}}