










{"id":1150,"date":"2025-11-07T11:16:49","date_gmt":"2025-11-07T04:16:49","guid":{"rendered":"http:\/\/localhost\/quangminhphat.com.vn\/?post_type=product&#038;p=1150"},"modified":"2026-03-09T11:28:08","modified_gmt":"2026-03-09T04:28:08","slug":"ruou-la-sam-ngoc-linh-chai-500ml-mau-moi","status":"publish","type":"product","link":"https:\/\/quangminhphat.com.vn\/vi\/cua-hang\/ruou-la-sam-ngoc-linh-chai-500ml-mau-moi\/","title":{"rendered":"R\u01b0\u1ee3u L\u00e1 S\u00e2m Ng\u1ecdc Linh &#8211; T\u00e2n Di\u1ec7p T\u1eedu (chai 500ml)"},"content":{"rendered":"<h2 data-start=\"150\" data-end=\"193\"><strong data-start=\"153\" data-end=\"193\">R\u01b0\u1ee3u l\u00e1 S\u00e2m Ng\u1ecdc Linh \u201cT\u00e2n Di\u1ec7p T\u1eedu\u201d<\/strong><\/h2>\n<p data-start=\"195\" data-end=\"455\">R\u01b0\u1ee3u l\u00e1 T\u00e2n Di\u1ec7p T\u1eedu l\u00e0 s\u1ef1 k\u1ebft h\u1ee3p ho\u00e0n h\u1ea3o gi\u1eefa r\u01b0\u1ee3u l\u00faa r\u1eaby v\u00e0 l\u00e1 c\u00e2y s\u00e2m Ng\u1ecdc Linh, m\u1ed9t lo\u1ea1i s\u00e2m qu\u00fd hi\u1ebfm c\u00f3 ngu\u1ed3n g\u1ed1c t\u1eeb n\u00fai Ng\u1ecdc Linh.<br data-start=\"334\" data-end=\"337\" \/><strong data-start=\"337\" data-end=\"403\">Thi\u1ebft k\u1ebf sang tr\u1ecdng v\u1edbi chai th\u1ee7y tinh \u0111\u01b0\u1ee3c kh\u1eafc n\u1ed5i u\u1ed1n l\u01b0\u1ee3n.<\/strong><br data-start=\"403\" data-end=\"406\" \/><strong data-start=\"406\" data-end=\"455\">Giao h\u00e0ng to\u00e0n qu\u1ed1c \u2013 Cam k\u1ebft ch\u00ednh h\u00e3ng 100%<\/strong><\/p>\n<hr data-start=\"457\" data-end=\"460\" \/>\n<h3 data-start=\"462\" data-end=\"475\"><strong data-start=\"466\" data-end=\"475\">M\u00f4 t\u1ea3<\/strong><\/h3>\n<p data-start=\"477\" data-end=\"653\"><strong data-start=\"477\" data-end=\"523\">R\u01b0\u1ee3u l\u00e1 S\u00e2m Ng\u1ecdc Linh T\u00c2N DI\u1ec6P T\u1eecU (250ml)<\/strong> l\u00e0 s\u1ef1 k\u1ebft h\u1ee3p ho\u00e0n h\u1ea3o gi\u1eefa r\u01b0\u1ee3u l\u00faa r\u1eaby v\u00e0 l\u00e1 c\u00e2y s\u00e2m Ng\u1ecdc Linh, m\u1ed9t lo\u1ea1i s\u00e2m qu\u00fd hi\u1ebfm c\u00f3 ngu\u1ed3n g\u1ed1c t\u1eeb n\u00fai Ng\u1ecdc Linh, Qu\u1ea3ng Nam.<\/p>\n<p data-start=\"655\" data-end=\"717\">S\u00e2m Ng\u1ecdc Linh c\u00f3 r\u1ea5t nhi\u1ec1u t\u00e1c d\u1ee5ng t\u1ed1t cho s\u1ee9c kh\u1ecfe, bao g\u1ed3m:<\/p>\n<ul data-start=\"719\" data-end=\"959\">\n<li data-start=\"719\" data-end=\"766\">\n<p data-start=\"721\" data-end=\"766\">B\u1ed5 sung n\u0103ng l\u01b0\u1ee3ng, t\u0103ng c\u01b0\u1eddng s\u1ee9c \u0111\u1ec1 kh\u00e1ng<\/p>\n<\/li>\n<li data-start=\"767\" data-end=\"801\">\n<p data-start=\"769\" data-end=\"801\">T\u0103ng c\u01b0\u1eddng ch\u1ee9c n\u0103ng gan, th\u1eadn<\/p>\n<\/li>\n<li data-start=\"802\" data-end=\"840\">\n<p data-start=\"804\" data-end=\"840\">H\u1ed7 tr\u1ee3 s\u1ee9c kh\u1ecfe tim m\u1ea1ch, huy\u1ebft \u00e1p<\/p>\n<\/li>\n<li data-start=\"841\" data-end=\"868\">\n<p data-start=\"843\" data-end=\"868\">Gi\u1ea3m stress, c\u0103ng th\u1eb3ng<\/p>\n<\/li>\n<li data-start=\"869\" data-end=\"906\">\n<p data-start=\"871\" data-end=\"906\">T\u0103ng c\u01b0\u1eddng tr\u00ed nh\u1edb, gi\u00fap ng\u1ee7 ngon<\/p>\n<\/li>\n<li data-start=\"907\" data-end=\"959\">\n<p data-start=\"909\" data-end=\"959\">T\u0103ng c\u01b0\u1eddng sinh l\u1ef1c, c\u1ea3i thi\u1ec7n ch\u1ee9c n\u0103ng sinh l\u00fd<\/p>\n<\/li>\n<\/ul>\n<hr data-start=\"961\" data-end=\"964\" \/>\n<h3 data-start=\"966\" data-end=\"1001\"><strong data-start=\"970\" data-end=\"1001\">Th\u00f4ng tin chi ti\u1ebft s\u1ea3n ph\u1ea9m<\/strong><\/h3>\n<ul data-start=\"1003\" data-end=\"1326\">\n<li data-start=\"1003\" data-end=\"1033\">\n<p data-start=\"1005\" data-end=\"1033\"><strong data-start=\"1005\" data-end=\"1020\">\u0110\u1ecbnh l\u01b0\u1ee3ng:<\/strong> 500ml\/chai<\/p>\n<\/li>\n<li data-start=\"1034\" data-end=\"1099\">\n<p data-start=\"1036\" data-end=\"1099\">R\u01b0\u1ee3u c\u00f3 m\u00e0u v\u00e0ng \u0111\u1eadm, m\u00f9i th\u01a1m \u0111\u1eb7c tr\u01b0ng c\u1ee7a l\u00e1 s\u00e2m Ng\u1ecdc Linh<\/p>\n<\/li>\n<li data-start=\"1100\" data-end=\"1182\">\n<p data-start=\"1102\" data-end=\"1182\">R\u01b0\u1ee3u \u0111\u01b0\u1ee3c ng\u00e2m theo ph\u01b0\u01a1ng ph\u00e1p truy\u1ec1n th\u1ed1ng, v\u1edbi t\u1ec9 l\u1ec7 l\u00e1 s\u00e2m v\u00e0 r\u01b0\u1ee3u ph\u00f9 h\u1ee3p<\/p>\n<\/li>\n<li data-start=\"1183\" data-end=\"1326\">\n<p data-start=\"1185\" data-end=\"1326\">Vinsam Qu\u1ea3ng Nam \u00e1p d\u1ee5ng c\u00f4ng ngh\u1ec7 kh\u1eed \u201cANDEHIT\u201d \u0111\u1ec3 kh\u1eed c\u00e1c \u0111\u1ed9c t\u1ed1 v\u00e0 kim lo\u1ea1i n\u1eb7ng trong r\u01b0\u1ee3u \u0111\u01b0\u1ee3c ch\u01b0ng c\u1ea5t theo ph\u01b0\u01a1ng ph\u00e1p truy\u1ec1n th\u1ed1ng<\/p>\n<\/li>\n<\/ul>\n<hr data-start=\"1328\" data-end=\"1331\" \/>\n<h3 data-start=\"1333\" data-end=\"1358\"><strong data-start=\"1337\" data-end=\"1358\">H\u01b0\u1edbng d\u1eabn s\u1eed d\u1ee5ng<\/strong><\/h3>\n<ul data-start=\"1360\" data-end=\"1523\">\n<li data-start=\"1360\" data-end=\"1453\">\n<p data-start=\"1362\" data-end=\"1453\">Kh\u00f4ng d\u00f9ng cho ng\u01b0\u1eddi cao huy\u1ebft \u00e1p ho\u1eb7c m\u1eabn c\u1ea3m v\u1edbi b\u1ea5t c\u1ee9 c\u00e1c th\u00e0nh ph\u1ea7n n\u00e0o c\u1ee7a s\u1ea3n ph\u1ea9m<\/p>\n<\/li>\n<li data-start=\"1454\" data-end=\"1523\">\n<p data-start=\"1456\" data-end=\"1523\">S\u1ea3n ph\u1ea9m kh\u00f4ng ph\u00f9 h\u1ee3p v\u1edbi ph\u1ee5 n\u1eef mang thai v\u00e0 ng\u01b0\u1eddi d\u01b0\u1edbi 18 tu\u1ed5i<\/p>\n<\/li>\n<\/ul>\n<h3 data-start=\"1525\" data-end=\"1551\"><strong data-start=\"1529\" data-end=\"1551\">H\u01b0\u1edbng d\u1eabn b\u1ea3o qu\u1ea3n<\/strong><\/h3>\n<p data-start=\"1553\" data-end=\"1611\">B\u1ea3o qu\u1ea3n n\u01a1i kh\u00f4 r\u00e1o, tho\u00e1ng m\u00e1t, tr\u00e1nh \u00e1nh n\u1eafng m\u1eb7t tr\u1eddi.<\/p>","protected":false},"excerpt":{"rendered":"<p>R\u01b0\u1ee3u l\u00e1 T\u00e2n Di\u1ec7p T\u1eedu l\u00e0 s\u1ef1 k\u1ebft h\u1ee3p ho\u00e0n h\u1ea3o gi\u1eefa r\u01b0\u1ee3u l\u00faa r\u1eaby v\u00e0 l\u00e1 c\u00e2y s\u00e2m Ng\u1ecdc Linh, m\u1ed9t lo\u1ea1i s\u00e2m qu\u00fd hi\u1ebfm c\u00f3 ngu\u1ed3n g\u1ed1c t\u1eeb n\u00fai Ng\u1ecdc Linh.<br data-start=\"334\" data-end=\"337\" \/><strong data-start=\"337\" data-end=\"403\">Thi\u1ebft k\u1ebf sang tr\u1ecdng v\u1edbi chai th\u1ee7y tinh \u0111\u01b0\u1ee3c kh\u1eafc n\u1ed5i u\u1ed1n l\u01b0\u1ee3n.<\/strong><br data-start=\"403\" data-end=\"406\" \/><strong data-start=\"406\" data-end=\"455\">Giao h\u00e0ng to\u00e0n qu\u1ed1c \u2013 Cam k\u1ebft ch\u00ednh h\u00e3ng 100%<\/strong><\/p>","protected":false},"featured_media":1524,"comment_status":"open","ping_status":"closed","template":"","meta":[],"product_brand":[],"product_cat":[26],"product_tag":[],"class_list":{"0":"post-1150","1":"product","2":"type-product","3":"status-publish","4":"has-post-thumbnail","6":"product_cat-chua-phan-loai","8":"first","9":"instock","10":"shipping-taxable","11":"purchasable","12":"product-type-simple"},"yoast_head":"<!-- This site is optimized with the Yoast SEO Premium plugin v20.5 (Yoast SEO v27.1.1) - https:\/\/yoast.com\/product\/yoast-seo-premium-wordpress\/ -->\n<title>R\u01b0\u1ee3u L\u00e1 S\u00e2m Ng\u1ecdc Linh - T\u00e2n Di\u1ec7p T\u1eedu (chai 500ml) -<\/title>\n<meta name=\"robots\" content=\"noindex, follow, max-snippet:-1, max-image-preview:large, max-video-preview:-1\" \/>\n<meta property=\"og:locale\" content=\"vi_VN\" \/>\n<meta property=\"og:type\" content=\"article\" \/>\n<meta property=\"og:title\" content=\"R\u01b0\u1ee3u L\u00e1 S\u00e2m Ng\u1ecdc Linh - T\u00e2n Di\u1ec7p T\u1eedu (chai 500ml)\" \/>\n<meta property=\"og:description\" content=\"R\u01b0\u1ee3u l\u00e1 T\u00e2n Di\u1ec7p T\u1eedu l\u00e0 s\u1ef1 k\u1ebft h\u1ee3p ho\u00e0n h\u1ea3o gi\u1eefa r\u01b0\u1ee3u l\u00faa r\u1eaby v\u00e0 l\u00e1 c\u00e2y s\u00e2m Ng\u1ecdc Linh, m\u1ed9t lo\u1ea1i s\u00e2m qu\u00fd hi\u1ebfm c\u00f3 ngu\u1ed3n g\u1ed1c t\u1eeb n\u00fai Ng\u1ecdc Linh.Thi\u1ebft k\u1ebf sang tr\u1ecdng v\u1edbi chai th\u1ee7y tinh \u0111\u01b0\u1ee3c kh\u1eafc n\u1ed5i u\u1ed1n l\u01b0\u1ee3n.Giao h\u00e0ng to\u00e0n qu\u1ed1c \u2013 Cam k\u1ebft ch\u00ednh h\u00e3ng 100%\" \/>\n<meta property=\"og:url\" content=\"https:\/\/quangminhphat.com.vn\/vi\/cua-hang\/ruou-la-sam-ngoc-linh-chai-500ml-mau-moi\/\" \/>\n<meta property=\"article:modified_time\" content=\"2026-03-09T04:28:08+00:00\" \/>\n<meta property=\"og:image\" content=\"https:\/\/quangminhphat.com.vn\/wp-content\/uploads\/2025\/11\/500ml-395k.jpg\" \/>\n\t<meta property=\"og:image:width\" content=\"720\" \/>\n\t<meta property=\"og:image:height\" content=\"1080\" \/>\n\t<meta property=\"og:image:type\" content=\"image\/jpeg\" \/>\n<meta name=\"twitter:card\" content=\"summary_large_image\" \/>\n<meta name=\"twitter:label1\" content=\"\u01af\u1edbc t\u00ednh th\u1eddi gian \u0111\u1ecdc\" \/>\n\t<meta name=\"twitter:data1\" content=\"2 ph\u00fat\" \/>\n<script type=\"application\/ld+json\" class=\"yoast-schema-graph\">{\"@context\":\"https:\/\/schema.org\",\"@graph\":[{\"@type\":\"WebPage\",\"@id\":\"https:\/\/quangminhphat.com.vn\/cua-hang\/ruou-la-sam-ngoc-linh-chai-500ml-mau-moi\/\",\"url\":\"https:\/\/quangminhphat.com.vn\/cua-hang\/ruou-la-sam-ngoc-linh-chai-500ml-mau-moi\/\",\"name\":\"R\u01b0\u1ee3u L\u00e1 S\u00e2m Ng\u1ecdc Linh - T\u00e2n Di\u1ec7p T\u1eedu (chai 500ml) -\",\"isPartOf\":{\"@id\":\"https:\/\/quangminhphat.com.vn\/#website\"},\"primaryImageOfPage\":{\"@id\":\"https:\/\/quangminhphat.com.vn\/cua-hang\/ruou-la-sam-ngoc-linh-chai-500ml-mau-moi\/#primaryimage\"},\"image\":{\"@id\":\"https:\/\/quangminhphat.com.vn\/cua-hang\/ruou-la-sam-ngoc-linh-chai-500ml-mau-moi\/#primaryimage\"},\"thumbnailUrl\":\"https:\/\/quangminhphat.com.vn\/wp-content\/uploads\/2025\/11\/500ml-395k.jpg\",\"datePublished\":\"2025-11-07T04:16:49+00:00\",\"dateModified\":\"2026-03-09T04:28:08+00:00\",\"breadcrumb\":{\"@id\":\"https:\/\/quangminhphat.com.vn\/cua-hang\/ruou-la-sam-ngoc-linh-chai-500ml-mau-moi\/#breadcrumb\"},\"inLanguage\":\"vi\",\"potentialAction\":[{\"@type\":\"ReadAction\",\"target\":[\"https:\/\/quangminhphat.com.vn\/cua-hang\/ruou-la-sam-ngoc-linh-chai-500ml-mau-moi\/\"]}]},{\"@type\":\"ImageObject\",\"inLanguage\":\"vi\",\"@id\":\"https:\/\/quangminhphat.com.vn\/cua-hang\/ruou-la-sam-ngoc-linh-chai-500ml-mau-moi\/#primaryimage\",\"url\":\"https:\/\/quangminhphat.com.vn\/wp-content\/uploads\/2025\/11\/500ml-395k.jpg\",\"contentUrl\":\"https:\/\/quangminhphat.com.vn\/wp-content\/uploads\/2025\/11\/500ml-395k.jpg\",\"width\":720,\"height\":1080},{\"@type\":\"BreadcrumbList\",\"@id\":\"https:\/\/quangminhphat.com.vn\/cua-hang\/ruou-la-sam-ngoc-linh-chai-500ml-mau-moi\/#breadcrumb\",\"itemListElement\":[{\"@type\":\"ListItem\",\"position\":1,\"name\":\"Home\",\"item\":\"https:\/\/quangminhphat.com.vn\/\"},{\"@type\":\"ListItem\",\"position\":2,\"name\":\"C\u1eeda h\u00e0ng\",\"item\":\"https:\/\/quangminhphat.com.vn\/cua-hang\/\"},{\"@type\":\"ListItem\",\"position\":3,\"name\":\"R\u01b0\u1ee3u L\u00e1 S\u00e2m Ng\u1ecdc Linh &#8211; T\u00e2n Di\u1ec7p T\u1eedu (chai 500ml)\"}]},{\"@type\":\"WebSite\",\"@id\":\"https:\/\/quangminhphat.com.vn\/#website\",\"url\":\"https:\/\/quangminhphat.com.vn\/\",\"name\":\"\",\"description\":\"C\u00f4ng ty TNHH t\u01b0 v\u1ea5n Quang Minh Ph\u00e1t\",\"potentialAction\":[{\"@type\":\"SearchAction\",\"target\":{\"@type\":\"EntryPoint\",\"urlTemplate\":\"https:\/\/quangminhphat.com.vn\/?s={search_term_string}\"},\"query-input\":{\"@type\":\"PropertyValueSpecification\",\"valueRequired\":true,\"valueName\":\"search_term_string\"}}],\"inLanguage\":\"vi\"}]}<\/script>\n<!-- \/ Yoast SEO Premium plugin. -->","yoast_head_json":{"title":"R\u01b0\u1ee3u L\u00e1 S\u00e2m Ng\u1ecdc Linh - T\u00e2n Di\u1ec7p T\u1eedu (chai 500ml) -","robots":{"index":"noindex","follow":"follow","max-snippet":"max-snippet:-1","max-image-preview":"max-image-preview:large","max-video-preview":"max-video-preview:-1"},"og_locale":"vi_VN","og_type":"article","og_title":"R\u01b0\u1ee3u L\u00e1 S\u00e2m Ng\u1ecdc Linh - T\u00e2n Di\u1ec7p T\u1eedu (chai 500ml)","og_description":"R\u01b0\u1ee3u l\u00e1 T\u00e2n Di\u1ec7p T\u1eedu l\u00e0 s\u1ef1 k\u1ebft h\u1ee3p ho\u00e0n h\u1ea3o gi\u1eefa r\u01b0\u1ee3u l\u00faa r\u1eaby v\u00e0 l\u00e1 c\u00e2y s\u00e2m Ng\u1ecdc Linh, m\u1ed9t lo\u1ea1i s\u00e2m qu\u00fd hi\u1ebfm c\u00f3 ngu\u1ed3n g\u1ed1c t\u1eeb n\u00fai Ng\u1ecdc Linh.Thi\u1ebft k\u1ebf sang tr\u1ecdng v\u1edbi chai th\u1ee7y tinh \u0111\u01b0\u1ee3c kh\u1eafc n\u1ed5i u\u1ed1n l\u01b0\u1ee3n.Giao h\u00e0ng to\u00e0n qu\u1ed1c \u2013 Cam k\u1ebft ch\u00ednh h\u00e3ng 100%","og_url":"https:\/\/quangminhphat.com.vn\/vi\/cua-hang\/ruou-la-sam-ngoc-linh-chai-500ml-mau-moi\/","article_modified_time":"2026-03-09T04:28:08+00:00","og_image":[{"width":720,"height":1080,"url":"https:\/\/quangminhphat.com.vn\/wp-content\/uploads\/2025\/11\/500ml-395k.jpg","type":"image\/jpeg"}],"twitter_card":"summary_large_image","twitter_misc":{"\u01af\u1edbc t\u00ednh th\u1eddi gian \u0111\u1ecdc":"2 ph\u00fat"},"schema":{"@context":"https:\/\/schema.org","@graph":[{"@type":"WebPage","@id":"https:\/\/quangminhphat.com.vn\/cua-hang\/ruou-la-sam-ngoc-linh-chai-500ml-mau-moi\/","url":"https:\/\/quangminhphat.com.vn\/cua-hang\/ruou-la-sam-ngoc-linh-chai-500ml-mau-moi\/","name":"R\u01b0\u1ee3u L\u00e1 S\u00e2m Ng\u1ecdc Linh - T\u00e2n Di\u1ec7p T\u1eedu (chai 500ml) -","isPartOf":{"@id":"https:\/\/quangminhphat.com.vn\/#website"},"primaryImageOfPage":{"@id":"https:\/\/quangminhphat.com.vn\/cua-hang\/ruou-la-sam-ngoc-linh-chai-500ml-mau-moi\/#primaryimage"},"image":{"@id":"https:\/\/quangminhphat.com.vn\/cua-hang\/ruou-la-sam-ngoc-linh-chai-500ml-mau-moi\/#primaryimage"},"thumbnailUrl":"https:\/\/quangminhphat.com.vn\/wp-content\/uploads\/2025\/11\/500ml-395k.jpg","datePublished":"2025-11-07T04:16:49+00:00","dateModified":"2026-03-09T04:28:08+00:00","breadcrumb":{"@id":"https:\/\/quangminhphat.com.vn\/cua-hang\/ruou-la-sam-ngoc-linh-chai-500ml-mau-moi\/#breadcrumb"},"inLanguage":"vi","potentialAction":[{"@type":"ReadAction","target":["https:\/\/quangminhphat.com.vn\/cua-hang\/ruou-la-sam-ngoc-linh-chai-500ml-mau-moi\/"]}]},{"@type":"ImageObject","inLanguage":"vi","@id":"https:\/\/quangminhphat.com.vn\/cua-hang\/ruou-la-sam-ngoc-linh-chai-500ml-mau-moi\/#primaryimage","url":"https:\/\/quangminhphat.com.vn\/wp-content\/uploads\/2025\/11\/500ml-395k.jpg","contentUrl":"https:\/\/quangminhphat.com.vn\/wp-content\/uploads\/2025\/11\/500ml-395k.jpg","width":720,"height":1080},{"@type":"BreadcrumbList","@id":"https:\/\/quangminhphat.com.vn\/cua-hang\/ruou-la-sam-ngoc-linh-chai-500ml-mau-moi\/#breadcrumb","itemListElement":[{"@type":"ListItem","position":1,"name":"Home","item":"https:\/\/quangminhphat.com.vn\/"},{"@type":"ListItem","position":2,"name":"C\u1eeda h\u00e0ng","item":"https:\/\/quangminhphat.com.vn\/cua-hang\/"},{"@type":"ListItem","position":3,"name":"R\u01b0\u1ee3u L\u00e1 S\u00e2m Ng\u1ecdc Linh &#8211; T\u00e2n Di\u1ec7p T\u1eedu (chai 500ml)"}]},{"@type":"WebSite","@id":"https:\/\/quangminhphat.com.vn\/#website","url":"https:\/\/quangminhphat.com.vn\/","name":"","description":"C\u00f4ng ty TNHH t\u01b0 v\u1ea5n Quang Minh Ph\u00e1t","potentialAction":[{"@type":"SearchAction","target":{"@type":"EntryPoint","urlTemplate":"https:\/\/quangminhphat.com.vn\/?s={search_term_string}"},"query-input":{"@type":"PropertyValueSpecification","valueRequired":true,"valueName":"search_term_string"}}],"inLanguage":"vi"}]}},"_links":{"self":[{"href":"https:\/\/quangminhphat.com.vn\/vi\/wp-json\/wp\/v2\/product\/1150","targetHints":{"allow":["GET"]}}],"collection":[{"href":"https:\/\/quangminhphat.com.vn\/vi\/wp-json\/wp\/v2\/product"}],"about":[{"href":"https:\/\/quangminhphat.com.vn\/vi\/wp-json\/wp\/v2\/types\/product"}],"replies":[{"embeddable":true,"href":"https:\/\/quangminhphat.com.vn\/vi\/wp-json\/wp\/v2\/comments?post=1150"}],"wp:featuredmedia":[{"embeddable":true,"href":"https:\/\/quangminhphat.com.vn\/vi\/wp-json\/wp\/v2\/media\/1524"}],"wp:attachment":[{"href":"https:\/\/quangminhphat.com.vn\/vi\/wp-json\/wp\/v2\/media?parent=1150"}],"wp:term":[{"taxonomy":"product_brand","embeddable":true,"href":"https:\/\/quangminhphat.com.vn\/vi\/wp-json\/wp\/v2\/product_brand?post=1150"},{"taxonomy":"product_cat","embeddable":true,"href":"https:\/\/quangminhphat.com.vn\/vi\/wp-json\/wp\/v2\/product_cat?post=1150"},{"taxonomy":"product_tag","embeddable":true,"href":"https:\/\/quangminhphat.com.vn\/vi\/wp-json\/wp\/v2\/product_tag?post=1150"}],"curies":[{"name":"wp","href":"https:\/\/api.w.org\/{rel}","templated":true}]}}