










{"id":1157,"date":"2025-11-07T11:21:16","date_gmt":"2025-11-07T04:21:16","guid":{"rendered":"http:\/\/localhost\/quangminhphat.com.vn\/?post_type=product&#038;p=1157"},"modified":"2026-03-09T11:26:42","modified_gmt":"2026-03-09T04:26:42","slug":"ruou-la-sam-ngoc-linh-chai-250ml","status":"publish","type":"product","link":"https:\/\/quangminhphat.com.vn\/vi\/cua-hang\/ruou-la-sam-ngoc-linh-chai-250ml\/","title":{"rendered":"R\u01b0\u1ee3u L\u00e1 S\u00e2m Ng\u1ecdc Linh &#8211; Ti\u1ec3u Di\u1ec7p T\u1eedu (chai 250ml)"},"content":{"rendered":"<h2 data-start=\"82\" data-end=\"136\"><strong data-start=\"85\" data-end=\"136\">R\u01b0\u1ee3u L\u00e1 S\u00e2m Ng\u1ecdc Linh \u2013 \u201cTi\u1ec3u Di\u1ec7p T\u1eedu\u201d (250ml)<\/strong><\/h2>\n<p data-start=\"138\" data-end=\"427\">R\u01b0\u1ee3u l\u00e1 Ti\u1ec3u Di\u1ec7p T\u1eedu l\u00e0 s\u1ef1 k\u1ebft h\u1ee3p tinh t\u1ebf gi\u1eefa <strong data-start=\"187\" data-end=\"203\">r\u01b0\u1ee3u l\u00faa r\u1eaby<\/strong> v\u00e0 <strong data-start=\"207\" data-end=\"227\">l\u00e1 s\u00e2m Ng\u1ecdc Linh<\/strong> \u2013 d\u01b0\u1ee3c li\u1ec7u qu\u00fd hi\u1ebfm t\u1eeb n\u00fai Ng\u1ecdc Linh, Qu\u1ea3ng Nam. S\u1ea3n ph\u1ea9m s\u1edf h\u1eefu thi\u1ebft k\u1ebf <strong data-start=\"303\" data-end=\"331\">chai th\u1ee7y tinh d\u00e1ng tr\u00f2n<\/strong>, n\u00fat b\u1ea7n sang tr\u1ecdng \u2013 th\u00edch h\u1ee3p bi\u1ebfu t\u1eb7ng.<br data-start=\"374\" data-end=\"377\" \/><strong data-start=\"377\" data-end=\"427\">Giao h\u00e0ng to\u00e0n qu\u1ed1c \u2013 Cam k\u1ebft ch\u00ednh h\u00e3ng 100%.<\/strong><\/p>\n<hr data-start=\"429\" data-end=\"432\" \/>\n<h3 data-start=\"434\" data-end=\"451\"><strong data-start=\"438\" data-end=\"451\">C\u00f4ng d\u1ee5ng<\/strong><\/h3>\n<ul data-start=\"453\" data-end=\"705\">\n<li data-start=\"453\" data-end=\"504\">\n<p data-start=\"455\" data-end=\"504\">B\u1ed5 sung n\u0103ng l\u01b0\u1ee3ng, <strong data-start=\"475\" data-end=\"502\">t\u0103ng c\u01b0\u1eddng s\u1ee9c \u0111\u1ec1 kh\u00e1ng<\/strong><\/p>\n<\/li>\n<li data-start=\"505\" data-end=\"539\">\n<p data-start=\"507\" data-end=\"539\">H\u1ed7 tr\u1ee3 <strong data-start=\"514\" data-end=\"537\">ch\u1ee9c n\u0103ng gan, th\u1eadn<\/strong><\/p>\n<\/li>\n<li data-start=\"540\" data-end=\"576\">\n<p data-start=\"542\" data-end=\"576\">T\u1ed1t cho <strong data-start=\"550\" data-end=\"574\">tim m\u1ea1ch v\u00e0 huy\u1ebft \u00e1p<\/strong><\/p>\n<\/li>\n<li data-start=\"577\" data-end=\"625\">\n<p data-start=\"579\" data-end=\"625\">Gi\u1ea3m <strong data-start=\"584\" data-end=\"594\">stress<\/strong>, c\u0103ng th\u1eb3ng, h\u1ed7 tr\u1ee3 gi\u1ea5c ng\u1ee7<\/p>\n<\/li>\n<li data-start=\"626\" data-end=\"652\">\n<p data-start=\"628\" data-end=\"652\">T\u0103ng c\u01b0\u1eddng <strong data-start=\"639\" data-end=\"650\">tr\u00ed nh\u1edb<\/strong><\/p>\n<\/li>\n<li data-start=\"653\" data-end=\"705\">\n<p data-start=\"655\" data-end=\"705\">H\u1ed7 tr\u1ee3 <strong data-start=\"662\" data-end=\"674\">sinh l\u1ef1c<\/strong>, c\u1ea3i thi\u1ec7n ch\u1ee9c n\u0103ng sinh l\u00fd<\/p>\n<\/li>\n<\/ul>\n<hr data-start=\"707\" data-end=\"710\" \/>\n<h3 data-start=\"712\" data-end=\"747\"><strong data-start=\"716\" data-end=\"747\">Th\u00f4ng tin chi ti\u1ebft s\u1ea3n ph\u1ea9m<\/strong><\/h3>\n<ul data-start=\"749\" data-end=\"1028\">\n<li data-start=\"749\" data-end=\"778\">\n<p data-start=\"751\" data-end=\"778\"><strong data-start=\"751\" data-end=\"765\">Dung t\u00edch:<\/strong> 250ml\/chai<\/p>\n<\/li>\n<li data-start=\"779\" data-end=\"843\">\n<p data-start=\"781\" data-end=\"843\"><strong data-start=\"781\" data-end=\"793\">M\u00e0u s\u1eafc:<\/strong> V\u00e0ng \u0111\u1eadm, m\u00f9i th\u01a1m t\u1ef1 nhi\u00ean t\u1eeb l\u00e1 s\u00e2m Ng\u1ecdc Linh<\/p>\n<\/li>\n<li data-start=\"844\" data-end=\"919\">\n<p data-start=\"846\" data-end=\"919\">Ng\u00e2m theo <strong data-start=\"856\" data-end=\"884\">ph\u01b0\u01a1ng ph\u00e1p truy\u1ec1n th\u1ed1ng<\/strong>, t\u1ec9 l\u1ec7 chu\u1ea9n gi\u1eefa l\u00e1 s\u00e2m v\u00e0 r\u01b0\u1ee3u<\/p>\n<\/li>\n<li data-start=\"920\" data-end=\"1028\">\n<p data-start=\"922\" data-end=\"1028\">\u1ee8ng d\u1ee5ng <strong data-start=\"931\" data-end=\"956\">c\u00f4ng ngh\u1ec7 kh\u1eed ANDEHIT<\/strong> nh\u1eb1m lo\u1ea1i b\u1ecf \u0111\u1ed9c t\u1ed1 &amp; kim lo\u1ea1i n\u1eb7ng trong r\u01b0\u1ee3u ch\u01b0ng c\u1ea5t truy\u1ec1n th\u1ed1ng<\/p>\n<\/li>\n<\/ul>\n<hr data-start=\"1030\" data-end=\"1033\" \/>\n<h3 data-start=\"1035\" data-end=\"1060\"><strong data-start=\"1039\" data-end=\"1060\">H\u01b0\u1edbng d\u1eabn s\u1eed d\u1ee5ng<\/strong><\/h3>\n<ul data-start=\"1062\" data-end=\"1215\">\n<li data-start=\"1062\" data-end=\"1146\">\n<p data-start=\"1064\" data-end=\"1146\">Kh\u00f4ng d\u00f9ng cho ng\u01b0\u1eddi <strong data-start=\"1085\" data-end=\"1101\">cao huy\u1ebft \u00e1p<\/strong> ho\u1eb7c ng\u01b0\u1eddi m\u1eabn c\u1ea3m v\u1edbi th\u00e0nh ph\u1ea7n s\u1ea3n ph\u1ea9m<\/p>\n<\/li>\n<li data-start=\"1147\" data-end=\"1215\">\n<p data-start=\"1149\" data-end=\"1215\">Kh\u00f4ng ph\u00f9 h\u1ee3p v\u1edbi <strong data-start=\"1167\" data-end=\"1187\">ph\u1ee5 n\u1eef mang thai<\/strong> v\u00e0 <strong data-start=\"1191\" data-end=\"1213\">ng\u01b0\u1eddi d\u01b0\u1edbi 18 tu\u1ed5i<\/strong><\/p>\n<\/li>\n<\/ul>\n<hr data-start=\"1217\" data-end=\"1220\" \/>\n<h3 data-start=\"1222\" data-end=\"1238\"><strong data-start=\"1226\" data-end=\"1238\">B\u1ea3o qu\u1ea3n<\/strong><\/h3>\n<ul data-start=\"1240\" data-end=\"1303\">\n<li data-start=\"1240\" data-end=\"1274\">\n<p data-start=\"1242\" data-end=\"1274\">\u0110\u1ec3 n\u01a1i <strong data-start=\"1249\" data-end=\"1260\">kh\u00f4 r\u00e1o<\/strong>, tho\u00e1ng m\u00e1t<\/p>\n<\/li>\n<li data-start=\"1275\" data-end=\"1303\">\n<p data-start=\"1277\" data-end=\"1303\">Tr\u00e1nh \u00e1nh n\u1eafng tr\u1ef1c ti\u1ebfp<\/p>\n<\/li>\n<\/ul>","protected":false},"excerpt":{"rendered":"<p>R\u01b0\u1ee3u l\u00e1 Ti\u1ec3u Di\u1ec7p T\u1eedu l\u00e0 s\u1ef1 k\u1ebft h\u1ee3p tinh t\u1ebf gi\u1eefa <strong data-start=\"187\" data-end=\"203\">r\u01b0\u1ee3u l\u00faa r\u1eaby<\/strong> v\u00e0 <strong data-start=\"207\" data-end=\"227\">l\u00e1 s\u00e2m Ng\u1ecdc Linh<\/strong> \u2013 d\u01b0\u1ee3c li\u1ec7u qu\u00fd hi\u1ebfm t\u1eeb n\u00fai Ng\u1ecdc Linh, Qu\u1ea3ng Nam. S\u1ea3n ph\u1ea9m s\u1edf h\u1eefu thi\u1ebft k\u1ebf <strong data-start=\"303\" data-end=\"331\">chai th\u1ee7y tinh d\u00e1ng tr\u00f2n<\/strong>, n\u00fat b\u1ea7n sang tr\u1ecdng \u2013 th\u00edch h\u1ee3p bi\u1ebfu t\u1eb7ng.<br data-start=\"374\" data-end=\"377\" \/><strong data-start=\"377\" data-end=\"427\">Giao h\u00e0ng to\u00e0n qu\u1ed1c \u2013 Cam k\u1ebft ch\u00ednh h\u00e3ng 100%<\/strong><\/p>","protected":false},"featured_media":1521,"comment_status":"open","ping_status":"closed","template":"","meta":[],"product_brand":[],"product_cat":[26],"product_tag":[],"class_list":{"0":"post-1157","1":"product","2":"type-product","3":"status-publish","4":"has-post-thumbnail","6":"product_cat-chua-phan-loai","8":"first","9":"instock","10":"shipping-taxable","11":"purchasable","12":"product-type-simple"},"yoast_head":"<!-- This site is optimized with the Yoast SEO Premium plugin v20.5 (Yoast SEO v27.1.1) - https:\/\/yoast.com\/product\/yoast-seo-premium-wordpress\/ -->\n<title>R\u01b0\u1ee3u L\u00e1 S\u00e2m Ng\u1ecdc Linh - Ti\u1ec3u Di\u1ec7p T\u1eedu (chai 250ml) -<\/title>\n<meta name=\"robots\" content=\"noindex, follow, max-snippet:-1, max-image-preview:large, max-video-preview:-1\" \/>\n<meta property=\"og:locale\" content=\"vi_VN\" \/>\n<meta property=\"og:type\" content=\"article\" \/>\n<meta property=\"og:title\" content=\"R\u01b0\u1ee3u L\u00e1 S\u00e2m Ng\u1ecdc Linh - Ti\u1ec3u Di\u1ec7p T\u1eedu (chai 250ml)\" \/>\n<meta property=\"og:description\" content=\"R\u01b0\u1ee3u l\u00e1 Ti\u1ec3u Di\u1ec7p T\u1eedu l\u00e0 s\u1ef1 k\u1ebft h\u1ee3p tinh t\u1ebf gi\u1eefa r\u01b0\u1ee3u l\u00faa r\u1eaby v\u00e0 l\u00e1 s\u00e2m Ng\u1ecdc Linh \u2013 d\u01b0\u1ee3c li\u1ec7u qu\u00fd hi\u1ebfm t\u1eeb n\u00fai Ng\u1ecdc Linh, Qu\u1ea3ng Nam. S\u1ea3n ph\u1ea9m s\u1edf h\u1eefu thi\u1ebft k\u1ebf chai th\u1ee7y tinh d\u00e1ng tr\u00f2n, n\u00fat b\u1ea7n sang tr\u1ecdng \u2013 th\u00edch h\u1ee3p bi\u1ebfu t\u1eb7ng.Giao h\u00e0ng to\u00e0n qu\u1ed1c \u2013 Cam k\u1ebft ch\u00ednh h\u00e3ng 100%\" \/>\n<meta property=\"og:url\" content=\"https:\/\/quangminhphat.com.vn\/vi\/cua-hang\/ruou-la-sam-ngoc-linh-chai-250ml\/\" \/>\n<meta property=\"article:modified_time\" content=\"2026-03-09T04:26:42+00:00\" \/>\n<meta property=\"og:image\" content=\"https:\/\/quangminhphat.com.vn\/wp-content\/uploads\/2025\/11\/250ml-2-1.jpg\" \/>\n\t<meta property=\"og:image:width\" content=\"1080\" \/>\n\t<meta property=\"og:image:height\" content=\"1080\" \/>\n\t<meta property=\"og:image:type\" content=\"image\/jpeg\" \/>\n<meta name=\"twitter:card\" content=\"summary_large_image\" \/>\n<meta name=\"twitter:label1\" content=\"\u01af\u1edbc t\u00ednh th\u1eddi gian \u0111\u1ecdc\" \/>\n\t<meta name=\"twitter:data1\" content=\"2 ph\u00fat\" \/>\n<script type=\"application\/ld+json\" class=\"yoast-schema-graph\">{\"@context\":\"https:\/\/schema.org\",\"@graph\":[{\"@type\":\"WebPage\",\"@id\":\"https:\/\/quangminhphat.com.vn\/cua-hang\/ruou-la-sam-ngoc-linh-chai-250ml\/\",\"url\":\"https:\/\/quangminhphat.com.vn\/cua-hang\/ruou-la-sam-ngoc-linh-chai-250ml\/\",\"name\":\"R\u01b0\u1ee3u L\u00e1 S\u00e2m Ng\u1ecdc Linh - Ti\u1ec3u Di\u1ec7p T\u1eedu (chai 250ml) -\",\"isPartOf\":{\"@id\":\"https:\/\/quangminhphat.com.vn\/#website\"},\"primaryImageOfPage\":{\"@id\":\"https:\/\/quangminhphat.com.vn\/cua-hang\/ruou-la-sam-ngoc-linh-chai-250ml\/#primaryimage\"},\"image\":{\"@id\":\"https:\/\/quangminhphat.com.vn\/cua-hang\/ruou-la-sam-ngoc-linh-chai-250ml\/#primaryimage\"},\"thumbnailUrl\":\"https:\/\/quangminhphat.com.vn\/wp-content\/uploads\/2025\/11\/250ml-2-1.jpg\",\"datePublished\":\"2025-11-07T04:21:16+00:00\",\"dateModified\":\"2026-03-09T04:26:42+00:00\",\"breadcrumb\":{\"@id\":\"https:\/\/quangminhphat.com.vn\/cua-hang\/ruou-la-sam-ngoc-linh-chai-250ml\/#breadcrumb\"},\"inLanguage\":\"vi\",\"potentialAction\":[{\"@type\":\"ReadAction\",\"target\":[\"https:\/\/quangminhphat.com.vn\/cua-hang\/ruou-la-sam-ngoc-linh-chai-250ml\/\"]}]},{\"@type\":\"ImageObject\",\"inLanguage\":\"vi\",\"@id\":\"https:\/\/quangminhphat.com.vn\/cua-hang\/ruou-la-sam-ngoc-linh-chai-250ml\/#primaryimage\",\"url\":\"https:\/\/quangminhphat.com.vn\/wp-content\/uploads\/2025\/11\/250ml-2-1.jpg\",\"contentUrl\":\"https:\/\/quangminhphat.com.vn\/wp-content\/uploads\/2025\/11\/250ml-2-1.jpg\",\"width\":1080,\"height\":1080},{\"@type\":\"BreadcrumbList\",\"@id\":\"https:\/\/quangminhphat.com.vn\/cua-hang\/ruou-la-sam-ngoc-linh-chai-250ml\/#breadcrumb\",\"itemListElement\":[{\"@type\":\"ListItem\",\"position\":1,\"name\":\"Home\",\"item\":\"https:\/\/quangminhphat.com.vn\/\"},{\"@type\":\"ListItem\",\"position\":2,\"name\":\"C\u1eeda h\u00e0ng\",\"item\":\"https:\/\/quangminhphat.com.vn\/cua-hang\/\"},{\"@type\":\"ListItem\",\"position\":3,\"name\":\"R\u01b0\u1ee3u L\u00e1 S\u00e2m Ng\u1ecdc Linh &#8211; Ti\u1ec3u Di\u1ec7p T\u1eedu (chai 250ml)\"}]},{\"@type\":\"WebSite\",\"@id\":\"https:\/\/quangminhphat.com.vn\/#website\",\"url\":\"https:\/\/quangminhphat.com.vn\/\",\"name\":\"\",\"description\":\"C\u00f4ng ty TNHH t\u01b0 v\u1ea5n Quang Minh Ph\u00e1t\",\"potentialAction\":[{\"@type\":\"SearchAction\",\"target\":{\"@type\":\"EntryPoint\",\"urlTemplate\":\"https:\/\/quangminhphat.com.vn\/?s={search_term_string}\"},\"query-input\":{\"@type\":\"PropertyValueSpecification\",\"valueRequired\":true,\"valueName\":\"search_term_string\"}}],\"inLanguage\":\"vi\"}]}<\/script>\n<!-- \/ Yoast SEO Premium plugin. -->","yoast_head_json":{"title":"R\u01b0\u1ee3u L\u00e1 S\u00e2m Ng\u1ecdc Linh - Ti\u1ec3u Di\u1ec7p T\u1eedu (chai 250ml) -","robots":{"index":"noindex","follow":"follow","max-snippet":"max-snippet:-1","max-image-preview":"max-image-preview:large","max-video-preview":"max-video-preview:-1"},"og_locale":"vi_VN","og_type":"article","og_title":"R\u01b0\u1ee3u L\u00e1 S\u00e2m Ng\u1ecdc Linh - Ti\u1ec3u Di\u1ec7p T\u1eedu (chai 250ml)","og_description":"R\u01b0\u1ee3u l\u00e1 Ti\u1ec3u Di\u1ec7p T\u1eedu l\u00e0 s\u1ef1 k\u1ebft h\u1ee3p tinh t\u1ebf gi\u1eefa r\u01b0\u1ee3u l\u00faa r\u1eaby v\u00e0 l\u00e1 s\u00e2m Ng\u1ecdc Linh \u2013 d\u01b0\u1ee3c li\u1ec7u qu\u00fd hi\u1ebfm t\u1eeb n\u00fai Ng\u1ecdc Linh, Qu\u1ea3ng Nam. S\u1ea3n ph\u1ea9m s\u1edf h\u1eefu thi\u1ebft k\u1ebf chai th\u1ee7y tinh d\u00e1ng tr\u00f2n, n\u00fat b\u1ea7n sang tr\u1ecdng \u2013 th\u00edch h\u1ee3p bi\u1ebfu t\u1eb7ng.Giao h\u00e0ng to\u00e0n qu\u1ed1c \u2013 Cam k\u1ebft ch\u00ednh h\u00e3ng 100%","og_url":"https:\/\/quangminhphat.com.vn\/vi\/cua-hang\/ruou-la-sam-ngoc-linh-chai-250ml\/","article_modified_time":"2026-03-09T04:26:42+00:00","og_image":[{"width":1080,"height":1080,"url":"https:\/\/quangminhphat.com.vn\/wp-content\/uploads\/2025\/11\/250ml-2-1.jpg","type":"image\/jpeg"}],"twitter_card":"summary_large_image","twitter_misc":{"\u01af\u1edbc t\u00ednh th\u1eddi gian \u0111\u1ecdc":"2 ph\u00fat"},"schema":{"@context":"https:\/\/schema.org","@graph":[{"@type":"WebPage","@id":"https:\/\/quangminhphat.com.vn\/cua-hang\/ruou-la-sam-ngoc-linh-chai-250ml\/","url":"https:\/\/quangminhphat.com.vn\/cua-hang\/ruou-la-sam-ngoc-linh-chai-250ml\/","name":"R\u01b0\u1ee3u L\u00e1 S\u00e2m Ng\u1ecdc Linh - Ti\u1ec3u Di\u1ec7p T\u1eedu (chai 250ml) -","isPartOf":{"@id":"https:\/\/quangminhphat.com.vn\/#website"},"primaryImageOfPage":{"@id":"https:\/\/quangminhphat.com.vn\/cua-hang\/ruou-la-sam-ngoc-linh-chai-250ml\/#primaryimage"},"image":{"@id":"https:\/\/quangminhphat.com.vn\/cua-hang\/ruou-la-sam-ngoc-linh-chai-250ml\/#primaryimage"},"thumbnailUrl":"https:\/\/quangminhphat.com.vn\/wp-content\/uploads\/2025\/11\/250ml-2-1.jpg","datePublished":"2025-11-07T04:21:16+00:00","dateModified":"2026-03-09T04:26:42+00:00","breadcrumb":{"@id":"https:\/\/quangminhphat.com.vn\/cua-hang\/ruou-la-sam-ngoc-linh-chai-250ml\/#breadcrumb"},"inLanguage":"vi","potentialAction":[{"@type":"ReadAction","target":["https:\/\/quangminhphat.com.vn\/cua-hang\/ruou-la-sam-ngoc-linh-chai-250ml\/"]}]},{"@type":"ImageObject","inLanguage":"vi","@id":"https:\/\/quangminhphat.com.vn\/cua-hang\/ruou-la-sam-ngoc-linh-chai-250ml\/#primaryimage","url":"https:\/\/quangminhphat.com.vn\/wp-content\/uploads\/2025\/11\/250ml-2-1.jpg","contentUrl":"https:\/\/quangminhphat.com.vn\/wp-content\/uploads\/2025\/11\/250ml-2-1.jpg","width":1080,"height":1080},{"@type":"BreadcrumbList","@id":"https:\/\/quangminhphat.com.vn\/cua-hang\/ruou-la-sam-ngoc-linh-chai-250ml\/#breadcrumb","itemListElement":[{"@type":"ListItem","position":1,"name":"Home","item":"https:\/\/quangminhphat.com.vn\/"},{"@type":"ListItem","position":2,"name":"C\u1eeda h\u00e0ng","item":"https:\/\/quangminhphat.com.vn\/cua-hang\/"},{"@type":"ListItem","position":3,"name":"R\u01b0\u1ee3u L\u00e1 S\u00e2m Ng\u1ecdc Linh &#8211; Ti\u1ec3u Di\u1ec7p T\u1eedu (chai 250ml)"}]},{"@type":"WebSite","@id":"https:\/\/quangminhphat.com.vn\/#website","url":"https:\/\/quangminhphat.com.vn\/","name":"","description":"C\u00f4ng ty TNHH t\u01b0 v\u1ea5n Quang Minh Ph\u00e1t","potentialAction":[{"@type":"SearchAction","target":{"@type":"EntryPoint","urlTemplate":"https:\/\/quangminhphat.com.vn\/?s={search_term_string}"},"query-input":{"@type":"PropertyValueSpecification","valueRequired":true,"valueName":"search_term_string"}}],"inLanguage":"vi"}]}},"_links":{"self":[{"href":"https:\/\/quangminhphat.com.vn\/vi\/wp-json\/wp\/v2\/product\/1157","targetHints":{"allow":["GET"]}}],"collection":[{"href":"https:\/\/quangminhphat.com.vn\/vi\/wp-json\/wp\/v2\/product"}],"about":[{"href":"https:\/\/quangminhphat.com.vn\/vi\/wp-json\/wp\/v2\/types\/product"}],"replies":[{"embeddable":true,"href":"https:\/\/quangminhphat.com.vn\/vi\/wp-json\/wp\/v2\/comments?post=1157"}],"wp:featuredmedia":[{"embeddable":true,"href":"https:\/\/quangminhphat.com.vn\/vi\/wp-json\/wp\/v2\/media\/1521"}],"wp:attachment":[{"href":"https:\/\/quangminhphat.com.vn\/vi\/wp-json\/wp\/v2\/media?parent=1157"}],"wp:term":[{"taxonomy":"product_brand","embeddable":true,"href":"https:\/\/quangminhphat.com.vn\/vi\/wp-json\/wp\/v2\/product_brand?post=1157"},{"taxonomy":"product_cat","embeddable":true,"href":"https:\/\/quangminhphat.com.vn\/vi\/wp-json\/wp\/v2\/product_cat?post=1157"},{"taxonomy":"product_tag","embeddable":true,"href":"https:\/\/quangminhphat.com.vn\/vi\/wp-json\/wp\/v2\/product_tag?post=1157"}],"curies":[{"name":"wp","href":"https:\/\/api.w.org\/{rel}","templated":true}]}}