










{"id":1504,"date":"2026-03-09T10:33:19","date_gmt":"2026-03-09T03:33:19","guid":{"rendered":"https:\/\/quangminhphat.com.vn\/?post_type=product&#038;p=1504"},"modified":"2026-03-09T11:17:07","modified_gmt":"2026-03-09T04:17:07","slug":"sam-ngam-mat-ong-35gr-hu-han-360ml","status":"publish","type":"product","link":"https:\/\/quangminhphat.com.vn\/vi\/cua-hang\/sam-ngam-mat-ong-35gr-hu-han-360ml\/","title":{"rendered":"S\u00e2m Ng\u00e2m M\u1eadt Ong 35gr (H\u0169 H\u00e0n 360ml)"},"content":{"rendered":"<p>H\u0169 360ml<\/p>","protected":false},"excerpt":{"rendered":"<p>H\u0169 360ml<\/p>","protected":false},"featured_media":1510,"comment_status":"open","ping_status":"closed","template":"","meta":[],"product_brand":[],"product_cat":[26],"product_tag":[],"class_list":{"0":"post-1504","1":"product","2":"type-product","3":"status-publish","4":"has-post-thumbnail","6":"product_cat-chua-phan-loai","8":"first","9":"instock","10":"shipping-taxable","11":"purchasable","12":"product-type-simple"},"yoast_head":"<!-- This site is optimized with the Yoast SEO Premium plugin v20.5 (Yoast SEO v27.1.1) - https:\/\/yoast.com\/product\/yoast-seo-premium-wordpress\/ -->\n<title>S\u00e2m Ng\u00e2m M\u1eadt Ong 35gr (H\u0169 H\u00e0n 360ml) -<\/title>\n<meta name=\"robots\" content=\"noindex, follow, max-snippet:-1, max-image-preview:large, max-video-preview:-1\" \/>\n<meta property=\"og:locale\" content=\"vi_VN\" \/>\n<meta property=\"og:type\" content=\"article\" \/>\n<meta property=\"og:title\" content=\"S\u00e2m Ng\u00e2m M\u1eadt Ong 35gr (H\u0169 H\u00e0n 360ml)\" \/>\n<meta property=\"og:description\" content=\"H\u0169 360ml\" \/>\n<meta property=\"og:url\" content=\"https:\/\/quangminhphat.com.vn\/vi\/cua-hang\/sam-ngam-mat-ong-35gr-hu-han-360ml\/\" \/>\n<meta property=\"article:modified_time\" content=\"2026-03-09T04:17:07+00:00\" \/>\n<meta property=\"og:image\" content=\"https:\/\/quangminhphat.com.vn\/wp-content\/uploads\/2026\/03\/Picture31.png\" \/>\n\t<meta property=\"og:image:width\" content=\"339\" \/>\n\t<meta property=\"og:image:height\" content=\"347\" \/>\n\t<meta property=\"og:image:type\" content=\"image\/png\" \/>\n<meta name=\"twitter:card\" content=\"summary_large_image\" \/>\n<script type=\"application\/ld+json\" class=\"yoast-schema-graph\">{\"@context\":\"https:\/\/schema.org\",\"@graph\":[{\"@type\":\"WebPage\",\"@id\":\"https:\/\/quangminhphat.com.vn\/cua-hang\/sam-ngam-mat-ong-35gr-hu-han-360ml\/\",\"url\":\"https:\/\/quangminhphat.com.vn\/cua-hang\/sam-ngam-mat-ong-35gr-hu-han-360ml\/\",\"name\":\"S\u00e2m Ng\u00e2m M\u1eadt Ong 35gr (H\u0169 H\u00e0n 360ml) -\",\"isPartOf\":{\"@id\":\"https:\/\/quangminhphat.com.vn\/#website\"},\"primaryImageOfPage\":{\"@id\":\"https:\/\/quangminhphat.com.vn\/cua-hang\/sam-ngam-mat-ong-35gr-hu-han-360ml\/#primaryimage\"},\"image\":{\"@id\":\"https:\/\/quangminhphat.com.vn\/cua-hang\/sam-ngam-mat-ong-35gr-hu-han-360ml\/#primaryimage\"},\"thumbnailUrl\":\"https:\/\/quangminhphat.com.vn\/wp-content\/uploads\/2026\/03\/Picture31.png\",\"datePublished\":\"2026-03-09T03:33:19+00:00\",\"dateModified\":\"2026-03-09T04:17:07+00:00\",\"breadcrumb\":{\"@id\":\"https:\/\/quangminhphat.com.vn\/cua-hang\/sam-ngam-mat-ong-35gr-hu-han-360ml\/#breadcrumb\"},\"inLanguage\":\"vi\",\"potentialAction\":[{\"@type\":\"ReadAction\",\"target\":[\"https:\/\/quangminhphat.com.vn\/cua-hang\/sam-ngam-mat-ong-35gr-hu-han-360ml\/\"]}]},{\"@type\":\"ImageObject\",\"inLanguage\":\"vi\",\"@id\":\"https:\/\/quangminhphat.com.vn\/cua-hang\/sam-ngam-mat-ong-35gr-hu-han-360ml\/#primaryimage\",\"url\":\"https:\/\/quangminhphat.com.vn\/wp-content\/uploads\/2026\/03\/Picture31.png\",\"contentUrl\":\"https:\/\/quangminhphat.com.vn\/wp-content\/uploads\/2026\/03\/Picture31.png\",\"width\":339,\"height\":347},{\"@type\":\"BreadcrumbList\",\"@id\":\"https:\/\/quangminhphat.com.vn\/cua-hang\/sam-ngam-mat-ong-35gr-hu-han-360ml\/#breadcrumb\",\"itemListElement\":[{\"@type\":\"ListItem\",\"position\":1,\"name\":\"Home\",\"item\":\"https:\/\/quangminhphat.com.vn\/\"},{\"@type\":\"ListItem\",\"position\":2,\"name\":\"C\u1eeda h\u00e0ng\",\"item\":\"https:\/\/quangminhphat.com.vn\/cua-hang\/\"},{\"@type\":\"ListItem\",\"position\":3,\"name\":\"S\u00e2m Ng\u00e2m M\u1eadt Ong 35gr (H\u0169 H\u00e0n 360ml)\"}]},{\"@type\":\"WebSite\",\"@id\":\"https:\/\/quangminhphat.com.vn\/#website\",\"url\":\"https:\/\/quangminhphat.com.vn\/\",\"name\":\"\",\"description\":\"C\u00f4ng ty TNHH t\u01b0 v\u1ea5n Quang Minh Ph\u00e1t\",\"potentialAction\":[{\"@type\":\"SearchAction\",\"target\":{\"@type\":\"EntryPoint\",\"urlTemplate\":\"https:\/\/quangminhphat.com.vn\/?s={search_term_string}\"},\"query-input\":{\"@type\":\"PropertyValueSpecification\",\"valueRequired\":true,\"valueName\":\"search_term_string\"}}],\"inLanguage\":\"vi\"}]}<\/script>\n<!-- \/ Yoast SEO Premium plugin. -->","yoast_head_json":{"title":"S\u00e2m Ng\u00e2m M\u1eadt Ong 35gr (H\u0169 H\u00e0n 360ml) -","robots":{"index":"noindex","follow":"follow","max-snippet":"max-snippet:-1","max-image-preview":"max-image-preview:large","max-video-preview":"max-video-preview:-1"},"og_locale":"vi_VN","og_type":"article","og_title":"S\u00e2m Ng\u00e2m M\u1eadt Ong 35gr (H\u0169 H\u00e0n 360ml)","og_description":"H\u0169 360ml","og_url":"https:\/\/quangminhphat.com.vn\/vi\/cua-hang\/sam-ngam-mat-ong-35gr-hu-han-360ml\/","article_modified_time":"2026-03-09T04:17:07+00:00","og_image":[{"width":339,"height":347,"url":"https:\/\/quangminhphat.com.vn\/wp-content\/uploads\/2026\/03\/Picture31.png","type":"image\/png"}],"twitter_card":"summary_large_image","schema":{"@context":"https:\/\/schema.org","@graph":[{"@type":"WebPage","@id":"https:\/\/quangminhphat.com.vn\/cua-hang\/sam-ngam-mat-ong-35gr-hu-han-360ml\/","url":"https:\/\/quangminhphat.com.vn\/cua-hang\/sam-ngam-mat-ong-35gr-hu-han-360ml\/","name":"S\u00e2m Ng\u00e2m M\u1eadt Ong 35gr (H\u0169 H\u00e0n 360ml) -","isPartOf":{"@id":"https:\/\/quangminhphat.com.vn\/#website"},"primaryImageOfPage":{"@id":"https:\/\/quangminhphat.com.vn\/cua-hang\/sam-ngam-mat-ong-35gr-hu-han-360ml\/#primaryimage"},"image":{"@id":"https:\/\/quangminhphat.com.vn\/cua-hang\/sam-ngam-mat-ong-35gr-hu-han-360ml\/#primaryimage"},"thumbnailUrl":"https:\/\/quangminhphat.com.vn\/wp-content\/uploads\/2026\/03\/Picture31.png","datePublished":"2026-03-09T03:33:19+00:00","dateModified":"2026-03-09T04:17:07+00:00","breadcrumb":{"@id":"https:\/\/quangminhphat.com.vn\/cua-hang\/sam-ngam-mat-ong-35gr-hu-han-360ml\/#breadcrumb"},"inLanguage":"vi","potentialAction":[{"@type":"ReadAction","target":["https:\/\/quangminhphat.com.vn\/cua-hang\/sam-ngam-mat-ong-35gr-hu-han-360ml\/"]}]},{"@type":"ImageObject","inLanguage":"vi","@id":"https:\/\/quangminhphat.com.vn\/cua-hang\/sam-ngam-mat-ong-35gr-hu-han-360ml\/#primaryimage","url":"https:\/\/quangminhphat.com.vn\/wp-content\/uploads\/2026\/03\/Picture31.png","contentUrl":"https:\/\/quangminhphat.com.vn\/wp-content\/uploads\/2026\/03\/Picture31.png","width":339,"height":347},{"@type":"BreadcrumbList","@id":"https:\/\/quangminhphat.com.vn\/cua-hang\/sam-ngam-mat-ong-35gr-hu-han-360ml\/#breadcrumb","itemListElement":[{"@type":"ListItem","position":1,"name":"Home","item":"https:\/\/quangminhphat.com.vn\/"},{"@type":"ListItem","position":2,"name":"C\u1eeda h\u00e0ng","item":"https:\/\/quangminhphat.com.vn\/cua-hang\/"},{"@type":"ListItem","position":3,"name":"S\u00e2m Ng\u00e2m M\u1eadt Ong 35gr (H\u0169 H\u00e0n 360ml)"}]},{"@type":"WebSite","@id":"https:\/\/quangminhphat.com.vn\/#website","url":"https:\/\/quangminhphat.com.vn\/","name":"","description":"C\u00f4ng ty TNHH t\u01b0 v\u1ea5n Quang Minh Ph\u00e1t","potentialAction":[{"@type":"SearchAction","target":{"@type":"EntryPoint","urlTemplate":"https:\/\/quangminhphat.com.vn\/?s={search_term_string}"},"query-input":{"@type":"PropertyValueSpecification","valueRequired":true,"valueName":"search_term_string"}}],"inLanguage":"vi"}]}},"_links":{"self":[{"href":"https:\/\/quangminhphat.com.vn\/vi\/wp-json\/wp\/v2\/product\/1504","targetHints":{"allow":["GET"]}}],"collection":[{"href":"https:\/\/quangminhphat.com.vn\/vi\/wp-json\/wp\/v2\/product"}],"about":[{"href":"https:\/\/quangminhphat.com.vn\/vi\/wp-json\/wp\/v2\/types\/product"}],"replies":[{"embeddable":true,"href":"https:\/\/quangminhphat.com.vn\/vi\/wp-json\/wp\/v2\/comments?post=1504"}],"wp:featuredmedia":[{"embeddable":true,"href":"https:\/\/quangminhphat.com.vn\/vi\/wp-json\/wp\/v2\/media\/1510"}],"wp:attachment":[{"href":"https:\/\/quangminhphat.com.vn\/vi\/wp-json\/wp\/v2\/media?parent=1504"}],"wp:term":[{"taxonomy":"product_brand","embeddable":true,"href":"https:\/\/quangminhphat.com.vn\/vi\/wp-json\/wp\/v2\/product_brand?post=1504"},{"taxonomy":"product_cat","embeddable":true,"href":"https:\/\/quangminhphat.com.vn\/vi\/wp-json\/wp\/v2\/product_cat?post=1504"},{"taxonomy":"product_tag","embeddable":true,"href":"https:\/\/quangminhphat.com.vn\/vi\/wp-json\/wp\/v2\/product_tag?post=1504"}],"curies":[{"name":"wp","href":"https:\/\/api.w.org\/{rel}","templated":true}]}}